{"id":10283,"date":"2021-02-05T10:32:20","date_gmt":"2021-02-05T09:32:20","guid":{"rendered":"https:\/\/www.lactalisingredients.com\/?page_id=10283"},"modified":"2024-12-04T15:31:57","modified_gmt":"2024-12-04T14:31:57","slug":"pronativ-caseine-micellaire-native","status":"publish","type":"page","link":"https:\/\/www.lactalisingredients.com\/fr\/produits-ingredients-laitiers\/proteines-et-mineraux\/pronativ-caseine-micellaire-native\/","title":{"rendered":"Pronativ\u00ae &#8211; Cas\u00e9ine Micellaire Native"},"content":{"rendered":"<p>Pronativ\u00ae &#8211; Cas\u00e9ine Micellaire Native est un isolat de prot\u00e9ines de lait enrichi en cas\u00e9ines micellaires : 90% contre 80% dans le lait d\u2019origine.<\/p>\n<p>Chez LACTALIS Ingredients, nous allions expertise, confiance et engagement pour fournir les meilleurs ingr\u00e9dients laitiers. Nous avons \u00e9t\u00e9 les premiers \u00e0 explorer le domaine des prot\u00e9ines natives, en perfectionnant une technique permettant l\u2019extraction en douceur des prot\u00e9ines de lait, directement issue du lait.<\/p>\n<p>Pronativ\u00ae &#8211; Cas\u00e9ine Micellaire Native, est <strong>une prot\u00e9ine pure et naturelle<\/strong>, issue de lait frais de qualit\u00e9. Gr\u00e2ce \u00e0 notre m\u00e9thode de filtration \u00e0 froid, nous sommes en mesure d\u2019extraire Pronativ\u00ae directement du lait avec un minimum de traitement, sans ajouter d\u2019additifs ou de produits chimiques. Ce proc\u00e9d\u00e9 permet de conserver la prot\u00e9ine dans sa forme la plus pure, sa forme native, et donc tr\u00e8s proche de sa forme naturelle dans le lait. Et parce que le proc\u00e9d\u00e9 est peu d\u00e9naturant, la valeur nutritionnelle de la cas\u00e9ine micellaire Pronativ\u00ae est intacte.<\/p>\n<p>Combinant des propri\u00e9t\u00e9s nutritionnelles et fonctionnelles sup\u00e9rieures, Pronativ\u00ae &#8211; Cas\u00e9ine Micellaire Native est id\u00e9ale pour r\u00e9pondre aux besoins uniques de l\u2019industrie de la nutrition et des consommateurs. Qu\u2019ils cherchent \u00e0 adopter un <a href=\"https:\/\/www.lactalisingredients.com\/fr\/applications\/nutrition-active-et-sportive\/\">mode de vie sain et actif<\/a>, ou <a href=\"https:\/\/www.lactalisingredients.com\/fr\/applications\/le-bien-vieillir-et-la-nutrition-clinique\/\">vieillir en bonne sant\u00e9<\/a>, Pronativ\u00ae peut \u00eatre utilis\u00e9e dans une grande vari\u00e9t\u00e9 de produits, telle que les boissons pr\u00eates \u00e0 boires et les cr\u00e8mes desserts.<\/p>\n<p>En tant que producteur de cas\u00e9ine micellaire, LACTALIS Ingredients propose une gamme d\u2019isolat de cas\u00e9ine micellaire en poudre pour r\u00e9pondre au mieux aux sp\u00e9cificit\u00e9s de vos produits :<\/p>\n<ul class=\"ul\">\n<li>87% de prot\u00e9ines sur extrait sec<\/li>\n<li>Origine France disponible<\/li>\n<\/ul>\n","protected":false},"excerpt":{"rendered":"<p>Pronativ\u00ae &#8211; Cas\u00e9ine Micellaire Native est un isolat de prot\u00e9ines [&hellip;]<\/p>\n","protected":false},"author":2,"featured_media":18616,"parent":7087,"menu_order":6,"comment_status":"closed","ping_status":"closed","template":"page-ss-ss-product.php","meta":{"_acf_changed":false,"footnotes":""},"class_list":["post-10283","page","type-page","status-publish","has-post-thumbnail","hentry"],"acf":[],"yoast_head":"<!-- This site is optimized with the Yoast SEO plugin v25.2 - https:\/\/yoast.com\/wordpress\/plugins\/seo\/ -->\n<title>Pronativ\u00ae - Cas\u00e9ine Micellaire Native<\/title>\n<meta name=\"description\" content=\"Pronativ\u00ae - Cas\u00e9ine Micellaire Native\" \/>\n<meta name=\"robots\" content=\"index, follow, max-snippet:-1, max-image-preview:large, max-video-preview:-1\" \/>\n<link rel=\"canonical\" href=\"https:\/\/www.lactalisingredients.com\/fr\/produits-ingredients-laitiers\/proteines-et-mineraux\/pronativ-caseine-micellaire-native\/\" \/>\n<meta property=\"og:locale\" content=\"fr_FR\" \/>\n<meta property=\"og:type\" content=\"article\" \/>\n<meta property=\"og:title\" content=\"Pronativ\u00ae - Cas\u00e9ine Micellaire Native\" \/>\n<meta property=\"og:description\" content=\"Pronativ\u00ae - Cas\u00e9ine Micellaire Native\" \/>\n<meta property=\"og:url\" content=\"https:\/\/www.lactalisingredients.com\/fr\/produits-ingredients-laitiers\/proteines-et-mineraux\/pronativ-caseine-micellaire-native\/\" \/>\n<meta property=\"og:site_name\" content=\"Lactalis Ingredients\" \/>\n<meta property=\"article:modified_time\" content=\"2024-12-04T14:31:57+00:00\" \/>\n<meta property=\"og:image\" content=\"https:\/\/www.lactalisingredients.com\/wp-content\/uploads\/2024\/12\/bandeau-page-pronativ-NMC.jpg\" \/>\n\t<meta property=\"og:image:width\" content=\"1920\" \/>\n\t<meta property=\"og:image:height\" content=\"520\" \/>\n\t<meta property=\"og:image:type\" content=\"image\/jpeg\" \/>\n<meta name=\"twitter:label1\" content=\"Est. reading time\" \/>\n\t<meta name=\"twitter:data1\" content=\"2 minutes\" \/>\n<script type=\"application\/ld+json\" class=\"yoast-schema-graph\">{\"@context\":\"https:\/\/schema.org\",\"@graph\":[{\"@type\":\"WebPage\",\"@id\":\"https:\/\/www.lactalisingredients.com\/fr\/produits-ingredients-laitiers\/proteines-et-mineraux\/pronativ-caseine-micellaire-native\/\",\"url\":\"https:\/\/www.lactalisingredients.com\/fr\/produits-ingredients-laitiers\/proteines-et-mineraux\/pronativ-caseine-micellaire-native\/\",\"name\":\"Pronativ\u00ae - Cas\u00e9ine Micellaire Native\",\"isPartOf\":{\"@id\":\"https:\/\/www.lactalisingredients.com\/fr\/#website\"},\"primaryImageOfPage\":{\"@id\":\"https:\/\/www.lactalisingredients.com\/fr\/produits-ingredients-laitiers\/proteines-et-mineraux\/pronativ-caseine-micellaire-native\/#primaryimage\"},\"image\":{\"@id\":\"https:\/\/www.lactalisingredients.com\/fr\/produits-ingredients-laitiers\/proteines-et-mineraux\/pronativ-caseine-micellaire-native\/#primaryimage\"},\"thumbnailUrl\":\"https:\/\/www.lactalisingredients.com\/wp-content\/uploads\/2024\/12\/bandeau-page-pronativ-NMC.jpg\",\"datePublished\":\"2021-02-05T09:32:20+00:00\",\"dateModified\":\"2024-12-04T14:31:57+00:00\",\"description\":\"Pronativ\u00ae - Cas\u00e9ine Micellaire Native\",\"breadcrumb\":{\"@id\":\"https:\/\/www.lactalisingredients.com\/fr\/produits-ingredients-laitiers\/proteines-et-mineraux\/pronativ-caseine-micellaire-native\/#breadcrumb\"},\"inLanguage\":\"fr-FR\",\"potentialAction\":[{\"@type\":\"ReadAction\",\"target\":[\"https:\/\/www.lactalisingredients.com\/fr\/produits-ingredients-laitiers\/proteines-et-mineraux\/pronativ-caseine-micellaire-native\/\"]}]},{\"@type\":\"ImageObject\",\"inLanguage\":\"fr-FR\",\"@id\":\"https:\/\/www.lactalisingredients.com\/fr\/produits-ingredients-laitiers\/proteines-et-mineraux\/pronativ-caseine-micellaire-native\/#primaryimage\",\"url\":\"https:\/\/www.lactalisingredients.com\/wp-content\/uploads\/2024\/12\/bandeau-page-pronativ-NMC.jpg\",\"contentUrl\":\"https:\/\/www.lactalisingredients.com\/wp-content\/uploads\/2024\/12\/bandeau-page-pronativ-NMC.jpg\",\"width\":1920,\"height\":520},{\"@type\":\"BreadcrumbList\",\"@id\":\"https:\/\/www.lactalisingredients.com\/fr\/produits-ingredients-laitiers\/proteines-et-mineraux\/pronativ-caseine-micellaire-native\/#breadcrumb\",\"itemListElement\":[{\"@type\":\"ListItem\",\"position\":1,\"name\":\"Accueil\",\"item\":\"https:\/\/www.lactalisingredients.com\/fr\/\"},{\"@type\":\"ListItem\",\"position\":2,\"name\":\"Nos produits\",\"item\":\"https:\/\/www.lactalisingredients.com\/fr\/produits-ingredients-laitiers\/\"},{\"@type\":\"ListItem\",\"position\":3,\"name\":\"Prot\u00e9ines\",\"item\":\"https:\/\/www.lactalisingredients.com\/fr\/produits-ingredients-laitiers\/proteines-et-mineraux\/\"},{\"@type\":\"ListItem\",\"position\":4,\"name\":\"Pronativ\u00ae &#8211; Cas\u00e9ine Micellaire Native\"}]},{\"@type\":\"WebSite\",\"@id\":\"https:\/\/www.lactalisingredients.com\/fr\/#website\",\"url\":\"https:\/\/www.lactalisingredients.com\/fr\/\",\"name\":\"Lactalis Ingredients\",\"description\":\"\",\"publisher\":{\"@id\":\"https:\/\/www.lactalisingredients.com\/fr\/#organization\"},\"potentialAction\":[{\"@type\":\"SearchAction\",\"target\":{\"@type\":\"EntryPoint\",\"urlTemplate\":\"https:\/\/www.lactalisingredients.com\/fr\/?s={search_term_string}\"},\"query-input\":{\"@type\":\"PropertyValueSpecification\",\"valueRequired\":true,\"valueName\":\"search_term_string\"}}],\"inLanguage\":\"fr-FR\"},{\"@type\":\"Organization\",\"@id\":\"https:\/\/www.lactalisingredients.com\/fr\/#organization\",\"name\":\"Lactalis Ingredients\",\"url\":\"https:\/\/www.lactalisingredients.com\/fr\/\",\"logo\":{\"@type\":\"ImageObject\",\"inLanguage\":\"fr-FR\",\"@id\":\"https:\/\/www.lactalisingredients.com\/fr\/#\/schema\/logo\/image\/\",\"url\":\"https:\/\/www.lactalisingredients.com\/wp-content\/uploads\/2019\/05\/logo-lactalise-history.jpg\",\"contentUrl\":\"https:\/\/www.lactalisingredients.com\/wp-content\/uploads\/2019\/05\/logo-lactalise-history.jpg\",\"width\":242,\"height\":81,\"caption\":\"Lactalis Ingredients\"},\"image\":{\"@id\":\"https:\/\/www.lactalisingredients.com\/fr\/#\/schema\/logo\/image\/\"}}]}<\/script>\n<!-- \/ Yoast SEO plugin. -->","yoast_head_json":{"title":"Pronativ\u00ae - Cas\u00e9ine Micellaire Native","description":"Pronativ\u00ae - Cas\u00e9ine Micellaire Native","robots":{"index":"index","follow":"follow","max-snippet":"max-snippet:-1","max-image-preview":"max-image-preview:large","max-video-preview":"max-video-preview:-1"},"canonical":"https:\/\/www.lactalisingredients.com\/fr\/produits-ingredients-laitiers\/proteines-et-mineraux\/pronativ-caseine-micellaire-native\/","og_locale":"fr_FR","og_type":"article","og_title":"Pronativ\u00ae - Cas\u00e9ine Micellaire Native","og_description":"Pronativ\u00ae - Cas\u00e9ine Micellaire Native","og_url":"https:\/\/www.lactalisingredients.com\/fr\/produits-ingredients-laitiers\/proteines-et-mineraux\/pronativ-caseine-micellaire-native\/","og_site_name":"Lactalis Ingredients","article_modified_time":"2024-12-04T14:31:57+00:00","og_image":[{"width":1920,"height":520,"url":"https:\/\/www.lactalisingredients.com\/wp-content\/uploads\/2024\/12\/bandeau-page-pronativ-NMC.jpg","type":"image\/jpeg"}],"twitter_misc":{"Est. reading time":"2 minutes"},"schema":{"@context":"https:\/\/schema.org","@graph":[{"@type":"WebPage","@id":"https:\/\/www.lactalisingredients.com\/fr\/produits-ingredients-laitiers\/proteines-et-mineraux\/pronativ-caseine-micellaire-native\/","url":"https:\/\/www.lactalisingredients.com\/fr\/produits-ingredients-laitiers\/proteines-et-mineraux\/pronativ-caseine-micellaire-native\/","name":"Pronativ\u00ae - Cas\u00e9ine Micellaire Native","isPartOf":{"@id":"https:\/\/www.lactalisingredients.com\/fr\/#website"},"primaryImageOfPage":{"@id":"https:\/\/www.lactalisingredients.com\/fr\/produits-ingredients-laitiers\/proteines-et-mineraux\/pronativ-caseine-micellaire-native\/#primaryimage"},"image":{"@id":"https:\/\/www.lactalisingredients.com\/fr\/produits-ingredients-laitiers\/proteines-et-mineraux\/pronativ-caseine-micellaire-native\/#primaryimage"},"thumbnailUrl":"https:\/\/www.lactalisingredients.com\/wp-content\/uploads\/2024\/12\/bandeau-page-pronativ-NMC.jpg","datePublished":"2021-02-05T09:32:20+00:00","dateModified":"2024-12-04T14:31:57+00:00","description":"Pronativ\u00ae - Cas\u00e9ine Micellaire Native","breadcrumb":{"@id":"https:\/\/www.lactalisingredients.com\/fr\/produits-ingredients-laitiers\/proteines-et-mineraux\/pronativ-caseine-micellaire-native\/#breadcrumb"},"inLanguage":"fr-FR","potentialAction":[{"@type":"ReadAction","target":["https:\/\/www.lactalisingredients.com\/fr\/produits-ingredients-laitiers\/proteines-et-mineraux\/pronativ-caseine-micellaire-native\/"]}]},{"@type":"ImageObject","inLanguage":"fr-FR","@id":"https:\/\/www.lactalisingredients.com\/fr\/produits-ingredients-laitiers\/proteines-et-mineraux\/pronativ-caseine-micellaire-native\/#primaryimage","url":"https:\/\/www.lactalisingredients.com\/wp-content\/uploads\/2024\/12\/bandeau-page-pronativ-NMC.jpg","contentUrl":"https:\/\/www.lactalisingredients.com\/wp-content\/uploads\/2024\/12\/bandeau-page-pronativ-NMC.jpg","width":1920,"height":520},{"@type":"BreadcrumbList","@id":"https:\/\/www.lactalisingredients.com\/fr\/produits-ingredients-laitiers\/proteines-et-mineraux\/pronativ-caseine-micellaire-native\/#breadcrumb","itemListElement":[{"@type":"ListItem","position":1,"name":"Accueil","item":"https:\/\/www.lactalisingredients.com\/fr\/"},{"@type":"ListItem","position":2,"name":"Nos produits","item":"https:\/\/www.lactalisingredients.com\/fr\/produits-ingredients-laitiers\/"},{"@type":"ListItem","position":3,"name":"Prot\u00e9ines","item":"https:\/\/www.lactalisingredients.com\/fr\/produits-ingredients-laitiers\/proteines-et-mineraux\/"},{"@type":"ListItem","position":4,"name":"Pronativ\u00ae &#8211; Cas\u00e9ine Micellaire Native"}]},{"@type":"WebSite","@id":"https:\/\/www.lactalisingredients.com\/fr\/#website","url":"https:\/\/www.lactalisingredients.com\/fr\/","name":"Lactalis Ingredients","description":"","publisher":{"@id":"https:\/\/www.lactalisingredients.com\/fr\/#organization"},"potentialAction":[{"@type":"SearchAction","target":{"@type":"EntryPoint","urlTemplate":"https:\/\/www.lactalisingredients.com\/fr\/?s={search_term_string}"},"query-input":{"@type":"PropertyValueSpecification","valueRequired":true,"valueName":"search_term_string"}}],"inLanguage":"fr-FR"},{"@type":"Organization","@id":"https:\/\/www.lactalisingredients.com\/fr\/#organization","name":"Lactalis Ingredients","url":"https:\/\/www.lactalisingredients.com\/fr\/","logo":{"@type":"ImageObject","inLanguage":"fr-FR","@id":"https:\/\/www.lactalisingredients.com\/fr\/#\/schema\/logo\/image\/","url":"https:\/\/www.lactalisingredients.com\/wp-content\/uploads\/2019\/05\/logo-lactalise-history.jpg","contentUrl":"https:\/\/www.lactalisingredients.com\/wp-content\/uploads\/2019\/05\/logo-lactalise-history.jpg","width":242,"height":81,"caption":"Lactalis Ingredients"},"image":{"@id":"https:\/\/www.lactalisingredients.com\/fr\/#\/schema\/logo\/image\/"}}]}},"_links":{"self":[{"href":"https:\/\/www.lactalisingredients.com\/fr\/wp-json\/wp\/v2\/pages\/10283","targetHints":{"allow":["GET"]}}],"collection":[{"href":"https:\/\/www.lactalisingredients.com\/fr\/wp-json\/wp\/v2\/pages"}],"about":[{"href":"https:\/\/www.lactalisingredients.com\/fr\/wp-json\/wp\/v2\/types\/page"}],"author":[{"embeddable":true,"href":"https:\/\/www.lactalisingredients.com\/fr\/wp-json\/wp\/v2\/users\/2"}],"replies":[{"embeddable":true,"href":"https:\/\/www.lactalisingredients.com\/fr\/wp-json\/wp\/v2\/comments?post=10283"}],"version-history":[{"count":7,"href":"https:\/\/www.lactalisingredients.com\/fr\/wp-json\/wp\/v2\/pages\/10283\/revisions"}],"predecessor-version":[{"id":18624,"href":"https:\/\/www.lactalisingredients.com\/fr\/wp-json\/wp\/v2\/pages\/10283\/revisions\/18624"}],"up":[{"embeddable":true,"href":"https:\/\/www.lactalisingredients.com\/fr\/wp-json\/wp\/v2\/pages\/7087"}],"wp:featuredmedia":[{"embeddable":true,"href":"https:\/\/www.lactalisingredients.com\/fr\/wp-json\/wp\/v2\/media\/18616"}],"wp:attachment":[{"href":"https:\/\/www.lactalisingredients.com\/fr\/wp-json\/wp\/v2\/media?parent=10283"}],"curies":[{"name":"wp","href":"https:\/\/api.w.org\/{rel}","templated":true}]}}