{"id":285222,"date":"2025-07-25T08:43:46","date_gmt":"2025-07-25T07:43:46","guid":{"rendered":"https:\/\/www.lactalisingredients.com\/?page_id=285222"},"modified":"2026-02-18T09:37:23","modified_gmt":"2026-02-18T08:37:23","slug":"accessibilite","status":"publish","type":"page","link":"https:\/\/www.lactalisingredients.com\/fr\/accessibilite\/","title":{"rendered":"Accessibilit\u00e9"},"content":{"rendered":"<h2>D\u00e9claration d&#8217;accessibilit\u00e9<\/h2>\n<p>LACTALIS INGR\u00c9DIENTS s\u2019engage \u00e0 rendre son (ses) site(s) internet, intranet, extranet et son (ses) application(s) mobile(s), etc. accessibles conform\u00e9ment \u00e0 l\u2019article 47 de la loi n\u00b0 2005-102 du 11 f\u00e9vrier 2005.<\/p>\n<p>\u00c0 cette fin, il met en \u0153uvre la strat\u00e9gie et les actions suivantes :<\/p>\n<ul class=\"ul\">\n<li><a href=\"https:\/\/www.lactalis.com\/schema-pluriannuel-2025-2027-de-mise-en-accessibilite-numerique-du-groupe-lactalis\/\" target=\"_blank\" rel=\"noopener\">Sch\u00e9ma pluriannuel<\/a><\/li>\n<li>Plan d\u2019action :<\/li>\n<\/ul>\n<table cellspacing=\"0\" cellpadding=\"0\">\n<tbody>\n<tr>\n<td valign=\"middle\"><span style=\"color: #000000; font-family: Helvetica; font-size: medium;\"><b>Action<\/b><b><\/b><\/span><\/td>\n<td valign=\"middle\"><span style=\"color: #000000; font-family: Helvetica; font-size: medium;\"><b>Date cible<\/b><b><\/b><\/span><\/td>\n<td valign=\"middle\"><span style=\"color: #000000; font-family: Helvetica; font-size: medium;\"><b>Etat<\/b><b><\/b><\/span><\/td>\n<\/tr>\n<tr>\n<td valign=\"middle\"><span style=\"color: #000000; font-family: Helvetica; font-size: medium;\">Mise en ligne du sch\u00e9ma pluriannuel d\u2019accessibilit\u00e9 num\u00e9rique 2025-2027<\/span><\/td>\n<td valign=\"middle\"><span style=\"color: #000000; font-family: Helvetica; font-size: medium;\">Juin 2025<\/span><\/td>\n<td valign=\"middle\"><span style=\"color: #000000; font-family: Helvetica; font-size: medium;\">R\u00e9alis\u00e9<\/span><\/td>\n<\/tr>\n<tr>\n<td valign=\"middle\"><span style=\"color: #000000; font-family: Helvetica; font-size: medium;\">Mise en ligne du plan d\u2019action annuel 2025-2026 du site<\/span><\/td>\n<td valign=\"middle\"><span style=\"color: #000000; font-family: Helvetica; font-size: medium;\">Juin 2025<\/span><\/td>\n<td valign=\"middle\"><span style=\"color: #000000; font-family: Helvetica; font-size: medium;\">R\u00e9alis\u00e9<\/span><\/td>\n<\/tr>\n<tr>\n<td valign=\"middle\"><span style=\"color: #000000; font-family: Helvetica; font-size: medium;\">Cr\u00e9ation d\u2019une page d\u00e9di\u00e9e \u00e0 l\u2019accessibilit\u00e9 num\u00e9rique (avec lien)<\/span><\/td>\n<td valign=\"middle\"><span style=\"color: #000000; font-family: Helvetica; font-size: medium;\">Juin 2025<\/span><\/td>\n<td valign=\"middle\"><span style=\"color: #000000; font-family: Helvetica; font-size: medium;\">R\u00e9alis\u00e9<\/span><\/td>\n<\/tr>\n<tr>\n<td valign=\"middle\"><span style=\"color: #000000; font-family: Helvetica; font-size: medium;\">Sensibilisation de l\u2019\u00e9quipe marketing responsable du site<\/span><\/td>\n<td valign=\"middle\"><span style=\"color: #000000; font-family: Helvetica; font-size: medium;\">Juin 2025<\/span><\/td>\n<td valign=\"middle\"><span style=\"color: #000000; font-family: Helvetica; font-size: medium;\">R\u00e9alis\u00e9<\/span><\/td>\n<\/tr>\n<tr>\n<td valign=\"middle\"><span style=\"color: #000000; font-family: Helvetica; font-size: medium;\">Sensibilisation de l\u2019agence marketing en charge du site<\/span><\/td>\n<td valign=\"middle\"><span style=\"color: #000000; font-family: Helvetica; font-size: medium;\">Juin 2025<\/span><\/td>\n<td valign=\"middle\"><span style=\"color: #000000; font-family: Helvetica; font-size: medium;\">R\u00e9alis\u00e9<\/span><\/td>\n<\/tr>\n<tr>\n<td valign=\"middle\"><span style=\"color: #000000; font-family: Helvetica; font-size: medium;\">Identification d\u2019un partenaire pour l\u2019accompagnement \u00e0 l\u2019audit du site<\/span><\/td>\n<td valign=\"middle\"><span style=\"color: #000000; font-family: Helvetica; font-size: medium;\">Q3 2025<\/span><\/td>\n<td valign=\"middle\"><span style=\"color: #000000; font-family: Helvetica; font-size: medium;\">Pr\u00e9vu<\/span><\/td>\n<\/tr>\n<tr>\n<td valign=\"middle\"><span style=\"color: #000000; font-family: Helvetica; font-size: medium;\">R\u00e9alisation de l\u2019audit d\u2019accessibilit\u00e9 du site<\/span><\/td>\n<td valign=\"middle\"><span style=\"color: #000000; font-family: Helvetica; font-size: medium;\">Q3 2025<\/span><\/td>\n<td valign=\"middle\"><span style=\"color: #000000; font-family: Helvetica; font-size: medium;\">Pr\u00e9vu<\/span><\/td>\n<\/tr>\n<tr>\n<td valign=\"middle\"><span style=\"color: #000000; font-family: Helvetica; font-size: medium;\">Publication de la d\u00e9claration d\u2019accessibilit\u00e9 sur le site<\/span><\/td>\n<td valign=\"middle\"><span style=\"color: #000000; font-family: Helvetica; font-size: medium;\">Q3 2025<\/span><\/td>\n<td valign=\"middle\"><span style=\"color: #000000; font-family: Helvetica; font-size: medium;\">Pr\u00e9vu<\/span><\/td>\n<\/tr>\n<tr>\n<td valign=\"middle\"><span style=\"color: #000000; font-family: Helvetica; font-size: medium;\">Correction des probl\u00e9matiques critiques identifi\u00e9es lors de l\u2019audit du site<\/span><\/td>\n<td valign=\"middle\"><span style=\"color: #000000; font-family: Helvetica; font-size: medium;\">Q4 2025-Q1 2026<\/span><\/td>\n<td valign=\"middle\"><span style=\"color: #000000; font-family: Helvetica; font-size: medium;\">Pr\u00e9vu<\/span><\/td>\n<\/tr>\n<\/tbody>\n<\/table>\n<p>Cette d\u00e9claration d\u2019accessibilit\u00e9 s\u2019applique \u00e0 https:\/\/www.lactalisingredients.com\/.<\/p>\n<h3>\u00c9tat de conformit\u00e9<\/h3>\n<p>lactalisingredients.com est non conforme avec le r\u00e9f\u00e9rentiel g\u00e9n\u00e9ral d\u2019am\u00e9lioration de l\u2019accessibilit\u00e9 ; \u00e9tant pr\u00e9cis\u00e9 qu\u2019un audit est pr\u00e9vu dans le plan d\u2019action de l\u2019ann\u00e9e.<\/p>\n<h3>R\u00e9sultat des tests<\/h3>\n<p>L\u2019audit de conformit\u00e9 est pr\u00e9vu dans le plan d\u2019action annuel du site.<\/p>\n<h3>Contenus non accessibles<\/h3>\n<p>Les contenus non accessibles seront list\u00e9s ci-dessous une fois l\u2019audit r\u00e9alis\u00e9.<\/p>\n<h3>Retour d\u2019information et contact<\/h3>\n<p>Si vous n\u2019arrivez pas \u00e0 acc\u00e9der \u00e0 un contenu ou \u00e0 un service, vous pouvez contacter le responsable du site internet pour \u00eatre orient\u00e9 vers une alternative accessible ou obtenir le contenu sous une autre forme.<\/p>\n<ul class=\"ul\">\n<li>Envoyer un message : <a href=\"https:\/\/www.lactalisingredients.com\/fr\/contact\/\">https:\/\/www.lactalisingredients.com\/fr\/contact\/<\/a>.<\/li>\n<li>Contacter : <a href=\"mailto:accessibilite@fr.lactalis.com?subject=Ma demande d\u2019accessibilit\u00e9 \u2013 lactalisingredients.com\">accessibilite@fr.lactalis.com<\/a>.<\/li>\n<\/ul>\n<p>&nbsp;<\/p>\n<h3>Voies de recours<\/h3>\n<p>Cette proc\u00e9dure est \u00e0 utiliser dans le cas suivant.<br \/>\nVous avez signal\u00e9 au responsable du site internet un d\u00e9faut d\u2019accessibilit\u00e9 qui vous emp\u00eache d\u2019acc\u00e9der \u00e0 un contenu ou \u00e0 un des services du portail et vous n\u2019avez pas obtenu de r\u00e9ponse satisfaisante.<\/p>\n<ul class=\"ul\">\n<li>\u00c9crire un message au D\u00e9fenseur des droits (<a href=\"https:\/\/www.defenseurdesdroits.fr\/nous-contacter-355\" target=\"_blank\" rel=\"noopener\">https:\/\/www.defenseurdesdroits.fr\/nous-contacter-355<\/a>)<\/li>\n<li>Contacter le d\u00e9l\u00e9gu\u00e9 du D\u00e9fenseur des droits pr\u00e8s de chez vous (<a href=\"https:\/\/www.defenseurdesdroits.fr\/carte-des-delegues\" target=\"_blank\" rel=\"noopener\">https:\/\/www.defenseurdesdroits.fr\/carte-des-delegues<\/a>)<\/li>\n<li>Envoyer un courrier par la poste (gratuit, ne pas mettre de timbre) :<br \/>\nD\u00e9fenseur des droits<br \/>\nLibre r\u00e9ponse 71120<br \/>\n75342 Paris CEDEX 07<\/li>\n<\/ul>\n","protected":false},"excerpt":{"rendered":"<p>D\u00e9claration d&#8217;accessibilit\u00e9 LACTALIS INGR\u00c9DIENTS s\u2019engage \u00e0 rendre son (ses) site(s) [&hellip;]<\/p>\n","protected":false},"author":6,"featured_media":0,"parent":0,"menu_order":0,"comment_status":"closed","ping_status":"closed","template":"page-contenu.php","meta":{"_acf_changed":false,"footnotes":""},"class_list":["post-285222","page","type-page","status-publish","hentry"],"acf":[],"yoast_head":"<!-- This site is optimized with the Yoast SEO plugin v25.2 - https:\/\/yoast.com\/wordpress\/plugins\/seo\/ -->\n<title>Accessibilit\u00e9 | Lactalis Ingredients<\/title>\n<meta name=\"description\" content=\"Consultez la d\u00e9claration d\u2019accessibilit\u00e9 de Lactalis Ingredients et les actions mises en place pour am\u00e9liorer l\u2019accessibilit\u00e9 num\u00e9rique.\" \/>\n<meta name=\"robots\" content=\"index, follow, max-snippet:-1, max-image-preview:large, max-video-preview:-1\" \/>\n<link rel=\"canonical\" href=\"https:\/\/www.lactalisingredients.com\/fr\/accessibilite\/\" \/>\n<meta property=\"og:locale\" content=\"fr_FR\" \/>\n<meta property=\"og:type\" content=\"article\" \/>\n<meta property=\"og:title\" content=\"Accessibilit\u00e9 | Lactalis Ingredients\" \/>\n<meta property=\"og:description\" content=\"Consultez la d\u00e9claration d\u2019accessibilit\u00e9 de Lactalis Ingredients et les actions mises en place pour am\u00e9liorer l\u2019accessibilit\u00e9 num\u00e9rique.\" \/>\n<meta property=\"og:url\" content=\"https:\/\/www.lactalisingredients.com\/fr\/accessibilite\/\" \/>\n<meta property=\"og:site_name\" content=\"Lactalis Ingredients\" \/>\n<meta property=\"article:modified_time\" content=\"2026-02-18T08:37:23+00:00\" \/>\n<meta property=\"og:image\" content=\"https:\/\/www.lactalisingredients.com\/wp-content\/uploads\/2014\/04\/slide-1-1.jpg\" \/>\n\t<meta property=\"og:image:width\" content=\"1920\" \/>\n\t<meta property=\"og:image:height\" content=\"738\" \/>\n\t<meta property=\"og:image:type\" content=\"image\/jpeg\" \/>\n<meta name=\"twitter:label1\" content=\"Est. reading time\" \/>\n\t<meta name=\"twitter:data1\" content=\"2 minutes\" \/>\n<script type=\"application\/ld+json\" class=\"yoast-schema-graph\">{\"@context\":\"https:\/\/schema.org\",\"@graph\":[{\"@type\":\"WebPage\",\"@id\":\"https:\/\/www.lactalisingredients.com\/fr\/accessibilite\/\",\"url\":\"https:\/\/www.lactalisingredients.com\/fr\/accessibilite\/\",\"name\":\"Accessibilit\u00e9 | Lactalis Ingredients\",\"isPartOf\":{\"@id\":\"https:\/\/www.lactalisingredients.com\/fr\/#website\"},\"datePublished\":\"2025-07-25T07:43:46+00:00\",\"dateModified\":\"2026-02-18T08:37:23+00:00\",\"description\":\"Consultez la d\u00e9claration d\u2019accessibilit\u00e9 de Lactalis Ingredients et les actions mises en place pour am\u00e9liorer l\u2019accessibilit\u00e9 num\u00e9rique.\",\"breadcrumb\":{\"@id\":\"https:\/\/www.lactalisingredients.com\/fr\/accessibilite\/#breadcrumb\"},\"inLanguage\":\"fr-FR\",\"potentialAction\":[{\"@type\":\"ReadAction\",\"target\":[\"https:\/\/www.lactalisingredients.com\/fr\/accessibilite\/\"]}]},{\"@type\":\"BreadcrumbList\",\"@id\":\"https:\/\/www.lactalisingredients.com\/fr\/accessibilite\/#breadcrumb\",\"itemListElement\":[{\"@type\":\"ListItem\",\"position\":1,\"name\":\"Accueil\",\"item\":\"https:\/\/www.lactalisingredients.com\/fr\/\"},{\"@type\":\"ListItem\",\"position\":2,\"name\":\"Accessibilit\u00e9\"}]},{\"@type\":\"WebSite\",\"@id\":\"https:\/\/www.lactalisingredients.com\/fr\/#website\",\"url\":\"https:\/\/www.lactalisingredients.com\/fr\/\",\"name\":\"Lactalis Ingredients\",\"description\":\"\",\"publisher\":{\"@id\":\"https:\/\/www.lactalisingredients.com\/fr\/#organization\"},\"potentialAction\":[{\"@type\":\"SearchAction\",\"target\":{\"@type\":\"EntryPoint\",\"urlTemplate\":\"https:\/\/www.lactalisingredients.com\/fr\/?s={search_term_string}\"},\"query-input\":{\"@type\":\"PropertyValueSpecification\",\"valueRequired\":true,\"valueName\":\"search_term_string\"}}],\"inLanguage\":\"fr-FR\"},{\"@type\":\"Organization\",\"@id\":\"https:\/\/www.lactalisingredients.com\/fr\/#organization\",\"name\":\"Lactalis Ingredients\",\"url\":\"https:\/\/www.lactalisingredients.com\/fr\/\",\"logo\":{\"@type\":\"ImageObject\",\"inLanguage\":\"fr-FR\",\"@id\":\"https:\/\/www.lactalisingredients.com\/fr\/#\/schema\/logo\/image\/\",\"url\":\"https:\/\/www.lactalisingredients.com\/wp-content\/uploads\/2019\/05\/logo-lactalise-history.jpg\",\"contentUrl\":\"https:\/\/www.lactalisingredients.com\/wp-content\/uploads\/2019\/05\/logo-lactalise-history.jpg\",\"width\":242,\"height\":81,\"caption\":\"Lactalis Ingredients\"},\"image\":{\"@id\":\"https:\/\/www.lactalisingredients.com\/fr\/#\/schema\/logo\/image\/\"}}]}<\/script>\n<!-- \/ Yoast SEO plugin. -->","yoast_head_json":{"title":"Accessibilit\u00e9 | Lactalis Ingredients","description":"Consultez la d\u00e9claration d\u2019accessibilit\u00e9 de Lactalis Ingredients et les actions mises en place pour am\u00e9liorer l\u2019accessibilit\u00e9 num\u00e9rique.","robots":{"index":"index","follow":"follow","max-snippet":"max-snippet:-1","max-image-preview":"max-image-preview:large","max-video-preview":"max-video-preview:-1"},"canonical":"https:\/\/www.lactalisingredients.com\/fr\/accessibilite\/","og_locale":"fr_FR","og_type":"article","og_title":"Accessibilit\u00e9 | Lactalis Ingredients","og_description":"Consultez la d\u00e9claration d\u2019accessibilit\u00e9 de Lactalis Ingredients et les actions mises en place pour am\u00e9liorer l\u2019accessibilit\u00e9 num\u00e9rique.","og_url":"https:\/\/www.lactalisingredients.com\/fr\/accessibilite\/","og_site_name":"Lactalis Ingredients","article_modified_time":"2026-02-18T08:37:23+00:00","og_image":[{"width":1920,"height":738,"url":"https:\/\/www.lactalisingredients.com\/wp-content\/uploads\/2014\/04\/slide-1-1.jpg","type":"image\/jpeg"}],"twitter_misc":{"Est. reading time":"2 minutes"},"schema":{"@context":"https:\/\/schema.org","@graph":[{"@type":"WebPage","@id":"https:\/\/www.lactalisingredients.com\/fr\/accessibilite\/","url":"https:\/\/www.lactalisingredients.com\/fr\/accessibilite\/","name":"Accessibilit\u00e9 | Lactalis Ingredients","isPartOf":{"@id":"https:\/\/www.lactalisingredients.com\/fr\/#website"},"datePublished":"2025-07-25T07:43:46+00:00","dateModified":"2026-02-18T08:37:23+00:00","description":"Consultez la d\u00e9claration d\u2019accessibilit\u00e9 de Lactalis Ingredients et les actions mises en place pour am\u00e9liorer l\u2019accessibilit\u00e9 num\u00e9rique.","breadcrumb":{"@id":"https:\/\/www.lactalisingredients.com\/fr\/accessibilite\/#breadcrumb"},"inLanguage":"fr-FR","potentialAction":[{"@type":"ReadAction","target":["https:\/\/www.lactalisingredients.com\/fr\/accessibilite\/"]}]},{"@type":"BreadcrumbList","@id":"https:\/\/www.lactalisingredients.com\/fr\/accessibilite\/#breadcrumb","itemListElement":[{"@type":"ListItem","position":1,"name":"Accueil","item":"https:\/\/www.lactalisingredients.com\/fr\/"},{"@type":"ListItem","position":2,"name":"Accessibilit\u00e9"}]},{"@type":"WebSite","@id":"https:\/\/www.lactalisingredients.com\/fr\/#website","url":"https:\/\/www.lactalisingredients.com\/fr\/","name":"Lactalis Ingredients","description":"","publisher":{"@id":"https:\/\/www.lactalisingredients.com\/fr\/#organization"},"potentialAction":[{"@type":"SearchAction","target":{"@type":"EntryPoint","urlTemplate":"https:\/\/www.lactalisingredients.com\/fr\/?s={search_term_string}"},"query-input":{"@type":"PropertyValueSpecification","valueRequired":true,"valueName":"search_term_string"}}],"inLanguage":"fr-FR"},{"@type":"Organization","@id":"https:\/\/www.lactalisingredients.com\/fr\/#organization","name":"Lactalis Ingredients","url":"https:\/\/www.lactalisingredients.com\/fr\/","logo":{"@type":"ImageObject","inLanguage":"fr-FR","@id":"https:\/\/www.lactalisingredients.com\/fr\/#\/schema\/logo\/image\/","url":"https:\/\/www.lactalisingredients.com\/wp-content\/uploads\/2019\/05\/logo-lactalise-history.jpg","contentUrl":"https:\/\/www.lactalisingredients.com\/wp-content\/uploads\/2019\/05\/logo-lactalise-history.jpg","width":242,"height":81,"caption":"Lactalis Ingredients"},"image":{"@id":"https:\/\/www.lactalisingredients.com\/fr\/#\/schema\/logo\/image\/"}}]}},"_links":{"self":[{"href":"https:\/\/www.lactalisingredients.com\/fr\/wp-json\/wp\/v2\/pages\/285222","targetHints":{"allow":["GET"]}}],"collection":[{"href":"https:\/\/www.lactalisingredients.com\/fr\/wp-json\/wp\/v2\/pages"}],"about":[{"href":"https:\/\/www.lactalisingredients.com\/fr\/wp-json\/wp\/v2\/types\/page"}],"author":[{"embeddable":true,"href":"https:\/\/www.lactalisingredients.com\/fr\/wp-json\/wp\/v2\/users\/6"}],"replies":[{"embeddable":true,"href":"https:\/\/www.lactalisingredients.com\/fr\/wp-json\/wp\/v2\/comments?post=285222"}],"version-history":[{"count":5,"href":"https:\/\/www.lactalisingredients.com\/fr\/wp-json\/wp\/v2\/pages\/285222\/revisions"}],"predecessor-version":[{"id":285330,"href":"https:\/\/www.lactalisingredients.com\/fr\/wp-json\/wp\/v2\/pages\/285222\/revisions\/285330"}],"wp:attachment":[{"href":"https:\/\/www.lactalisingredients.com\/fr\/wp-json\/wp\/v2\/media?parent=285222"}],"curies":[{"name":"wp","href":"https:\/\/api.w.org\/{rel}","templated":true}]}}