{"id":6960,"date":"2020-01-07T15:48:58","date_gmt":"2020-01-07T14:48:58","guid":{"rendered":"https:\/\/www.lactalisingredients.com\/?page_id=6960"},"modified":"2026-02-18T14:59:44","modified_gmt":"2026-02-18T13:59:44","slug":"politique-de-gestion-des-cookies","status":"publish","type":"page","link":"https:\/\/www.lactalisingredients.com\/fr\/politique-de-gestion-des-cookies\/","title":{"rendered":"Politique de gestion des cookies"},"content":{"rendered":"<p>Notre Politique Cookies vous explique la fa\u00e7on dont notre Site <strong><a href=\"https:\/\/www.lactalisingredients.com\/fr\/\"><span style=\"color: #00afaa;\">www.lactalisingredients.com<\/span><\/a><\/strong>\u00a0utilise des cookies et comment vous pouvez activer ou d\u00e9sactiver ces cookies.<\/p>\n<p>Pour toutes questions ou informations relatives \u00e0 notre Politique Cookies, nous vous invitons \u00e0 <strong><a href=\"https:\/\/www.lactalisingredients.com\/fr\/contact\/\"><span style=\"color: #00afaa;\"><u>nous contacter<\/u><\/span><\/a><\/strong>.<\/p>\n<p>&nbsp;<\/p>\n<p><strong><u>______________________________________________<\/u><\/strong><\/p>\n<p>QU\u2019EST-CE QU\u2019UN COOKIE ?<\/p>\n<p>POURQUOI UTILISONS-NOUS DES COOKIES ?<\/p>\n<p><a href=\"#_Toc62120340\">NOS<\/a> PARTENAIRES<\/p>\n<p>NOUS CONTACTER<\/p>\n<p><strong><u>______________________________________________<\/u><\/strong><\/p>\n<p>&nbsp;<\/p>\n<p><strong>QU\u2019EST-CE QU\u2019UN COOKIE ?<\/strong><\/p>\n<p>Un cookie est un fichier texte qu\u2019un site Internet sauvegarde sur votre ordinateur ou appareil mobile lorsque vous le consultez. Les cookies ont plusieurs finalit\u00e9s. Ils peuvent notamment vous permettre de faciliter votre navigation sur un site, de vous proposer des contenus, des services et des publicit\u00e9s adapt\u00e9s \u00e0 vos centres d&#8217;int\u00e9r\u00eats, ou encore de se souvenir de vos choix, tels que votre langue pr\u00e9f\u00e9r\u00e9e ou votre panier d\u2019achats.<\/p>\n<p>Lorsque vous naviguez sur notre Site www.lactalisingredients.com, des cookies sont susceptibles d\u2019\u00eatre d\u00e9pos\u00e9s sur votre ordinateur ou appareil mobile.<\/p>\n<p>&nbsp;<\/p>\n<p><strong>COMMENT G\u00c9RER VOTRE CONSENTEMENT QUANT \u00c0 L\u2019UTILISATION ET \u00c0 LA D\u00c9SACTIVATION DES COOKIES ?<\/strong><\/p>\n<p>Certains cookies ne sont pas soumis \u00e0 consentement, tels que les cookies n\u00e9cessaires au bon fonctionnement de notre Site et les cookies destin\u00e9s \u00e0 faciliter votre navigation.<\/p>\n<p>D\u2019autres cookies sont soumis \u00e0 votre consentement, tels que notamment les cookies de mesure de performance de notre Site ainsi que des cookies publicitaires.<\/p>\n<p>Vous disposez, par le biais du bandeau d\u2019information qui s\u2019affiche lors de votre premi\u00e8re visite sur notre Site, de la possibilit\u00e9 de consentir \u00e0 l\u2019utilisation des cookies ou \u00e0 la d\u00e9sactivation des cookies.<\/p>\n<p>Notre Site int\u00e8gre \u00e9galement une application de gestion de cookies vous permettant de g\u00e9rer \u00e0 tout moment votre consentement quant \u00e0 l\u2019utilisation et \u00e0 la d\u00e9sactivation de ces cookies. Pour acc\u00e9der \u00e0 cette application et g\u00e9rer votre consentement, nous vous invitons \u00e0 cliquer ici : <strong><span style=\"color: #00afaa;\">&#8220;<a class=\"ot-sdk-show-settings\" style=\"color: #00afaa;\">Param\u00e9trer mes cookies<\/a>&#8220;<\/span><\/strong> ou sur le bouton \u00ab\u00a0G\u00e9rer mes cookies\u00a0\u00bb accessible \u00e0 tout moment depuis les pages de notre Site.<\/p>\n<p>&nbsp;<\/p>\n<p>Vous disposez par ailleurs de la possibilit\u00e9 de configurer votre navigateur Internet pour param\u00e9trer la gestion des cookies\u00a0:<\/p>\n<p><strong><a href=\"https:\/\/support.google.com\/chrome\/answer\/95647?hl=fr&amp;hlrm=en\"><span style=\"color: #00afaa;\">C<\/span><\/a><span style=\"color: #00afaa;\"><a style=\"color: #00afaa;\" href=\"https:\/\/support.google.com\/chrome\/answer\/95647?hl=fr&amp;hlrm=en\">hrome<\/a><\/span><\/strong><\/p>\n<p><span style=\"color: #00afaa;\"><strong><a style=\"color: #00afaa;\" href=\"https:\/\/support.mozilla.org\/fr\/kb\/protection-renforcee-contre-pistage-firefox-ordinateur?redirectslug=Activer+et+d%C3%A9sactiver+les+cookies&amp;redirectlocale=fr\">Firefox<\/a><\/strong><\/span><\/p>\n<p><span style=\"color: #00afaa;\"><strong><a style=\"color: #00afaa;\" href=\"https:\/\/support.microsoft.com\/fr-fr\/topic\/supprimer-et-g%C3%A9rer-les-cookies-168dab11-0753-043d-7c16-ede5947fc64d\">Internet Explorer<\/a><\/strong><\/span><\/p>\n<p><span style=\"color: #00afaa;\"><strong><a style=\"color: #00afaa;\" href=\"https:\/\/support.apple.com\/fr-fr\/guide\/safari\/sfri11471\/mac\">Safari <\/a><\/strong><\/span><\/p>\n<p>&nbsp;<\/p>\n<p>&nbsp;<\/p>\n<p><strong>POURQUOI UTILISONS-NOUS DES COOKIES ?<\/strong><\/p>\n<p>Nous pouvons utiliser des cookies pour les finalit\u00e9s suivantes :<\/p>\n<table style=\"border-collapse: collapse; width: 107.422%;\">\n<tbody>\n<tr>\n<td style=\"width: 16.6364%; text-align: center;\"><strong>Type de cookies<\/strong><\/td>\n<td style=\"width: 32.6363%; text-align: center;\"><strong>Finalit\u00e9 du cookie<\/strong><\/td>\n<td style=\"width: 27.9091%; text-align: center;\"><strong>Caract\u00e8re obligatoire ou facultatif des cookies<\/strong><\/td>\n<td style=\"width: 30.2401%; text-align: center;\"><strong>Cons\u00e9quences si vous n\u2019acceptez pas ces cookies<\/strong><\/td>\n<\/tr>\n<tr>\n<td style=\"width: 16.6364%;\"><strong>Cookies absolument N\u00e9cessaires<\/strong><\/td>\n<td style=\"width: 32.6363%;\">Ces cookies sont n\u00e9cessaires au bon fonctionnement de notre Site.<span style=\"font-family: inherit; font-size: inherit;\">Ils sont g\u00e9n\u00e9ralement \u00e9tablis en tant que r\u00e9ponse \u00e0 des actions que vous avez effectu\u00e9es et qui constituent une demande de services, telles que la d\u00e9finition de vos pr\u00e9f\u00e9rences en mati\u00e8re de confidentialit\u00e9, la connexion ou le remplissage de formulaires.<\/span><\/td>\n<td style=\"width: 27.9091%;\">Votre consentement n\u2019est pas requis pour l\u2019utilisation de ces cookies strictement n\u00e9cessaires au bon fonctionnement de notre Site.Ces cookies ne peuvent pas \u00eatre d\u00e9sactiv\u00e9s par nos syst\u00e8mes.<span style=\"font-family: inherit; font-size: inherit;\">Vous pouvez configurer votre navigateur Internet pour bloquer ces cookies ou \u00eatre inform\u00e9 de l&#8217;existence de ces cookies.<\/span><\/td>\n<td style=\"width: 30.2401%;\">Si vous d\u00e9sactivez ces cookies, certaines parties de notre Site ne pourront pas fonctionner par la suite.Pour que votre visite sur notre Site soit agr\u00e9able et fluide, nous vous recommandons de ne pas bloquer ces cookies.<\/td>\n<\/tr>\n<tr>\n<td style=\"width: 16.6364%;\"><strong>Cookies de performance<\/strong><\/td>\n<td style=\"width: 32.6363%;\">Ces cookies permettent de mesurer et d\u2019analyser l\u2019utilisation et l\u2019audience de notre Site (nombre de visites, pages les plus \/ moins visit\u00e9es, source du trafic, etc.).<\/td>\n<td style=\"width: 27.9091%;\">Votre consentement est requis pour l\u2019utilisation de ces cookies.Notre <strong><u><a class=\"optanon-show-settings\">application de gestion de cookies<\/a><\/u><\/strong> vous permet de g\u00e9rer \u00e0 tout moment votre consentement quant \u00e0 l\u2019utilisation et \u00e0 la d\u00e9sactivation de ces cookies.<\/td>\n<td style=\"width: 30.2401%;\">Si vous n&#8217;acceptez pas de cookies, nous ne serons pas inform\u00e9s de votre visite sur notre site.Nous n&#8217;aurons alors pas les informations n\u00e9cessaires pour identifier les contenus qui vous plaisent le plus ou ceux qui vous plaisent le plus ou ceux \u00e0 am\u00e9liorer. Nous ne serons donc plus en mesure d&#8217;am\u00e9liorer la qualit\u00e9 de votre visite.<\/td>\n<\/tr>\n<tr>\n<td style=\"width: 16.6364%;\"><strong>Les Cookies publicitaires<\/strong><\/td>\n<td style=\"width: 32.6363%;\">Ces cookies peuvent \u00eatre mis en place au sein de notre Site par nos partenaires publicitaires.Ils peuvent \u00eatre utilis\u00e9s par ces soci\u00e9t\u00e9s pour \u00e9tablir un profil de vos int\u00e9r\u00eats et vous proposer des publicit\u00e9s pertinentes sur d&#8217;autres sites Internet.<span style=\"font-family: inherit; font-size: inherit;\">Ils ne stockent pas directement des donn\u00e9es personnelles, mais sont bas\u00e9s sur l&#8217;identification unique de votre navigateur et de votre appareil Internet.<\/span><\/td>\n<td style=\"width: 27.9091%;\">Votre consentement est requis pour l\u2019utilisation de ces cookies.Notre <strong><u><a class=\"optanon-show-settings\">application de gestion de cookies<\/a><\/u><\/strong> vous permet de g\u00e9rer \u00e0 tout moment votre consentement quant \u00e0 l\u2019utilisation et \u00e0 la d\u00e9sactivation de ces cookies.<\/td>\n<td style=\"width: 30.2401%;\">Si vous n&#8217;autorisez pas ces cookies, votre publicit\u00e9 sera moins cibl\u00e9e.<\/td>\n<\/tr>\n<\/tbody>\n<\/table>\n<p><strong><br \/>\nNOS PARTENAIRES<\/strong><\/p>\n<p>Notre Site est susceptible d\u2019utiliser des cookies d\u00e9pos\u00e9s par nos partenaires. La liste de nos partenaires est disponible ci-dessous:<\/p>\n<ul class=\"ul\">\n<li>Youtube.com<\/li>\n<li>Doubleclick.net<\/li>\n<li>Cookie interne<\/li>\n<\/ul>\n<p>&nbsp;<\/p>\n<p><strong>NOUS CONTACTER<\/strong><\/p>\n<p>Pour toutes questions et demandes d\u2019informations concernant notre Politique Cookies, ou pour exercer l\u2019un quelconque de vos droits concernant le traitement de vos donn\u00e9es personnelles op\u00e9r\u00e9 au travers de notre Site, vous pouvez nous contacter par mail \u00e0 <span style=\"color: #00afaa;\"><strong><a style=\"color: #00afaa;\" href=\"mailto:DPO@fr.lactalis.com\">DPO@fr.lactalis.com<\/a> <\/strong><\/span>ou par courrier postal \u00e0 l\u2019adresse DPO \u2013 LGPO \u2013 Direction des Affaires Juridiques 10 \u00e0 20 rue Adolphe Beck 53000 Laval (France).<\/p>\n<p>En compl\u00e9ment de notre Politique Cookies, nous vous invitons \u00e0 prendre connaissance de notre <a href=\"https:\/\/www.lactalisingredients.com\/fr\/politique-donnees-personnelles\/\"><strong><span style=\"color: #00afaa;\"><u>Politique de donn\u00e9es personnelles<\/u><\/span><\/strong><\/a> qui vous explique comment nous collectons et utilisons vos donn\u00e9es personnelles au travers de notre Site et comment vous pouvez exercer vos droits relatifs \u00e0 vos donn\u00e9es personnelles.<\/p>\n","protected":false},"excerpt":{"rendered":"<p>Notre Politique Cookies vous explique la fa\u00e7on dont notre Site [&hellip;]<\/p>\n","protected":false},"author":6,"featured_media":5315,"parent":0,"menu_order":0,"comment_status":"closed","ping_status":"closed","template":"page-contenu.php","meta":{"_acf_changed":false,"footnotes":""},"class_list":["post-6960","page","type-page","status-publish","has-post-thumbnail","hentry"],"acf":[],"yoast_head":"<!-- This site is optimized with the Yoast SEO plugin v25.2 - https:\/\/yoast.com\/wordpress\/plugins\/seo\/ -->\n<title>Politique gestion des cookies | Lactalis Ingredients<\/title>\n<meta name=\"description\" content=\"Politique gestion des cookies : D\u00e9couvrez comment Lactalis Ingredients utilise les cookies et g\u00e9rez vos pr\u00e9f\u00e9rences gr\u00e2ce \u00e0 notre outil d\u00e9di\u00e9 pour un usage clair et ma\u00eetris\u00e9 du site.\" \/>\n<meta name=\"robots\" content=\"index, follow, max-snippet:-1, max-image-preview:large, max-video-preview:-1\" \/>\n<link rel=\"canonical\" href=\"https:\/\/www.lactalisingredients.com\/fr\/politique-de-gestion-des-cookies\/\" \/>\n<meta property=\"og:locale\" content=\"fr_FR\" \/>\n<meta property=\"og:type\" content=\"article\" \/>\n<meta property=\"og:title\" content=\"Politique gestion des cookies | Lactalis Ingredients\" \/>\n<meta property=\"og:description\" content=\"Politique gestion des cookies : D\u00e9couvrez comment Lactalis Ingredients utilise les cookies et g\u00e9rez vos pr\u00e9f\u00e9rences gr\u00e2ce \u00e0 notre outil d\u00e9di\u00e9 pour un usage clair et ma\u00eetris\u00e9 du site.\" \/>\n<meta property=\"og:url\" content=\"https:\/\/www.lactalisingredients.com\/fr\/politique-de-gestion-des-cookies\/\" \/>\n<meta property=\"og:site_name\" content=\"Lactalis Ingredients\" \/>\n<meta property=\"article:modified_time\" content=\"2026-02-18T13:59:44+00:00\" \/>\n<meta property=\"og:image\" content=\"https:\/\/www.lactalisingredients.com\/wp-content\/uploads\/2015\/02\/Image_93.png\" \/>\n\t<meta property=\"og:image:width\" content=\"1920\" \/>\n\t<meta property=\"og:image:height\" content=\"263\" \/>\n\t<meta property=\"og:image:type\" content=\"image\/png\" \/>\n<meta name=\"twitter:label1\" content=\"Est. reading time\" \/>\n\t<meta name=\"twitter:data1\" content=\"4 minutes\" \/>\n<script type=\"application\/ld+json\" class=\"yoast-schema-graph\">{\"@context\":\"https:\/\/schema.org\",\"@graph\":[{\"@type\":\"WebPage\",\"@id\":\"https:\/\/www.lactalisingredients.com\/fr\/politique-de-gestion-des-cookies\/\",\"url\":\"https:\/\/www.lactalisingredients.com\/fr\/politique-de-gestion-des-cookies\/\",\"name\":\"Politique gestion des cookies | Lactalis Ingredients\",\"isPartOf\":{\"@id\":\"https:\/\/www.lactalisingredients.com\/fr\/#website\"},\"primaryImageOfPage\":{\"@id\":\"https:\/\/www.lactalisingredients.com\/fr\/politique-de-gestion-des-cookies\/#primaryimage\"},\"image\":{\"@id\":\"https:\/\/www.lactalisingredients.com\/fr\/politique-de-gestion-des-cookies\/#primaryimage\"},\"thumbnailUrl\":\"https:\/\/www.lactalisingredients.com\/wp-content\/uploads\/2015\/02\/Image_93.png\",\"datePublished\":\"2020-01-07T14:48:58+00:00\",\"dateModified\":\"2026-02-18T13:59:44+00:00\",\"description\":\"Politique gestion des cookies : D\u00e9couvrez comment Lactalis Ingredients utilise les cookies et g\u00e9rez vos pr\u00e9f\u00e9rences gr\u00e2ce \u00e0 notre outil d\u00e9di\u00e9 pour un usage clair et ma\u00eetris\u00e9 du site.\",\"breadcrumb\":{\"@id\":\"https:\/\/www.lactalisingredients.com\/fr\/politique-de-gestion-des-cookies\/#breadcrumb\"},\"inLanguage\":\"fr-FR\",\"potentialAction\":[{\"@type\":\"ReadAction\",\"target\":[\"https:\/\/www.lactalisingredients.com\/fr\/politique-de-gestion-des-cookies\/\"]}]},{\"@type\":\"ImageObject\",\"inLanguage\":\"fr-FR\",\"@id\":\"https:\/\/www.lactalisingredients.com\/fr\/politique-de-gestion-des-cookies\/#primaryimage\",\"url\":\"https:\/\/www.lactalisingredients.com\/wp-content\/uploads\/2015\/02\/Image_93.png\",\"contentUrl\":\"https:\/\/www.lactalisingredients.com\/wp-content\/uploads\/2015\/02\/Image_93.png\",\"width\":1920,\"height\":263},{\"@type\":\"BreadcrumbList\",\"@id\":\"https:\/\/www.lactalisingredients.com\/fr\/politique-de-gestion-des-cookies\/#breadcrumb\",\"itemListElement\":[{\"@type\":\"ListItem\",\"position\":1,\"name\":\"Accueil\",\"item\":\"https:\/\/www.lactalisingredients.com\/fr\/\"},{\"@type\":\"ListItem\",\"position\":2,\"name\":\"Politique de gestion des cookies\"}]},{\"@type\":\"WebSite\",\"@id\":\"https:\/\/www.lactalisingredients.com\/fr\/#website\",\"url\":\"https:\/\/www.lactalisingredients.com\/fr\/\",\"name\":\"Lactalis Ingredients\",\"description\":\"\",\"publisher\":{\"@id\":\"https:\/\/www.lactalisingredients.com\/fr\/#organization\"},\"potentialAction\":[{\"@type\":\"SearchAction\",\"target\":{\"@type\":\"EntryPoint\",\"urlTemplate\":\"https:\/\/www.lactalisingredients.com\/fr\/?s={search_term_string}\"},\"query-input\":{\"@type\":\"PropertyValueSpecification\",\"valueRequired\":true,\"valueName\":\"search_term_string\"}}],\"inLanguage\":\"fr-FR\"},{\"@type\":\"Organization\",\"@id\":\"https:\/\/www.lactalisingredients.com\/fr\/#organization\",\"name\":\"Lactalis Ingredients\",\"url\":\"https:\/\/www.lactalisingredients.com\/fr\/\",\"logo\":{\"@type\":\"ImageObject\",\"inLanguage\":\"fr-FR\",\"@id\":\"https:\/\/www.lactalisingredients.com\/fr\/#\/schema\/logo\/image\/\",\"url\":\"https:\/\/www.lactalisingredients.com\/wp-content\/uploads\/2019\/05\/logo-lactalise-history.jpg\",\"contentUrl\":\"https:\/\/www.lactalisingredients.com\/wp-content\/uploads\/2019\/05\/logo-lactalise-history.jpg\",\"width\":242,\"height\":81,\"caption\":\"Lactalis Ingredients\"},\"image\":{\"@id\":\"https:\/\/www.lactalisingredients.com\/fr\/#\/schema\/logo\/image\/\"}}]}<\/script>\n<!-- \/ Yoast SEO plugin. -->","yoast_head_json":{"title":"Politique gestion des cookies | Lactalis Ingredients","description":"Politique gestion des cookies : D\u00e9couvrez comment Lactalis Ingredients utilise les cookies et g\u00e9rez vos pr\u00e9f\u00e9rences gr\u00e2ce \u00e0 notre outil d\u00e9di\u00e9 pour un usage clair et ma\u00eetris\u00e9 du site.","robots":{"index":"index","follow":"follow","max-snippet":"max-snippet:-1","max-image-preview":"max-image-preview:large","max-video-preview":"max-video-preview:-1"},"canonical":"https:\/\/www.lactalisingredients.com\/fr\/politique-de-gestion-des-cookies\/","og_locale":"fr_FR","og_type":"article","og_title":"Politique gestion des cookies | Lactalis Ingredients","og_description":"Politique gestion des cookies : D\u00e9couvrez comment Lactalis Ingredients utilise les cookies et g\u00e9rez vos pr\u00e9f\u00e9rences gr\u00e2ce \u00e0 notre outil d\u00e9di\u00e9 pour un usage clair et ma\u00eetris\u00e9 du site.","og_url":"https:\/\/www.lactalisingredients.com\/fr\/politique-de-gestion-des-cookies\/","og_site_name":"Lactalis Ingredients","article_modified_time":"2026-02-18T13:59:44+00:00","og_image":[{"width":1920,"height":263,"url":"https:\/\/www.lactalisingredients.com\/wp-content\/uploads\/2015\/02\/Image_93.png","type":"image\/png"}],"twitter_misc":{"Est. reading time":"4 minutes"},"schema":{"@context":"https:\/\/schema.org","@graph":[{"@type":"WebPage","@id":"https:\/\/www.lactalisingredients.com\/fr\/politique-de-gestion-des-cookies\/","url":"https:\/\/www.lactalisingredients.com\/fr\/politique-de-gestion-des-cookies\/","name":"Politique gestion des cookies | Lactalis Ingredients","isPartOf":{"@id":"https:\/\/www.lactalisingredients.com\/fr\/#website"},"primaryImageOfPage":{"@id":"https:\/\/www.lactalisingredients.com\/fr\/politique-de-gestion-des-cookies\/#primaryimage"},"image":{"@id":"https:\/\/www.lactalisingredients.com\/fr\/politique-de-gestion-des-cookies\/#primaryimage"},"thumbnailUrl":"https:\/\/www.lactalisingredients.com\/wp-content\/uploads\/2015\/02\/Image_93.png","datePublished":"2020-01-07T14:48:58+00:00","dateModified":"2026-02-18T13:59:44+00:00","description":"Politique gestion des cookies : D\u00e9couvrez comment Lactalis Ingredients utilise les cookies et g\u00e9rez vos pr\u00e9f\u00e9rences gr\u00e2ce \u00e0 notre outil d\u00e9di\u00e9 pour un usage clair et ma\u00eetris\u00e9 du site.","breadcrumb":{"@id":"https:\/\/www.lactalisingredients.com\/fr\/politique-de-gestion-des-cookies\/#breadcrumb"},"inLanguage":"fr-FR","potentialAction":[{"@type":"ReadAction","target":["https:\/\/www.lactalisingredients.com\/fr\/politique-de-gestion-des-cookies\/"]}]},{"@type":"ImageObject","inLanguage":"fr-FR","@id":"https:\/\/www.lactalisingredients.com\/fr\/politique-de-gestion-des-cookies\/#primaryimage","url":"https:\/\/www.lactalisingredients.com\/wp-content\/uploads\/2015\/02\/Image_93.png","contentUrl":"https:\/\/www.lactalisingredients.com\/wp-content\/uploads\/2015\/02\/Image_93.png","width":1920,"height":263},{"@type":"BreadcrumbList","@id":"https:\/\/www.lactalisingredients.com\/fr\/politique-de-gestion-des-cookies\/#breadcrumb","itemListElement":[{"@type":"ListItem","position":1,"name":"Accueil","item":"https:\/\/www.lactalisingredients.com\/fr\/"},{"@type":"ListItem","position":2,"name":"Politique de gestion des cookies"}]},{"@type":"WebSite","@id":"https:\/\/www.lactalisingredients.com\/fr\/#website","url":"https:\/\/www.lactalisingredients.com\/fr\/","name":"Lactalis Ingredients","description":"","publisher":{"@id":"https:\/\/www.lactalisingredients.com\/fr\/#organization"},"potentialAction":[{"@type":"SearchAction","target":{"@type":"EntryPoint","urlTemplate":"https:\/\/www.lactalisingredients.com\/fr\/?s={search_term_string}"},"query-input":{"@type":"PropertyValueSpecification","valueRequired":true,"valueName":"search_term_string"}}],"inLanguage":"fr-FR"},{"@type":"Organization","@id":"https:\/\/www.lactalisingredients.com\/fr\/#organization","name":"Lactalis Ingredients","url":"https:\/\/www.lactalisingredients.com\/fr\/","logo":{"@type":"ImageObject","inLanguage":"fr-FR","@id":"https:\/\/www.lactalisingredients.com\/fr\/#\/schema\/logo\/image\/","url":"https:\/\/www.lactalisingredients.com\/wp-content\/uploads\/2019\/05\/logo-lactalise-history.jpg","contentUrl":"https:\/\/www.lactalisingredients.com\/wp-content\/uploads\/2019\/05\/logo-lactalise-history.jpg","width":242,"height":81,"caption":"Lactalis Ingredients"},"image":{"@id":"https:\/\/www.lactalisingredients.com\/fr\/#\/schema\/logo\/image\/"}}]}},"_links":{"self":[{"href":"https:\/\/www.lactalisingredients.com\/fr\/wp-json\/wp\/v2\/pages\/6960","targetHints":{"allow":["GET"]}}],"collection":[{"href":"https:\/\/www.lactalisingredients.com\/fr\/wp-json\/wp\/v2\/pages"}],"about":[{"href":"https:\/\/www.lactalisingredients.com\/fr\/wp-json\/wp\/v2\/types\/page"}],"author":[{"embeddable":true,"href":"https:\/\/www.lactalisingredients.com\/fr\/wp-json\/wp\/v2\/users\/6"}],"replies":[{"embeddable":true,"href":"https:\/\/www.lactalisingredients.com\/fr\/wp-json\/wp\/v2\/comments?post=6960"}],"version-history":[{"count":6,"href":"https:\/\/www.lactalisingredients.com\/fr\/wp-json\/wp\/v2\/pages\/6960\/revisions"}],"predecessor-version":[{"id":16260,"href":"https:\/\/www.lactalisingredients.com\/fr\/wp-json\/wp\/v2\/pages\/6960\/revisions\/16260"}],"wp:featuredmedia":[{"embeddable":true,"href":"https:\/\/www.lactalisingredients.com\/fr\/wp-json\/wp\/v2\/media\/5315"}],"wp:attachment":[{"href":"https:\/\/www.lactalisingredients.com\/fr\/wp-json\/wp\/v2\/media?parent=6960"}],"curies":[{"name":"wp","href":"https:\/\/api.w.org\/{rel}","templated":true}]}}