{"id":7075,"date":"2015-02-13T09:20:54","date_gmt":"2015-02-13T08:20:54","guid":{"rendered":"https:\/\/www.lactalisingredients.com\/produits-ingredients-laitiers\/whey-powders-lactose\/"},"modified":"2024-12-03T11:59:21","modified_gmt":"2024-12-03T10:59:21","slug":"poudres-de-lactoserum-et-lactose","status":"publish","type":"page","link":"https:\/\/www.lactalisingredients.com\/fr\/produits-ingredients-laitiers\/poudres-de-lactoserum-et-lactose\/","title":{"rendered":"Poudres de lactos\u00e9rum et lactose"},"content":{"rendered":"<p>Faisant partie int\u00e9grante du groupe LACTALIS, premier producteur de fromage au monde, LACTALIS Ingredients collecte, transforme et s\u00e8che plusieurs milliards de litres de lactos\u00e9rum par an. LACTALIS Ingredients est aujourd&#8217;hui consid\u00e9r\u00e9 comme le premier fournisseur d\u2019ingr\u00e9dients issus du lactos\u00e9rum en disposant d\u2019une gamme compl\u00e8te : poudre de lactos\u00e9rum, poudre de lactos\u00e9rum d\u00e9min\u00e9ralis\u00e9 et lactose.<\/p>\n<p>Le lactos\u00e9rum est une source de prot\u00e9ines et de glucides qui peuvent \u00eatre consomm\u00e9s dans un large \u00e9ventail d&#8217;applications : boulangerie, chocolaterie, produits laitiers, cr\u00e8me glac\u00e9e, pr\u00e9parations pour nourrissons, applications alimentaires et pharmaceutiques.<\/p>\n<p>B\u00e9n\u00e9ficiant de plus de 50 ans d&#8217;exp\u00e9rience, LACTALIS Ingredients a su d\u00e9velopper une v\u00e9ritable expertise en mati\u00e8re de technologies laiti\u00e8res : concentration, s\u00e9chage par atomisation, cristallisation. Autant d&#8217;\u00e9tapes cl\u00e9s pour assurer une poudre de lactos\u00e9rum de haute qualit\u00e9, c&#8217;est-\u00e0-dire des produits facilement exportables sans risque de brunissement ou de mottage. Nos process sont bas\u00e9s sur un contr\u00f4le pr\u00e9cis des \u00e9tapes de s\u00e9chage et de cristallisation permettant d\u2019obtenir des s\u00e9rums de haute fluidit\u00e9 et peu hygroscopiques.<\/p>\n<p>LACTALIS Ingredients est ainsi en mesure de proposer une large gamme de poudres de lactos\u00e9rum et de d\u00e9riv\u00e9s du lactos\u00e9rum parfaitement adapt\u00e9s \u00e0 de nombreux usages.<\/p>\n","protected":false},"excerpt":{"rendered":"<p>Faisant partie int\u00e9grante du groupe LACTALIS, premier producteur de fromage [&hellip;]<\/p>\n","protected":false},"author":2,"featured_media":12312,"parent":7069,"menu_order":3,"comment_status":"closed","ping_status":"closed","template":"page-ssproduct.php","meta":{"_acf_changed":false,"footnotes":""},"class_list":["post-7075","page","type-page","status-publish","has-post-thumbnail","hentry"],"acf":[],"yoast_head":"<!-- This site is optimized with the Yoast SEO plugin v25.2 - https:\/\/yoast.com\/wordpress\/plugins\/seo\/ -->\n<title>Lactalis Ingredients - Poudres de lactos\u00e9rum et lactose<\/title>\n<meta name=\"description\" content=\"Les poudres de lactos\u00e9rum sont une merveilleuse source de nutriments. Elles peuvent \u00eatre utilis\u00e9es dans un large \u00e9ventail d&#039;applications.\" \/>\n<meta name=\"robots\" content=\"index, follow, max-snippet:-1, max-image-preview:large, max-video-preview:-1\" \/>\n<link rel=\"canonical\" href=\"https:\/\/www.lactalisingredients.com\/fr\/produits-ingredients-laitiers\/poudres-de-lactoserum-et-lactose\/\" \/>\n<meta property=\"og:locale\" content=\"fr_FR\" \/>\n<meta property=\"og:type\" content=\"article\" \/>\n<meta property=\"og:title\" content=\"Lactalis Ingredients - Poudres de lactos\u00e9rum et lactose\" \/>\n<meta property=\"og:description\" content=\"Les poudres de lactos\u00e9rum sont une merveilleuse source de nutriments. Elles peuvent \u00eatre utilis\u00e9es dans un large \u00e9ventail d&#039;applications.\" \/>\n<meta property=\"og:url\" content=\"https:\/\/www.lactalisingredients.com\/fr\/produits-ingredients-laitiers\/poudres-de-lactoserum-et-lactose\/\" \/>\n<meta property=\"og:site_name\" content=\"Lactalis Ingredients\" \/>\n<meta property=\"article:modified_time\" content=\"2024-12-03T10:59:21+00:00\" \/>\n<meta property=\"og:image\" content=\"https:\/\/www.lactalisingredients.com\/wp-content\/uploads\/2021\/12\/header-lactoserum.jpg\" \/>\n\t<meta property=\"og:image:width\" content=\"1920\" \/>\n\t<meta property=\"og:image:height\" content=\"860\" \/>\n\t<meta property=\"og:image:type\" content=\"image\/jpeg\" \/>\n<meta name=\"twitter:label1\" content=\"Est. reading time\" \/>\n\t<meta name=\"twitter:data1\" content=\"2 minutes\" \/>\n<script type=\"application\/ld+json\" class=\"yoast-schema-graph\">{\"@context\":\"https:\/\/schema.org\",\"@graph\":[{\"@type\":\"WebPage\",\"@id\":\"https:\/\/www.lactalisingredients.com\/fr\/produits-ingredients-laitiers\/poudres-de-lactoserum-et-lactose\/\",\"url\":\"https:\/\/www.lactalisingredients.com\/fr\/produits-ingredients-laitiers\/poudres-de-lactoserum-et-lactose\/\",\"name\":\"Lactalis Ingredients - Poudres de lactos\u00e9rum et lactose\",\"isPartOf\":{\"@id\":\"https:\/\/www.lactalisingredients.com\/fr\/#website\"},\"primaryImageOfPage\":{\"@id\":\"https:\/\/www.lactalisingredients.com\/fr\/produits-ingredients-laitiers\/poudres-de-lactoserum-et-lactose\/#primaryimage\"},\"image\":{\"@id\":\"https:\/\/www.lactalisingredients.com\/fr\/produits-ingredients-laitiers\/poudres-de-lactoserum-et-lactose\/#primaryimage\"},\"thumbnailUrl\":\"https:\/\/www.lactalisingredients.com\/wp-content\/uploads\/2021\/12\/header-lactoserum.jpg\",\"datePublished\":\"2015-02-13T08:20:54+00:00\",\"dateModified\":\"2024-12-03T10:59:21+00:00\",\"description\":\"Les poudres de lactos\u00e9rum sont une merveilleuse source de nutriments. Elles peuvent \u00eatre utilis\u00e9es dans un large \u00e9ventail d'applications.\",\"breadcrumb\":{\"@id\":\"https:\/\/www.lactalisingredients.com\/fr\/produits-ingredients-laitiers\/poudres-de-lactoserum-et-lactose\/#breadcrumb\"},\"inLanguage\":\"fr-FR\",\"potentialAction\":[{\"@type\":\"ReadAction\",\"target\":[\"https:\/\/www.lactalisingredients.com\/fr\/produits-ingredients-laitiers\/poudres-de-lactoserum-et-lactose\/\"]}]},{\"@type\":\"ImageObject\",\"inLanguage\":\"fr-FR\",\"@id\":\"https:\/\/www.lactalisingredients.com\/fr\/produits-ingredients-laitiers\/poudres-de-lactoserum-et-lactose\/#primaryimage\",\"url\":\"https:\/\/www.lactalisingredients.com\/wp-content\/uploads\/2021\/12\/header-lactoserum.jpg\",\"contentUrl\":\"https:\/\/www.lactalisingredients.com\/wp-content\/uploads\/2021\/12\/header-lactoserum.jpg\",\"width\":1920,\"height\":860},{\"@type\":\"BreadcrumbList\",\"@id\":\"https:\/\/www.lactalisingredients.com\/fr\/produits-ingredients-laitiers\/poudres-de-lactoserum-et-lactose\/#breadcrumb\",\"itemListElement\":[{\"@type\":\"ListItem\",\"position\":1,\"name\":\"Accueil\",\"item\":\"https:\/\/www.lactalisingredients.com\/fr\/\"},{\"@type\":\"ListItem\",\"position\":2,\"name\":\"Nos produits\",\"item\":\"https:\/\/www.lactalisingredients.com\/fr\/produits-ingredients-laitiers\/\"},{\"@type\":\"ListItem\",\"position\":3,\"name\":\"Poudres de lactos\u00e9rum et lactose\"}]},{\"@type\":\"WebSite\",\"@id\":\"https:\/\/www.lactalisingredients.com\/fr\/#website\",\"url\":\"https:\/\/www.lactalisingredients.com\/fr\/\",\"name\":\"Lactalis Ingredients\",\"description\":\"\",\"publisher\":{\"@id\":\"https:\/\/www.lactalisingredients.com\/fr\/#organization\"},\"potentialAction\":[{\"@type\":\"SearchAction\",\"target\":{\"@type\":\"EntryPoint\",\"urlTemplate\":\"https:\/\/www.lactalisingredients.com\/fr\/?s={search_term_string}\"},\"query-input\":{\"@type\":\"PropertyValueSpecification\",\"valueRequired\":true,\"valueName\":\"search_term_string\"}}],\"inLanguage\":\"fr-FR\"},{\"@type\":\"Organization\",\"@id\":\"https:\/\/www.lactalisingredients.com\/fr\/#organization\",\"name\":\"Lactalis Ingredients\",\"url\":\"https:\/\/www.lactalisingredients.com\/fr\/\",\"logo\":{\"@type\":\"ImageObject\",\"inLanguage\":\"fr-FR\",\"@id\":\"https:\/\/www.lactalisingredients.com\/fr\/#\/schema\/logo\/image\/\",\"url\":\"https:\/\/www.lactalisingredients.com\/wp-content\/uploads\/2019\/05\/logo-lactalise-history.jpg\",\"contentUrl\":\"https:\/\/www.lactalisingredients.com\/wp-content\/uploads\/2019\/05\/logo-lactalise-history.jpg\",\"width\":242,\"height\":81,\"caption\":\"Lactalis Ingredients\"},\"image\":{\"@id\":\"https:\/\/www.lactalisingredients.com\/fr\/#\/schema\/logo\/image\/\"}}]}<\/script>\n<!-- \/ Yoast SEO plugin. -->","yoast_head_json":{"title":"Lactalis Ingredients - Poudres de lactos\u00e9rum et lactose","description":"Les poudres de lactos\u00e9rum sont une merveilleuse source de nutriments. Elles peuvent \u00eatre utilis\u00e9es dans un large \u00e9ventail d'applications.","robots":{"index":"index","follow":"follow","max-snippet":"max-snippet:-1","max-image-preview":"max-image-preview:large","max-video-preview":"max-video-preview:-1"},"canonical":"https:\/\/www.lactalisingredients.com\/fr\/produits-ingredients-laitiers\/poudres-de-lactoserum-et-lactose\/","og_locale":"fr_FR","og_type":"article","og_title":"Lactalis Ingredients - Poudres de lactos\u00e9rum et lactose","og_description":"Les poudres de lactos\u00e9rum sont une merveilleuse source de nutriments. Elles peuvent \u00eatre utilis\u00e9es dans un large \u00e9ventail d'applications.","og_url":"https:\/\/www.lactalisingredients.com\/fr\/produits-ingredients-laitiers\/poudres-de-lactoserum-et-lactose\/","og_site_name":"Lactalis Ingredients","article_modified_time":"2024-12-03T10:59:21+00:00","og_image":[{"width":1920,"height":860,"url":"https:\/\/www.lactalisingredients.com\/wp-content\/uploads\/2021\/12\/header-lactoserum.jpg","type":"image\/jpeg"}],"twitter_misc":{"Est. reading time":"2 minutes"},"schema":{"@context":"https:\/\/schema.org","@graph":[{"@type":"WebPage","@id":"https:\/\/www.lactalisingredients.com\/fr\/produits-ingredients-laitiers\/poudres-de-lactoserum-et-lactose\/","url":"https:\/\/www.lactalisingredients.com\/fr\/produits-ingredients-laitiers\/poudres-de-lactoserum-et-lactose\/","name":"Lactalis Ingredients - Poudres de lactos\u00e9rum et lactose","isPartOf":{"@id":"https:\/\/www.lactalisingredients.com\/fr\/#website"},"primaryImageOfPage":{"@id":"https:\/\/www.lactalisingredients.com\/fr\/produits-ingredients-laitiers\/poudres-de-lactoserum-et-lactose\/#primaryimage"},"image":{"@id":"https:\/\/www.lactalisingredients.com\/fr\/produits-ingredients-laitiers\/poudres-de-lactoserum-et-lactose\/#primaryimage"},"thumbnailUrl":"https:\/\/www.lactalisingredients.com\/wp-content\/uploads\/2021\/12\/header-lactoserum.jpg","datePublished":"2015-02-13T08:20:54+00:00","dateModified":"2024-12-03T10:59:21+00:00","description":"Les poudres de lactos\u00e9rum sont une merveilleuse source de nutriments. Elles peuvent \u00eatre utilis\u00e9es dans un large \u00e9ventail d'applications.","breadcrumb":{"@id":"https:\/\/www.lactalisingredients.com\/fr\/produits-ingredients-laitiers\/poudres-de-lactoserum-et-lactose\/#breadcrumb"},"inLanguage":"fr-FR","potentialAction":[{"@type":"ReadAction","target":["https:\/\/www.lactalisingredients.com\/fr\/produits-ingredients-laitiers\/poudres-de-lactoserum-et-lactose\/"]}]},{"@type":"ImageObject","inLanguage":"fr-FR","@id":"https:\/\/www.lactalisingredients.com\/fr\/produits-ingredients-laitiers\/poudres-de-lactoserum-et-lactose\/#primaryimage","url":"https:\/\/www.lactalisingredients.com\/wp-content\/uploads\/2021\/12\/header-lactoserum.jpg","contentUrl":"https:\/\/www.lactalisingredients.com\/wp-content\/uploads\/2021\/12\/header-lactoserum.jpg","width":1920,"height":860},{"@type":"BreadcrumbList","@id":"https:\/\/www.lactalisingredients.com\/fr\/produits-ingredients-laitiers\/poudres-de-lactoserum-et-lactose\/#breadcrumb","itemListElement":[{"@type":"ListItem","position":1,"name":"Accueil","item":"https:\/\/www.lactalisingredients.com\/fr\/"},{"@type":"ListItem","position":2,"name":"Nos produits","item":"https:\/\/www.lactalisingredients.com\/fr\/produits-ingredients-laitiers\/"},{"@type":"ListItem","position":3,"name":"Poudres de lactos\u00e9rum et lactose"}]},{"@type":"WebSite","@id":"https:\/\/www.lactalisingredients.com\/fr\/#website","url":"https:\/\/www.lactalisingredients.com\/fr\/","name":"Lactalis Ingredients","description":"","publisher":{"@id":"https:\/\/www.lactalisingredients.com\/fr\/#organization"},"potentialAction":[{"@type":"SearchAction","target":{"@type":"EntryPoint","urlTemplate":"https:\/\/www.lactalisingredients.com\/fr\/?s={search_term_string}"},"query-input":{"@type":"PropertyValueSpecification","valueRequired":true,"valueName":"search_term_string"}}],"inLanguage":"fr-FR"},{"@type":"Organization","@id":"https:\/\/www.lactalisingredients.com\/fr\/#organization","name":"Lactalis Ingredients","url":"https:\/\/www.lactalisingredients.com\/fr\/","logo":{"@type":"ImageObject","inLanguage":"fr-FR","@id":"https:\/\/www.lactalisingredients.com\/fr\/#\/schema\/logo\/image\/","url":"https:\/\/www.lactalisingredients.com\/wp-content\/uploads\/2019\/05\/logo-lactalise-history.jpg","contentUrl":"https:\/\/www.lactalisingredients.com\/wp-content\/uploads\/2019\/05\/logo-lactalise-history.jpg","width":242,"height":81,"caption":"Lactalis Ingredients"},"image":{"@id":"https:\/\/www.lactalisingredients.com\/fr\/#\/schema\/logo\/image\/"}}]}},"_links":{"self":[{"href":"https:\/\/www.lactalisingredients.com\/fr\/wp-json\/wp\/v2\/pages\/7075","targetHints":{"allow":["GET"]}}],"collection":[{"href":"https:\/\/www.lactalisingredients.com\/fr\/wp-json\/wp\/v2\/pages"}],"about":[{"href":"https:\/\/www.lactalisingredients.com\/fr\/wp-json\/wp\/v2\/types\/page"}],"author":[{"embeddable":true,"href":"https:\/\/www.lactalisingredients.com\/fr\/wp-json\/wp\/v2\/users\/2"}],"replies":[{"embeddable":true,"href":"https:\/\/www.lactalisingredients.com\/fr\/wp-json\/wp\/v2\/comments?post=7075"}],"version-history":[{"count":5,"href":"https:\/\/www.lactalisingredients.com\/fr\/wp-json\/wp\/v2\/pages\/7075\/revisions"}],"predecessor-version":[{"id":18577,"href":"https:\/\/www.lactalisingredients.com\/fr\/wp-json\/wp\/v2\/pages\/7075\/revisions\/18577"}],"up":[{"embeddable":true,"href":"https:\/\/www.lactalisingredients.com\/fr\/wp-json\/wp\/v2\/pages\/7069"}],"wp:featuredmedia":[{"embeddable":true,"href":"https:\/\/www.lactalisingredients.com\/fr\/wp-json\/wp\/v2\/media\/12312"}],"wp:attachment":[{"href":"https:\/\/www.lactalisingredients.com\/fr\/wp-json\/wp\/v2\/media?parent=7075"}],"curies":[{"name":"wp","href":"https:\/\/api.w.org\/{rel}","templated":true}]}}