{"id":7082,"date":"2015-02-17T15:20:40","date_gmt":"2015-02-17T14:20:40","guid":{"rendered":"https:\/\/www.lactalisingredients.com\/produits-ingredients-laitiers\/dairy-powders\/"},"modified":"2022-02-23T16:52:47","modified_gmt":"2022-02-23T15:52:47","slug":"poudres-de-lait","status":"publish","type":"page","link":"https:\/\/www.lactalisingredients.com\/fr\/produits-ingredients-laitiers\/poudres-de-lait\/","title":{"rendered":"Poudres de lait"},"content":{"rendered":"<p>En tant que fabricant de poudres laiti\u00e8res, LACTALIS Ingredients propose une large gamme de poudres avec une excellente solubilit\u00e9, un go\u00fbt franc et une composition homog\u00e8ne. Nous garantissons des poudres laiti\u00e8res de qualit\u00e9 constante par un suivi r\u00e9gulier de crit\u00e8res cl\u00e9s : bact\u00e9riologiques, physico-chimiques et organoleptiques.<\/p>\n<p>Nos poudres de lait peuvent ainsi \u00eatre utilis\u00e9es de diff\u00e9rentes mani\u00e8res. Elles sont id\u00e9ales dans des applications telles que les produits laitiers, les produits recombin\u00e9s, la chocolaterie et la boulangerie. Gr\u00e2ce \u00e0 notre savoir-faire industriel, nous avons d\u00e9velopp\u00e9 une gamme de poudres de lait \u00e9cr\u00e9m\u00e9, entier et r\u00e9engraiss\u00e9es qui peuvent \u00eatre adapt\u00e9es \u00e0 vos besoins sp\u00e9cifiques en termes de fonctionnalit\u00e9, de qualit\u00e9 et de crit\u00e8res bact\u00e9riologiques et organoleptiques. LACTALIS Ingredients accorde une attention particuli\u00e8re \u00e0 la qualit\u00e9 de ses poudres de lait afin de garantir des standards \u00e9lev\u00e9s adapt\u00e9s \u00e0 vos besoins. Notre gamme de produits comprend :<\/p>\n<ul class=\"ul\">\n<li>de la <a href=\"https:\/\/www.lactalisingredients.com\/fr\/produits-ingredients-laitiers\/poudres-de-lait\/poudres-de-lait-ecreme\/\">poudre de lait \u00e9cr\u00e9m\u00e9<\/a>, disponible en trois gammes de traitement thermique,<\/li>\n<li>de la <a href=\"https:\/\/www.lactalisingredients.com\/fr\/produits-ingredients-laitiers\/poudres-de-lait\/poudres-de-lait-entier\/\">poudre de lait entier<\/a> avec 26% ou 28% de mati\u00e8re grasse, disponible en qualit\u00e9 r\u00e9guli\u00e8re ou instantan\u00e9e,<\/li>\n<li>des <a href=\"https:\/\/www.lactalisingredients.com\/fr\/produits-ingredients-laitiers\/poudres-de-lait\/poudres-de-lait-reengraissees\/\">poudres de lait r\u00e9engraiss\u00e9es<\/a> avec diff\u00e9rentes teneurs en mati\u00e8res grasses et prot\u00e9ines,<\/li>\n<li>du <a href=\"https:\/\/www.lactalisingredients.com\/fr\/produits-ingredients-laitiers\/poudres-de-lait\/poudres-de-babeurre\/\">babeurre<\/a> en poudre avec de bonnes propri\u00e9t\u00e9s \u00e9mulsifiantes<\/li>\n<\/ul>\n","protected":false},"excerpt":{"rendered":"<p>En tant que fabricant de poudres laiti\u00e8res, LACTALIS Ingredients propose [&hellip;]<\/p>\n","protected":false},"author":2,"featured_media":12317,"parent":7069,"menu_order":5,"comment_status":"closed","ping_status":"closed","template":"page-ssproduct.php","meta":{"_acf_changed":false,"footnotes":""},"class_list":["post-7082","page","type-page","status-publish","has-post-thumbnail","hentry"],"acf":[],"yoast_head":"<!-- This site is optimized with the Yoast SEO plugin v25.2 - https:\/\/yoast.com\/wordpress\/plugins\/seo\/ -->\n<title>D\u00e9couvrez nos poudres de lait - Lactalis Ingredients<\/title>\n<meta name=\"description\" content=\"Nos poudres de lait et de babeurre r\u00e9pondent aux contraintes sp\u00e9cifiques des applications en termes de fonctionnalit\u00e9 et de bact\u00e9riologie.\" \/>\n<meta name=\"robots\" content=\"index, follow, max-snippet:-1, max-image-preview:large, max-video-preview:-1\" \/>\n<link rel=\"canonical\" href=\"https:\/\/www.lactalisingredients.com\/fr\/produits-ingredients-laitiers\/poudres-de-lait\/\" \/>\n<meta property=\"og:locale\" content=\"fr_FR\" \/>\n<meta property=\"og:type\" content=\"article\" \/>\n<meta property=\"og:title\" content=\"D\u00e9couvrez nos poudres de lait - Lactalis Ingredients\" \/>\n<meta property=\"og:description\" content=\"Nos poudres de lait et de babeurre r\u00e9pondent aux contraintes sp\u00e9cifiques des applications en termes de fonctionnalit\u00e9 et de bact\u00e9riologie.\" \/>\n<meta property=\"og:url\" content=\"https:\/\/www.lactalisingredients.com\/fr\/produits-ingredients-laitiers\/poudres-de-lait\/\" \/>\n<meta property=\"og:site_name\" content=\"Lactalis Ingredients\" \/>\n<meta property=\"article:modified_time\" content=\"2022-02-23T15:52:47+00:00\" \/>\n<meta property=\"og:image\" content=\"https:\/\/www.lactalisingredients.com\/wp-content\/uploads\/2021\/12\/header-powder-milk.jpg\" \/>\n\t<meta property=\"og:image:width\" content=\"1920\" \/>\n\t<meta property=\"og:image:height\" content=\"897\" \/>\n\t<meta property=\"og:image:type\" content=\"image\/jpeg\" \/>\n<meta name=\"twitter:label1\" content=\"Est. reading time\" \/>\n\t<meta name=\"twitter:data1\" content=\"1 minute\" \/>\n<script type=\"application\/ld+json\" class=\"yoast-schema-graph\">{\"@context\":\"https:\/\/schema.org\",\"@graph\":[{\"@type\":\"WebPage\",\"@id\":\"https:\/\/www.lactalisingredients.com\/fr\/produits-ingredients-laitiers\/poudres-de-lait\/\",\"url\":\"https:\/\/www.lactalisingredients.com\/fr\/produits-ingredients-laitiers\/poudres-de-lait\/\",\"name\":\"D\u00e9couvrez nos poudres de lait - Lactalis Ingredients\",\"isPartOf\":{\"@id\":\"https:\/\/www.lactalisingredients.com\/fr\/#website\"},\"primaryImageOfPage\":{\"@id\":\"https:\/\/www.lactalisingredients.com\/fr\/produits-ingredients-laitiers\/poudres-de-lait\/#primaryimage\"},\"image\":{\"@id\":\"https:\/\/www.lactalisingredients.com\/fr\/produits-ingredients-laitiers\/poudres-de-lait\/#primaryimage\"},\"thumbnailUrl\":\"https:\/\/www.lactalisingredients.com\/wp-content\/uploads\/2021\/12\/header-powder-milk.jpg\",\"datePublished\":\"2015-02-17T14:20:40+00:00\",\"dateModified\":\"2022-02-23T15:52:47+00:00\",\"description\":\"Nos poudres de lait et de babeurre r\u00e9pondent aux contraintes sp\u00e9cifiques des applications en termes de fonctionnalit\u00e9 et de bact\u00e9riologie.\",\"breadcrumb\":{\"@id\":\"https:\/\/www.lactalisingredients.com\/fr\/produits-ingredients-laitiers\/poudres-de-lait\/#breadcrumb\"},\"inLanguage\":\"fr-FR\",\"potentialAction\":[{\"@type\":\"ReadAction\",\"target\":[\"https:\/\/www.lactalisingredients.com\/fr\/produits-ingredients-laitiers\/poudres-de-lait\/\"]}]},{\"@type\":\"ImageObject\",\"inLanguage\":\"fr-FR\",\"@id\":\"https:\/\/www.lactalisingredients.com\/fr\/produits-ingredients-laitiers\/poudres-de-lait\/#primaryimage\",\"url\":\"https:\/\/www.lactalisingredients.com\/wp-content\/uploads\/2021\/12\/header-powder-milk.jpg\",\"contentUrl\":\"https:\/\/www.lactalisingredients.com\/wp-content\/uploads\/2021\/12\/header-powder-milk.jpg\",\"width\":1920,\"height\":897},{\"@type\":\"BreadcrumbList\",\"@id\":\"https:\/\/www.lactalisingredients.com\/fr\/produits-ingredients-laitiers\/poudres-de-lait\/#breadcrumb\",\"itemListElement\":[{\"@type\":\"ListItem\",\"position\":1,\"name\":\"Accueil\",\"item\":\"https:\/\/www.lactalisingredients.com\/fr\/\"},{\"@type\":\"ListItem\",\"position\":2,\"name\":\"Nos produits\",\"item\":\"https:\/\/www.lactalisingredients.com\/fr\/produits-ingredients-laitiers\/\"},{\"@type\":\"ListItem\",\"position\":3,\"name\":\"Poudres de lait\"}]},{\"@type\":\"WebSite\",\"@id\":\"https:\/\/www.lactalisingredients.com\/fr\/#website\",\"url\":\"https:\/\/www.lactalisingredients.com\/fr\/\",\"name\":\"Lactalis Ingredients\",\"description\":\"\",\"publisher\":{\"@id\":\"https:\/\/www.lactalisingredients.com\/fr\/#organization\"},\"potentialAction\":[{\"@type\":\"SearchAction\",\"target\":{\"@type\":\"EntryPoint\",\"urlTemplate\":\"https:\/\/www.lactalisingredients.com\/fr\/?s={search_term_string}\"},\"query-input\":{\"@type\":\"PropertyValueSpecification\",\"valueRequired\":true,\"valueName\":\"search_term_string\"}}],\"inLanguage\":\"fr-FR\"},{\"@type\":\"Organization\",\"@id\":\"https:\/\/www.lactalisingredients.com\/fr\/#organization\",\"name\":\"Lactalis Ingredients\",\"url\":\"https:\/\/www.lactalisingredients.com\/fr\/\",\"logo\":{\"@type\":\"ImageObject\",\"inLanguage\":\"fr-FR\",\"@id\":\"https:\/\/www.lactalisingredients.com\/fr\/#\/schema\/logo\/image\/\",\"url\":\"https:\/\/www.lactalisingredients.com\/wp-content\/uploads\/2019\/05\/logo-lactalise-history.jpg\",\"contentUrl\":\"https:\/\/www.lactalisingredients.com\/wp-content\/uploads\/2019\/05\/logo-lactalise-history.jpg\",\"width\":242,\"height\":81,\"caption\":\"Lactalis Ingredients\"},\"image\":{\"@id\":\"https:\/\/www.lactalisingredients.com\/fr\/#\/schema\/logo\/image\/\"}}]}<\/script>\n<!-- \/ Yoast SEO plugin. -->","yoast_head_json":{"title":"D\u00e9couvrez nos poudres de lait - Lactalis Ingredients","description":"Nos poudres de lait et de babeurre r\u00e9pondent aux contraintes sp\u00e9cifiques des applications en termes de fonctionnalit\u00e9 et de bact\u00e9riologie.","robots":{"index":"index","follow":"follow","max-snippet":"max-snippet:-1","max-image-preview":"max-image-preview:large","max-video-preview":"max-video-preview:-1"},"canonical":"https:\/\/www.lactalisingredients.com\/fr\/produits-ingredients-laitiers\/poudres-de-lait\/","og_locale":"fr_FR","og_type":"article","og_title":"D\u00e9couvrez nos poudres de lait - Lactalis Ingredients","og_description":"Nos poudres de lait et de babeurre r\u00e9pondent aux contraintes sp\u00e9cifiques des applications en termes de fonctionnalit\u00e9 et de bact\u00e9riologie.","og_url":"https:\/\/www.lactalisingredients.com\/fr\/produits-ingredients-laitiers\/poudres-de-lait\/","og_site_name":"Lactalis Ingredients","article_modified_time":"2022-02-23T15:52:47+00:00","og_image":[{"width":1920,"height":897,"url":"https:\/\/www.lactalisingredients.com\/wp-content\/uploads\/2021\/12\/header-powder-milk.jpg","type":"image\/jpeg"}],"twitter_misc":{"Est. reading time":"1 minute"},"schema":{"@context":"https:\/\/schema.org","@graph":[{"@type":"WebPage","@id":"https:\/\/www.lactalisingredients.com\/fr\/produits-ingredients-laitiers\/poudres-de-lait\/","url":"https:\/\/www.lactalisingredients.com\/fr\/produits-ingredients-laitiers\/poudres-de-lait\/","name":"D\u00e9couvrez nos poudres de lait - Lactalis Ingredients","isPartOf":{"@id":"https:\/\/www.lactalisingredients.com\/fr\/#website"},"primaryImageOfPage":{"@id":"https:\/\/www.lactalisingredients.com\/fr\/produits-ingredients-laitiers\/poudres-de-lait\/#primaryimage"},"image":{"@id":"https:\/\/www.lactalisingredients.com\/fr\/produits-ingredients-laitiers\/poudres-de-lait\/#primaryimage"},"thumbnailUrl":"https:\/\/www.lactalisingredients.com\/wp-content\/uploads\/2021\/12\/header-powder-milk.jpg","datePublished":"2015-02-17T14:20:40+00:00","dateModified":"2022-02-23T15:52:47+00:00","description":"Nos poudres de lait et de babeurre r\u00e9pondent aux contraintes sp\u00e9cifiques des applications en termes de fonctionnalit\u00e9 et de bact\u00e9riologie.","breadcrumb":{"@id":"https:\/\/www.lactalisingredients.com\/fr\/produits-ingredients-laitiers\/poudres-de-lait\/#breadcrumb"},"inLanguage":"fr-FR","potentialAction":[{"@type":"ReadAction","target":["https:\/\/www.lactalisingredients.com\/fr\/produits-ingredients-laitiers\/poudres-de-lait\/"]}]},{"@type":"ImageObject","inLanguage":"fr-FR","@id":"https:\/\/www.lactalisingredients.com\/fr\/produits-ingredients-laitiers\/poudres-de-lait\/#primaryimage","url":"https:\/\/www.lactalisingredients.com\/wp-content\/uploads\/2021\/12\/header-powder-milk.jpg","contentUrl":"https:\/\/www.lactalisingredients.com\/wp-content\/uploads\/2021\/12\/header-powder-milk.jpg","width":1920,"height":897},{"@type":"BreadcrumbList","@id":"https:\/\/www.lactalisingredients.com\/fr\/produits-ingredients-laitiers\/poudres-de-lait\/#breadcrumb","itemListElement":[{"@type":"ListItem","position":1,"name":"Accueil","item":"https:\/\/www.lactalisingredients.com\/fr\/"},{"@type":"ListItem","position":2,"name":"Nos produits","item":"https:\/\/www.lactalisingredients.com\/fr\/produits-ingredients-laitiers\/"},{"@type":"ListItem","position":3,"name":"Poudres de lait"}]},{"@type":"WebSite","@id":"https:\/\/www.lactalisingredients.com\/fr\/#website","url":"https:\/\/www.lactalisingredients.com\/fr\/","name":"Lactalis Ingredients","description":"","publisher":{"@id":"https:\/\/www.lactalisingredients.com\/fr\/#organization"},"potentialAction":[{"@type":"SearchAction","target":{"@type":"EntryPoint","urlTemplate":"https:\/\/www.lactalisingredients.com\/fr\/?s={search_term_string}"},"query-input":{"@type":"PropertyValueSpecification","valueRequired":true,"valueName":"search_term_string"}}],"inLanguage":"fr-FR"},{"@type":"Organization","@id":"https:\/\/www.lactalisingredients.com\/fr\/#organization","name":"Lactalis Ingredients","url":"https:\/\/www.lactalisingredients.com\/fr\/","logo":{"@type":"ImageObject","inLanguage":"fr-FR","@id":"https:\/\/www.lactalisingredients.com\/fr\/#\/schema\/logo\/image\/","url":"https:\/\/www.lactalisingredients.com\/wp-content\/uploads\/2019\/05\/logo-lactalise-history.jpg","contentUrl":"https:\/\/www.lactalisingredients.com\/wp-content\/uploads\/2019\/05\/logo-lactalise-history.jpg","width":242,"height":81,"caption":"Lactalis Ingredients"},"image":{"@id":"https:\/\/www.lactalisingredients.com\/fr\/#\/schema\/logo\/image\/"}}]}},"_links":{"self":[{"href":"https:\/\/www.lactalisingredients.com\/fr\/wp-json\/wp\/v2\/pages\/7082","targetHints":{"allow":["GET"]}}],"collection":[{"href":"https:\/\/www.lactalisingredients.com\/fr\/wp-json\/wp\/v2\/pages"}],"about":[{"href":"https:\/\/www.lactalisingredients.com\/fr\/wp-json\/wp\/v2\/types\/page"}],"author":[{"embeddable":true,"href":"https:\/\/www.lactalisingredients.com\/fr\/wp-json\/wp\/v2\/users\/2"}],"replies":[{"embeddable":true,"href":"https:\/\/www.lactalisingredients.com\/fr\/wp-json\/wp\/v2\/comments?post=7082"}],"version-history":[{"count":6,"href":"https:\/\/www.lactalisingredients.com\/fr\/wp-json\/wp\/v2\/pages\/7082\/revisions"}],"predecessor-version":[{"id":13119,"href":"https:\/\/www.lactalisingredients.com\/fr\/wp-json\/wp\/v2\/pages\/7082\/revisions\/13119"}],"up":[{"embeddable":true,"href":"https:\/\/www.lactalisingredients.com\/fr\/wp-json\/wp\/v2\/pages\/7069"}],"wp:featuredmedia":[{"embeddable":true,"href":"https:\/\/www.lactalisingredients.com\/fr\/wp-json\/wp\/v2\/media\/12317"}],"wp:attachment":[{"href":"https:\/\/www.lactalisingredients.com\/fr\/wp-json\/wp\/v2\/media?parent=7082"}],"curies":[{"name":"wp","href":"https:\/\/api.w.org\/{rel}","templated":true}]}}