{"id":7087,"date":"2015-02-13T09:22:22","date_gmt":"2015-02-13T08:22:22","guid":{"rendered":"https:\/\/www.lactalisingredients.com\/produits-ingredients-laitiers\/proteins-and-minerals\/"},"modified":"2022-02-23T17:00:34","modified_gmt":"2022-02-23T16:00:34","slug":"proteines-et-mineraux","status":"publish","type":"page","link":"https:\/\/www.lactalisingredients.com\/fr\/produits-ingredients-laitiers\/proteines-et-mineraux\/","title":{"rendered":"Prot\u00e9ines"},"content":{"rendered":"<p>Les prot\u00e9ines sont pr\u00e9sentes dans toutes les cellules du corps humain. Parce qu&#8217;elles jouent un r\u00f4le tr\u00e8s important, comme dans la r\u00e9gulation des cellules et des organes, elles doivent \u00eatre constamment renouvel\u00e9es. Un apport ad\u00e9quat en prot\u00e9ines est essentiel pour r\u00e9pondre aux besoins sp\u00e9cifiques de l&#8217;organisme \u00e0 chaque \u00e9tape de la vie.<\/p>\n<p>En tant que producteur de cas\u00e9ines et de prot\u00e9ines de lactos\u00e9rum, LACTALIS Ingredients propose une large gamme de prot\u00e9ines pour des applications nutritionnelles ou fonctionnelles r\u00e9pondant aux attentes des consommateurs :<\/p>\n<ul class=\"ul\">\n<li><a href=\"https:\/\/www.lactalisingredients.com\/fr\/produits-ingredients-laitiers\/proteines-et-mineraux\/caseines\/\">Cas\u00e9ines<\/a><\/li>\n<li><a href=\"https:\/\/www.lactalisingredients.com\/fr\/produits-ingredients-laitiers\/proteines-et-mineraux\/concentres-de-proteines-seriques\/\">Concentr\u00e9s de prot\u00e9ines de lactos\u00e9rum<\/a><\/li>\n<li><a href=\"https:\/\/www.lactalisingredients.com\/fr\/produits-ingredients-laitiers\/proteines-et-mineraux\/isolats-de-proteines-seriques\/\">Isolats de prot\u00e9ines de lactos\u00e9rum<\/a><\/li>\n<li><a href=\"https:\/\/www.lactalisingredients.com\/fr\/produits-ingredients-laitiers\/proteines-et-mineraux\/proteine-soluble-du-lait\/\">Prolacta\u00ae &#8211; Prot\u00e9ines solubles du lait<\/a><\/li>\n<li><a href=\"https:\/\/www.lactalisingredients.com\/fr\/produits-ingredients-laitiers\/proteines-et-mineraux\/pronativ-proteine-native-de-lactoserum\/\">Pronativ\u00ae &#8211; Prot\u00e9ines s\u00e9riques natives<\/a><\/li>\n<li><a href=\"https:\/\/www.lactalisingredients.com\/fr\/produits-ingredients-laitiers\/proteines-et-mineraux\/pronativ-caseine-micellaire-native\/\">Pronativ\u00ae &#8211; Cas\u00e9ine micellaire native<\/a><\/li>\n<\/ul>\n<p>Gr\u00e2ce \u00e0 leurs qualit\u00e9s nutritionnelles et fonctionnelles, elles peuvent \u00eatre utilis\u00e9es dans des produits de nutrition sportive, clinique ou infantile et dans diff\u00e9rents types de produits tels que les boissons, les barres, les yaourts, etc.<\/p>\n<p>&nbsp;<\/p>\n","protected":false},"excerpt":{"rendered":"<p>Les prot\u00e9ines sont pr\u00e9sentes dans toutes les cellules du corps [&hellip;]<\/p>\n","protected":false},"author":2,"featured_media":12573,"parent":7069,"menu_order":15,"comment_status":"closed","ping_status":"closed","template":"page-ssproduct.php","meta":{"_acf_changed":false,"footnotes":""},"class_list":["post-7087","page","type-page","status-publish","has-post-thumbnail","hentry"],"acf":[],"yoast_head":"<!-- This site is optimized with the Yoast SEO plugin v25.2 - https:\/\/yoast.com\/wordpress\/plugins\/seo\/ -->\n<title>Lactalis Ingredients producteur de prot\u00e9ines<\/title>\n<meta name=\"description\" content=\"En tant que producteur de prot\u00e9ines, LACTALIS Ingredients propose une large gamme de produits pour applications nutritionnelles.\" \/>\n<meta name=\"robots\" content=\"index, follow, max-snippet:-1, max-image-preview:large, max-video-preview:-1\" \/>\n<link rel=\"canonical\" href=\"https:\/\/www.lactalisingredients.com\/fr\/produits-ingredients-laitiers\/proteines-et-mineraux\/\" \/>\n<meta property=\"og:locale\" content=\"fr_FR\" \/>\n<meta property=\"og:type\" content=\"article\" \/>\n<meta property=\"og:title\" content=\"Lactalis Ingredients producteur de prot\u00e9ines\" \/>\n<meta property=\"og:description\" content=\"En tant que producteur de prot\u00e9ines, LACTALIS Ingredients propose une large gamme de produits pour applications nutritionnelles.\" \/>\n<meta property=\"og:url\" content=\"https:\/\/www.lactalisingredients.com\/fr\/produits-ingredients-laitiers\/proteines-et-mineraux\/\" \/>\n<meta property=\"og:site_name\" content=\"Lactalis Ingredients\" \/>\n<meta property=\"article:modified_time\" content=\"2022-02-23T16:00:34+00:00\" \/>\n<meta property=\"og:image\" content=\"https:\/\/www.lactalisingredients.com\/wp-content\/uploads\/2021\/12\/header-protein2.jpg\" \/>\n\t<meta property=\"og:image:width\" content=\"1920\" \/>\n\t<meta property=\"og:image:height\" content=\"809\" \/>\n\t<meta property=\"og:image:type\" content=\"image\/jpeg\" \/>\n<meta name=\"twitter:label1\" content=\"Est. reading time\" \/>\n\t<meta name=\"twitter:data1\" content=\"1 minute\" \/>\n<script type=\"application\/ld+json\" class=\"yoast-schema-graph\">{\"@context\":\"https:\/\/schema.org\",\"@graph\":[{\"@type\":\"WebPage\",\"@id\":\"https:\/\/www.lactalisingredients.com\/fr\/produits-ingredients-laitiers\/proteines-et-mineraux\/\",\"url\":\"https:\/\/www.lactalisingredients.com\/fr\/produits-ingredients-laitiers\/proteines-et-mineraux\/\",\"name\":\"Lactalis Ingredients producteur de prot\u00e9ines\",\"isPartOf\":{\"@id\":\"https:\/\/www.lactalisingredients.com\/fr\/#website\"},\"primaryImageOfPage\":{\"@id\":\"https:\/\/www.lactalisingredients.com\/fr\/produits-ingredients-laitiers\/proteines-et-mineraux\/#primaryimage\"},\"image\":{\"@id\":\"https:\/\/www.lactalisingredients.com\/fr\/produits-ingredients-laitiers\/proteines-et-mineraux\/#primaryimage\"},\"thumbnailUrl\":\"https:\/\/www.lactalisingredients.com\/wp-content\/uploads\/2021\/12\/header-protein2.jpg\",\"datePublished\":\"2015-02-13T08:22:22+00:00\",\"dateModified\":\"2022-02-23T16:00:34+00:00\",\"description\":\"En tant que producteur de prot\u00e9ines, LACTALIS Ingredients propose une large gamme de produits pour applications nutritionnelles.\",\"breadcrumb\":{\"@id\":\"https:\/\/www.lactalisingredients.com\/fr\/produits-ingredients-laitiers\/proteines-et-mineraux\/#breadcrumb\"},\"inLanguage\":\"fr-FR\",\"potentialAction\":[{\"@type\":\"ReadAction\",\"target\":[\"https:\/\/www.lactalisingredients.com\/fr\/produits-ingredients-laitiers\/proteines-et-mineraux\/\"]}]},{\"@type\":\"ImageObject\",\"inLanguage\":\"fr-FR\",\"@id\":\"https:\/\/www.lactalisingredients.com\/fr\/produits-ingredients-laitiers\/proteines-et-mineraux\/#primaryimage\",\"url\":\"https:\/\/www.lactalisingredients.com\/wp-content\/uploads\/2021\/12\/header-protein2.jpg\",\"contentUrl\":\"https:\/\/www.lactalisingredients.com\/wp-content\/uploads\/2021\/12\/header-protein2.jpg\",\"width\":1920,\"height\":809},{\"@type\":\"BreadcrumbList\",\"@id\":\"https:\/\/www.lactalisingredients.com\/fr\/produits-ingredients-laitiers\/proteines-et-mineraux\/#breadcrumb\",\"itemListElement\":[{\"@type\":\"ListItem\",\"position\":1,\"name\":\"Accueil\",\"item\":\"https:\/\/www.lactalisingredients.com\/fr\/\"},{\"@type\":\"ListItem\",\"position\":2,\"name\":\"Nos produits\",\"item\":\"https:\/\/www.lactalisingredients.com\/fr\/produits-ingredients-laitiers\/\"},{\"@type\":\"ListItem\",\"position\":3,\"name\":\"Prot\u00e9ines\"}]},{\"@type\":\"WebSite\",\"@id\":\"https:\/\/www.lactalisingredients.com\/fr\/#website\",\"url\":\"https:\/\/www.lactalisingredients.com\/fr\/\",\"name\":\"Lactalis Ingredients\",\"description\":\"\",\"publisher\":{\"@id\":\"https:\/\/www.lactalisingredients.com\/fr\/#organization\"},\"potentialAction\":[{\"@type\":\"SearchAction\",\"target\":{\"@type\":\"EntryPoint\",\"urlTemplate\":\"https:\/\/www.lactalisingredients.com\/fr\/?s={search_term_string}\"},\"query-input\":{\"@type\":\"PropertyValueSpecification\",\"valueRequired\":true,\"valueName\":\"search_term_string\"}}],\"inLanguage\":\"fr-FR\"},{\"@type\":\"Organization\",\"@id\":\"https:\/\/www.lactalisingredients.com\/fr\/#organization\",\"name\":\"Lactalis Ingredients\",\"url\":\"https:\/\/www.lactalisingredients.com\/fr\/\",\"logo\":{\"@type\":\"ImageObject\",\"inLanguage\":\"fr-FR\",\"@id\":\"https:\/\/www.lactalisingredients.com\/fr\/#\/schema\/logo\/image\/\",\"url\":\"https:\/\/www.lactalisingredients.com\/wp-content\/uploads\/2019\/05\/logo-lactalise-history.jpg\",\"contentUrl\":\"https:\/\/www.lactalisingredients.com\/wp-content\/uploads\/2019\/05\/logo-lactalise-history.jpg\",\"width\":242,\"height\":81,\"caption\":\"Lactalis Ingredients\"},\"image\":{\"@id\":\"https:\/\/www.lactalisingredients.com\/fr\/#\/schema\/logo\/image\/\"}}]}<\/script>\n<!-- \/ Yoast SEO plugin. -->","yoast_head_json":{"title":"Lactalis Ingredients producteur de prot\u00e9ines","description":"En tant que producteur de prot\u00e9ines, LACTALIS Ingredients propose une large gamme de produits pour applications nutritionnelles.","robots":{"index":"index","follow":"follow","max-snippet":"max-snippet:-1","max-image-preview":"max-image-preview:large","max-video-preview":"max-video-preview:-1"},"canonical":"https:\/\/www.lactalisingredients.com\/fr\/produits-ingredients-laitiers\/proteines-et-mineraux\/","og_locale":"fr_FR","og_type":"article","og_title":"Lactalis Ingredients producteur de prot\u00e9ines","og_description":"En tant que producteur de prot\u00e9ines, LACTALIS Ingredients propose une large gamme de produits pour applications nutritionnelles.","og_url":"https:\/\/www.lactalisingredients.com\/fr\/produits-ingredients-laitiers\/proteines-et-mineraux\/","og_site_name":"Lactalis Ingredients","article_modified_time":"2022-02-23T16:00:34+00:00","og_image":[{"width":1920,"height":809,"url":"https:\/\/www.lactalisingredients.com\/wp-content\/uploads\/2021\/12\/header-protein2.jpg","type":"image\/jpeg"}],"twitter_misc":{"Est. reading time":"1 minute"},"schema":{"@context":"https:\/\/schema.org","@graph":[{"@type":"WebPage","@id":"https:\/\/www.lactalisingredients.com\/fr\/produits-ingredients-laitiers\/proteines-et-mineraux\/","url":"https:\/\/www.lactalisingredients.com\/fr\/produits-ingredients-laitiers\/proteines-et-mineraux\/","name":"Lactalis Ingredients producteur de prot\u00e9ines","isPartOf":{"@id":"https:\/\/www.lactalisingredients.com\/fr\/#website"},"primaryImageOfPage":{"@id":"https:\/\/www.lactalisingredients.com\/fr\/produits-ingredients-laitiers\/proteines-et-mineraux\/#primaryimage"},"image":{"@id":"https:\/\/www.lactalisingredients.com\/fr\/produits-ingredients-laitiers\/proteines-et-mineraux\/#primaryimage"},"thumbnailUrl":"https:\/\/www.lactalisingredients.com\/wp-content\/uploads\/2021\/12\/header-protein2.jpg","datePublished":"2015-02-13T08:22:22+00:00","dateModified":"2022-02-23T16:00:34+00:00","description":"En tant que producteur de prot\u00e9ines, LACTALIS Ingredients propose une large gamme de produits pour applications nutritionnelles.","breadcrumb":{"@id":"https:\/\/www.lactalisingredients.com\/fr\/produits-ingredients-laitiers\/proteines-et-mineraux\/#breadcrumb"},"inLanguage":"fr-FR","potentialAction":[{"@type":"ReadAction","target":["https:\/\/www.lactalisingredients.com\/fr\/produits-ingredients-laitiers\/proteines-et-mineraux\/"]}]},{"@type":"ImageObject","inLanguage":"fr-FR","@id":"https:\/\/www.lactalisingredients.com\/fr\/produits-ingredients-laitiers\/proteines-et-mineraux\/#primaryimage","url":"https:\/\/www.lactalisingredients.com\/wp-content\/uploads\/2021\/12\/header-protein2.jpg","contentUrl":"https:\/\/www.lactalisingredients.com\/wp-content\/uploads\/2021\/12\/header-protein2.jpg","width":1920,"height":809},{"@type":"BreadcrumbList","@id":"https:\/\/www.lactalisingredients.com\/fr\/produits-ingredients-laitiers\/proteines-et-mineraux\/#breadcrumb","itemListElement":[{"@type":"ListItem","position":1,"name":"Accueil","item":"https:\/\/www.lactalisingredients.com\/fr\/"},{"@type":"ListItem","position":2,"name":"Nos produits","item":"https:\/\/www.lactalisingredients.com\/fr\/produits-ingredients-laitiers\/"},{"@type":"ListItem","position":3,"name":"Prot\u00e9ines"}]},{"@type":"WebSite","@id":"https:\/\/www.lactalisingredients.com\/fr\/#website","url":"https:\/\/www.lactalisingredients.com\/fr\/","name":"Lactalis Ingredients","description":"","publisher":{"@id":"https:\/\/www.lactalisingredients.com\/fr\/#organization"},"potentialAction":[{"@type":"SearchAction","target":{"@type":"EntryPoint","urlTemplate":"https:\/\/www.lactalisingredients.com\/fr\/?s={search_term_string}"},"query-input":{"@type":"PropertyValueSpecification","valueRequired":true,"valueName":"search_term_string"}}],"inLanguage":"fr-FR"},{"@type":"Organization","@id":"https:\/\/www.lactalisingredients.com\/fr\/#organization","name":"Lactalis Ingredients","url":"https:\/\/www.lactalisingredients.com\/fr\/","logo":{"@type":"ImageObject","inLanguage":"fr-FR","@id":"https:\/\/www.lactalisingredients.com\/fr\/#\/schema\/logo\/image\/","url":"https:\/\/www.lactalisingredients.com\/wp-content\/uploads\/2019\/05\/logo-lactalise-history.jpg","contentUrl":"https:\/\/www.lactalisingredients.com\/wp-content\/uploads\/2019\/05\/logo-lactalise-history.jpg","width":242,"height":81,"caption":"Lactalis Ingredients"},"image":{"@id":"https:\/\/www.lactalisingredients.com\/fr\/#\/schema\/logo\/image\/"}}]}},"_links":{"self":[{"href":"https:\/\/www.lactalisingredients.com\/fr\/wp-json\/wp\/v2\/pages\/7087","targetHints":{"allow":["GET"]}}],"collection":[{"href":"https:\/\/www.lactalisingredients.com\/fr\/wp-json\/wp\/v2\/pages"}],"about":[{"href":"https:\/\/www.lactalisingredients.com\/fr\/wp-json\/wp\/v2\/types\/page"}],"author":[{"embeddable":true,"href":"https:\/\/www.lactalisingredients.com\/fr\/wp-json\/wp\/v2\/users\/2"}],"replies":[{"embeddable":true,"href":"https:\/\/www.lactalisingredients.com\/fr\/wp-json\/wp\/v2\/comments?post=7087"}],"version-history":[{"count":5,"href":"https:\/\/www.lactalisingredients.com\/fr\/wp-json\/wp\/v2\/pages\/7087\/revisions"}],"predecessor-version":[{"id":13121,"href":"https:\/\/www.lactalisingredients.com\/fr\/wp-json\/wp\/v2\/pages\/7087\/revisions\/13121"}],"up":[{"embeddable":true,"href":"https:\/\/www.lactalisingredients.com\/fr\/wp-json\/wp\/v2\/pages\/7069"}],"wp:featuredmedia":[{"embeddable":true,"href":"https:\/\/www.lactalisingredients.com\/fr\/wp-json\/wp\/v2\/media\/12573"}],"wp:attachment":[{"href":"https:\/\/www.lactalisingredients.com\/fr\/wp-json\/wp\/v2\/media?parent=7087"}],"curies":[{"name":"wp","href":"https:\/\/api.w.org\/{rel}","templated":true}]}}