{"id":7092,"date":"2015-07-22T15:12:35","date_gmt":"2015-07-22T14:12:35","guid":{"rendered":"https:\/\/www.lactalisingredients.com\/produits-ingredients-laitiers\/proteines-et-mineraux\/casein-caseinates\/"},"modified":"2026-01-13T17:12:16","modified_gmt":"2026-01-13T16:12:16","slug":"caseines","status":"publish","type":"page","link":"https:\/\/www.lactalisingredients.com\/fr\/produits-ingredients-laitiers\/proteines-et-mineraux\/caseines\/","title":{"rendered":"Cas\u00e9ines"},"content":{"rendered":"<p>Les cas\u00e9ines sont des prot\u00e9ines de lait hautement fonctionnelles fabriqu\u00e9es \u00e0 partir de lait \u00e9cr\u00e9m\u00e9 coagul\u00e9 avec de la pr\u00e9sure ou de l&#8217;acide. Avec une vari\u00e9t\u00e9 d&#8217;options, notre gamme de poudres de cas\u00e9ine convient \u00e0 diverses applications telles que les <a href=\"https:\/\/www.lactalisingredients.com\/fr\/applications\/fromages\/\">fromages fondu<\/a>s, les fromages analogues et la nutrition.<\/p>\n<p>En tant que producteur d&#8217;ingr\u00e9dients laitiers, LACTALIS Ingredients propose une gamme de cas\u00e9ines pour r\u00e9pondre aux sp\u00e9cificit\u00e9s de vos produits et proc\u00e9d\u00e9s :<\/p>\n<ul class=\"ul\">\n<li>Cas\u00e9ine acide ou pr\u00e9sure,<\/li>\n<li>Granulom\u00e9trie de 80 \u00e0 110 mesh selon la fonctionnalit\u00e9 souhait\u00e9e<\/li>\n<\/ul>\n","protected":false},"excerpt":{"rendered":"<p>Les cas\u00e9ines sont des prot\u00e9ines de lait hautement fonctionnelles fabriqu\u00e9es [&hellip;]<\/p>\n","protected":false},"author":4,"featured_media":18858,"parent":7087,"menu_order":1,"comment_status":"closed","ping_status":"closed","template":"page-ss-ss-product.php","meta":{"_acf_changed":false,"footnotes":""},"class_list":["post-7092","page","type-page","status-publish","has-post-thumbnail","hentry"],"acf":[],"yoast_head":"<!-- This site is optimized with the Yoast SEO plugin v25.2 - https:\/\/yoast.com\/wordpress\/plugins\/seo\/ -->\n<title>D\u00e9couvrez nos cas\u00e9ines - Lactalis Ingredients<\/title>\n<meta name=\"description\" content=\"Notre gamme de cas\u00e9ines convient \u00e0 diverses applications telles que les fromages fondus, les fromages analogues et la nutrition.\" \/>\n<meta name=\"robots\" content=\"index, follow, max-snippet:-1, max-image-preview:large, max-video-preview:-1\" \/>\n<link rel=\"canonical\" href=\"https:\/\/www.lactalisingredients.com\/fr\/produits-ingredients-laitiers\/proteines-et-mineraux\/caseines\/\" \/>\n<meta property=\"og:locale\" content=\"fr_FR\" \/>\n<meta property=\"og:type\" content=\"article\" \/>\n<meta property=\"og:title\" content=\"D\u00e9couvrez nos cas\u00e9ines - Lactalis Ingredients\" \/>\n<meta property=\"og:description\" content=\"Notre gamme de cas\u00e9ines convient \u00e0 diverses applications telles que les fromages fondus, les fromages analogues et la nutrition.\" \/>\n<meta property=\"og:url\" content=\"https:\/\/www.lactalisingredients.com\/fr\/produits-ingredients-laitiers\/proteines-et-mineraux\/caseines\/\" \/>\n<meta property=\"og:site_name\" content=\"Lactalis Ingredients\" \/>\n<meta property=\"article:modified_time\" content=\"2026-01-13T16:12:16+00:00\" \/>\n<meta property=\"og:image\" content=\"https:\/\/www.lactalisingredients.com\/wp-content\/uploads\/2025\/02\/bandeau-page-CASEINE-1.jpg\" \/>\n\t<meta property=\"og:image:width\" content=\"1920\" \/>\n\t<meta property=\"og:image:height\" content=\"520\" \/>\n\t<meta property=\"og:image:type\" content=\"image\/jpeg\" \/>\n<meta name=\"twitter:label1\" content=\"Est. reading time\" \/>\n\t<meta name=\"twitter:data1\" content=\"1 minute\" \/>\n<script type=\"application\/ld+json\" class=\"yoast-schema-graph\">{\"@context\":\"https:\/\/schema.org\",\"@graph\":[{\"@type\":\"WebPage\",\"@id\":\"https:\/\/www.lactalisingredients.com\/fr\/produits-ingredients-laitiers\/proteines-et-mineraux\/caseines\/\",\"url\":\"https:\/\/www.lactalisingredients.com\/fr\/produits-ingredients-laitiers\/proteines-et-mineraux\/caseines\/\",\"name\":\"D\u00e9couvrez nos cas\u00e9ines - Lactalis Ingredients\",\"isPartOf\":{\"@id\":\"https:\/\/www.lactalisingredients.com\/fr\/#website\"},\"primaryImageOfPage\":{\"@id\":\"https:\/\/www.lactalisingredients.com\/fr\/produits-ingredients-laitiers\/proteines-et-mineraux\/caseines\/#primaryimage\"},\"image\":{\"@id\":\"https:\/\/www.lactalisingredients.com\/fr\/produits-ingredients-laitiers\/proteines-et-mineraux\/caseines\/#primaryimage\"},\"thumbnailUrl\":\"https:\/\/www.lactalisingredients.com\/wp-content\/uploads\/2025\/02\/bandeau-page-CASEINE-1.jpg\",\"datePublished\":\"2015-07-22T14:12:35+00:00\",\"dateModified\":\"2026-01-13T16:12:16+00:00\",\"description\":\"Notre gamme de cas\u00e9ines convient \u00e0 diverses applications telles que les fromages fondus, les fromages analogues et la nutrition.\",\"breadcrumb\":{\"@id\":\"https:\/\/www.lactalisingredients.com\/fr\/produits-ingredients-laitiers\/proteines-et-mineraux\/caseines\/#breadcrumb\"},\"inLanguage\":\"fr-FR\",\"potentialAction\":[{\"@type\":\"ReadAction\",\"target\":[\"https:\/\/www.lactalisingredients.com\/fr\/produits-ingredients-laitiers\/proteines-et-mineraux\/caseines\/\"]}]},{\"@type\":\"ImageObject\",\"inLanguage\":\"fr-FR\",\"@id\":\"https:\/\/www.lactalisingredients.com\/fr\/produits-ingredients-laitiers\/proteines-et-mineraux\/caseines\/#primaryimage\",\"url\":\"https:\/\/www.lactalisingredients.com\/wp-content\/uploads\/2025\/02\/bandeau-page-CASEINE-1.jpg\",\"contentUrl\":\"https:\/\/www.lactalisingredients.com\/wp-content\/uploads\/2025\/02\/bandeau-page-CASEINE-1.jpg\",\"width\":1920,\"height\":520},{\"@type\":\"BreadcrumbList\",\"@id\":\"https:\/\/www.lactalisingredients.com\/fr\/produits-ingredients-laitiers\/proteines-et-mineraux\/caseines\/#breadcrumb\",\"itemListElement\":[{\"@type\":\"ListItem\",\"position\":1,\"name\":\"Accueil\",\"item\":\"https:\/\/www.lactalisingredients.com\/fr\/\"},{\"@type\":\"ListItem\",\"position\":2,\"name\":\"Nos produits\",\"item\":\"https:\/\/www.lactalisingredients.com\/fr\/produits-ingredients-laitiers\/\"},{\"@type\":\"ListItem\",\"position\":3,\"name\":\"Prot\u00e9ines\",\"item\":\"https:\/\/www.lactalisingredients.com\/fr\/produits-ingredients-laitiers\/proteines-et-mineraux\/\"},{\"@type\":\"ListItem\",\"position\":4,\"name\":\"Cas\u00e9ines\"}]},{\"@type\":\"WebSite\",\"@id\":\"https:\/\/www.lactalisingredients.com\/fr\/#website\",\"url\":\"https:\/\/www.lactalisingredients.com\/fr\/\",\"name\":\"Lactalis Ingredients\",\"description\":\"\",\"publisher\":{\"@id\":\"https:\/\/www.lactalisingredients.com\/fr\/#organization\"},\"potentialAction\":[{\"@type\":\"SearchAction\",\"target\":{\"@type\":\"EntryPoint\",\"urlTemplate\":\"https:\/\/www.lactalisingredients.com\/fr\/?s={search_term_string}\"},\"query-input\":{\"@type\":\"PropertyValueSpecification\",\"valueRequired\":true,\"valueName\":\"search_term_string\"}}],\"inLanguage\":\"fr-FR\"},{\"@type\":\"Organization\",\"@id\":\"https:\/\/www.lactalisingredients.com\/fr\/#organization\",\"name\":\"Lactalis Ingredients\",\"url\":\"https:\/\/www.lactalisingredients.com\/fr\/\",\"logo\":{\"@type\":\"ImageObject\",\"inLanguage\":\"fr-FR\",\"@id\":\"https:\/\/www.lactalisingredients.com\/fr\/#\/schema\/logo\/image\/\",\"url\":\"https:\/\/www.lactalisingredients.com\/wp-content\/uploads\/2019\/05\/logo-lactalise-history.jpg\",\"contentUrl\":\"https:\/\/www.lactalisingredients.com\/wp-content\/uploads\/2019\/05\/logo-lactalise-history.jpg\",\"width\":242,\"height\":81,\"caption\":\"Lactalis Ingredients\"},\"image\":{\"@id\":\"https:\/\/www.lactalisingredients.com\/fr\/#\/schema\/logo\/image\/\"}}]}<\/script>\n<!-- \/ Yoast SEO plugin. -->","yoast_head_json":{"title":"D\u00e9couvrez nos cas\u00e9ines - Lactalis Ingredients","description":"Notre gamme de cas\u00e9ines convient \u00e0 diverses applications telles que les fromages fondus, les fromages analogues et la nutrition.","robots":{"index":"index","follow":"follow","max-snippet":"max-snippet:-1","max-image-preview":"max-image-preview:large","max-video-preview":"max-video-preview:-1"},"canonical":"https:\/\/www.lactalisingredients.com\/fr\/produits-ingredients-laitiers\/proteines-et-mineraux\/caseines\/","og_locale":"fr_FR","og_type":"article","og_title":"D\u00e9couvrez nos cas\u00e9ines - Lactalis Ingredients","og_description":"Notre gamme de cas\u00e9ines convient \u00e0 diverses applications telles que les fromages fondus, les fromages analogues et la nutrition.","og_url":"https:\/\/www.lactalisingredients.com\/fr\/produits-ingredients-laitiers\/proteines-et-mineraux\/caseines\/","og_site_name":"Lactalis Ingredients","article_modified_time":"2026-01-13T16:12:16+00:00","og_image":[{"width":1920,"height":520,"url":"https:\/\/www.lactalisingredients.com\/wp-content\/uploads\/2025\/02\/bandeau-page-CASEINE-1.jpg","type":"image\/jpeg"}],"twitter_misc":{"Est. reading time":"1 minute"},"schema":{"@context":"https:\/\/schema.org","@graph":[{"@type":"WebPage","@id":"https:\/\/www.lactalisingredients.com\/fr\/produits-ingredients-laitiers\/proteines-et-mineraux\/caseines\/","url":"https:\/\/www.lactalisingredients.com\/fr\/produits-ingredients-laitiers\/proteines-et-mineraux\/caseines\/","name":"D\u00e9couvrez nos cas\u00e9ines - Lactalis Ingredients","isPartOf":{"@id":"https:\/\/www.lactalisingredients.com\/fr\/#website"},"primaryImageOfPage":{"@id":"https:\/\/www.lactalisingredients.com\/fr\/produits-ingredients-laitiers\/proteines-et-mineraux\/caseines\/#primaryimage"},"image":{"@id":"https:\/\/www.lactalisingredients.com\/fr\/produits-ingredients-laitiers\/proteines-et-mineraux\/caseines\/#primaryimage"},"thumbnailUrl":"https:\/\/www.lactalisingredients.com\/wp-content\/uploads\/2025\/02\/bandeau-page-CASEINE-1.jpg","datePublished":"2015-07-22T14:12:35+00:00","dateModified":"2026-01-13T16:12:16+00:00","description":"Notre gamme de cas\u00e9ines convient \u00e0 diverses applications telles que les fromages fondus, les fromages analogues et la nutrition.","breadcrumb":{"@id":"https:\/\/www.lactalisingredients.com\/fr\/produits-ingredients-laitiers\/proteines-et-mineraux\/caseines\/#breadcrumb"},"inLanguage":"fr-FR","potentialAction":[{"@type":"ReadAction","target":["https:\/\/www.lactalisingredients.com\/fr\/produits-ingredients-laitiers\/proteines-et-mineraux\/caseines\/"]}]},{"@type":"ImageObject","inLanguage":"fr-FR","@id":"https:\/\/www.lactalisingredients.com\/fr\/produits-ingredients-laitiers\/proteines-et-mineraux\/caseines\/#primaryimage","url":"https:\/\/www.lactalisingredients.com\/wp-content\/uploads\/2025\/02\/bandeau-page-CASEINE-1.jpg","contentUrl":"https:\/\/www.lactalisingredients.com\/wp-content\/uploads\/2025\/02\/bandeau-page-CASEINE-1.jpg","width":1920,"height":520},{"@type":"BreadcrumbList","@id":"https:\/\/www.lactalisingredients.com\/fr\/produits-ingredients-laitiers\/proteines-et-mineraux\/caseines\/#breadcrumb","itemListElement":[{"@type":"ListItem","position":1,"name":"Accueil","item":"https:\/\/www.lactalisingredients.com\/fr\/"},{"@type":"ListItem","position":2,"name":"Nos produits","item":"https:\/\/www.lactalisingredients.com\/fr\/produits-ingredients-laitiers\/"},{"@type":"ListItem","position":3,"name":"Prot\u00e9ines","item":"https:\/\/www.lactalisingredients.com\/fr\/produits-ingredients-laitiers\/proteines-et-mineraux\/"},{"@type":"ListItem","position":4,"name":"Cas\u00e9ines"}]},{"@type":"WebSite","@id":"https:\/\/www.lactalisingredients.com\/fr\/#website","url":"https:\/\/www.lactalisingredients.com\/fr\/","name":"Lactalis Ingredients","description":"","publisher":{"@id":"https:\/\/www.lactalisingredients.com\/fr\/#organization"},"potentialAction":[{"@type":"SearchAction","target":{"@type":"EntryPoint","urlTemplate":"https:\/\/www.lactalisingredients.com\/fr\/?s={search_term_string}"},"query-input":{"@type":"PropertyValueSpecification","valueRequired":true,"valueName":"search_term_string"}}],"inLanguage":"fr-FR"},{"@type":"Organization","@id":"https:\/\/www.lactalisingredients.com\/fr\/#organization","name":"Lactalis Ingredients","url":"https:\/\/www.lactalisingredients.com\/fr\/","logo":{"@type":"ImageObject","inLanguage":"fr-FR","@id":"https:\/\/www.lactalisingredients.com\/fr\/#\/schema\/logo\/image\/","url":"https:\/\/www.lactalisingredients.com\/wp-content\/uploads\/2019\/05\/logo-lactalise-history.jpg","contentUrl":"https:\/\/www.lactalisingredients.com\/wp-content\/uploads\/2019\/05\/logo-lactalise-history.jpg","width":242,"height":81,"caption":"Lactalis Ingredients"},"image":{"@id":"https:\/\/www.lactalisingredients.com\/fr\/#\/schema\/logo\/image\/"}}]}},"_links":{"self":[{"href":"https:\/\/www.lactalisingredients.com\/fr\/wp-json\/wp\/v2\/pages\/7092","targetHints":{"allow":["GET"]}}],"collection":[{"href":"https:\/\/www.lactalisingredients.com\/fr\/wp-json\/wp\/v2\/pages"}],"about":[{"href":"https:\/\/www.lactalisingredients.com\/fr\/wp-json\/wp\/v2\/types\/page"}],"author":[{"embeddable":true,"href":"https:\/\/www.lactalisingredients.com\/fr\/wp-json\/wp\/v2\/users\/4"}],"replies":[{"embeddable":true,"href":"https:\/\/www.lactalisingredients.com\/fr\/wp-json\/wp\/v2\/comments?post=7092"}],"version-history":[{"count":5,"href":"https:\/\/www.lactalisingredients.com\/fr\/wp-json\/wp\/v2\/pages\/7092\/revisions"}],"predecessor-version":[{"id":1538376,"href":"https:\/\/www.lactalisingredients.com\/fr\/wp-json\/wp\/v2\/pages\/7092\/revisions\/1538376"}],"up":[{"embeddable":true,"href":"https:\/\/www.lactalisingredients.com\/fr\/wp-json\/wp\/v2\/pages\/7087"}],"wp:featuredmedia":[{"embeddable":true,"href":"https:\/\/www.lactalisingredients.com\/fr\/wp-json\/wp\/v2\/media\/18858"}],"wp:attachment":[{"href":"https:\/\/www.lactalisingredients.com\/fr\/wp-json\/wp\/v2\/media?parent=7092"}],"curies":[{"name":"wp","href":"https:\/\/api.w.org\/{rel}","templated":true}]}}