{"id":7101,"date":"2015-02-17T15:25:20","date_gmt":"2015-02-17T14:25:20","guid":{"rendered":"https:\/\/www.lactalisingredients.com\/produits-ingredients-laitiers\/cheese-ingredients-2\/"},"modified":"2026-02-26T15:12:13","modified_gmt":"2026-02-26T14:12:13","slug":"fromages","status":"publish","type":"page","link":"https:\/\/www.lactalisingredients.com\/fr\/produits-ingredients-laitiers\/fromages\/","title":{"rendered":"Fromages"},"content":{"rendered":"<p>Gr\u00e2ce au savoir-faire et \u00e0 l&#8217;expertise du Groupe LACTALIS, premier producteur mondial de fromages, LACTALIS Ingredients propose une gamme de fromages \u00e0 usage industriel. Notre longue exp\u00e9rience et notre compr\u00e9hension de la fabrication du fromage et de ses applications, nous permettent de r\u00e9pondre aux attentes \u00e9lev\u00e9es de nos clients. Chez LACTALIS Ingredients, notre expertise technique nous permet de vous apporter la meilleure solution en termes de fonctionnalit\u00e9 et de qualit\u00e9 bact\u00e9riologique et organoleptique pour r\u00e9pondre \u00e0 vos besoins en termes de go\u00fbt, de r\u00e2pabilit\u00e9, de filant et de pouvoir couvrant.<\/p>\n<p>Notre gamme de produits :<\/p>\n<ul class=\"ul\">\n<li><a href=\"https:\/\/www.lactalisingredients.com\/fr\/produits-ingredients-laitiers\/fromages\/mozzarella\/\">Mozzarella<\/a>, un fromage \u00e0 p\u00e2te fil\u00e9e id\u00e9al pour donner de longs filaments \u00e0 de nombreuses pr\u00e9parations alimentaires comme les pizzas et les plats cuisin\u00e9s. Nous offrons une qualit\u00e9 \u00e9galement adapt\u00e9e pour le r\u00e2page.<\/li>\n<li><a href=\"https:\/\/www.lactalisingredients.com\/fr\/produits-ingredients-laitiers\/fromages\/emmental\/\">Emmental<\/a>, fromage \u00e0 p\u00e2te press\u00e9e non cuite, id\u00e9al pour apporter une saveur de fromage l\u00e9g\u00e8rement fruit\u00e9e et \u00e9quilibr\u00e9e.<\/li>\n<li><a href=\"https:\/\/www.lactalisingredients.com\/fr\/produits-ingredients-laitiers\/fromages\/cheddar\/\">Cheddar<\/a>, fromage affin\u00e9 \u00e0 p\u00e2te dure de haute qualit\u00e9, connu pour ses caract\u00e9ristiques fonctionnelles et gustatives.<\/li>\n<\/ul>\n<p>LACTALIS Ingredients propose des solutions utilisables dans de nombreuses applications, telles que les pizzas, les plats cuisin\u00e9s ou les fromages fondus, et adapt\u00e9es aux diff\u00e9rents process.<\/p>\n","protected":false},"excerpt":{"rendered":"<p>Gr\u00e2ce au savoir-faire et \u00e0 l&#8217;expertise du Groupe LACTALIS, premier [&hellip;]<\/p>\n","protected":false},"author":2,"featured_media":12327,"parent":7069,"menu_order":25,"comment_status":"closed","ping_status":"closed","template":"page-ssproduct.php","meta":{"_acf_changed":false,"footnotes":""},"class_list":["post-7101","page","type-page","status-publish","has-post-thumbnail","hentry"],"acf":[],"yoast_head":"<!-- This site is optimized with the Yoast SEO plugin v25.2 - https:\/\/yoast.com\/wordpress\/plugins\/seo\/ -->\n<title>D\u00e9couvrez nos fromages \u00e0 usage industriel - Lactalis Ingredients<\/title>\n<meta name=\"description\" content=\"Gr\u00e2ce au savoir-faire du Groupe Lactalis, premier producteur mondial de fromages, Lactalis Ingredients propose une gamme de fromages \u00e0 usage industriel.\" \/>\n<meta name=\"robots\" content=\"index, follow, max-snippet:-1, max-image-preview:large, max-video-preview:-1\" \/>\n<link rel=\"canonical\" href=\"https:\/\/www.lactalisingredients.com\/fr\/produits-ingredients-laitiers\/fromages\/\" \/>\n<meta property=\"og:locale\" content=\"fr_FR\" \/>\n<meta property=\"og:type\" content=\"article\" \/>\n<meta property=\"og:title\" content=\"D\u00e9couvrez nos fromages \u00e0 usage industriel - Lactalis Ingredients\" \/>\n<meta property=\"og:description\" content=\"Gr\u00e2ce au savoir-faire du Groupe Lactalis, premier producteur mondial de fromages, Lactalis Ingredients propose une gamme de fromages \u00e0 usage industriel.\" \/>\n<meta property=\"og:url\" content=\"https:\/\/www.lactalisingredients.com\/fr\/produits-ingredients-laitiers\/fromages\/\" \/>\n<meta property=\"og:site_name\" content=\"Lactalis Ingredients\" \/>\n<meta property=\"article:modified_time\" content=\"2026-02-26T14:12:13+00:00\" \/>\n<meta property=\"og:image\" content=\"https:\/\/www.lactalisingredients.com\/wp-content\/uploads\/2021\/12\/Bandeau-fromages-1.jpg\" \/>\n\t<meta property=\"og:image:width\" content=\"1680\" \/>\n\t<meta property=\"og:image:height\" content=\"520\" \/>\n\t<meta property=\"og:image:type\" content=\"image\/jpeg\" \/>\n<meta name=\"twitter:label1\" content=\"Est. reading time\" \/>\n\t<meta name=\"twitter:data1\" content=\"2 minutes\" \/>\n<script type=\"application\/ld+json\" class=\"yoast-schema-graph\">{\"@context\":\"https:\/\/schema.org\",\"@graph\":[{\"@type\":\"WebPage\",\"@id\":\"https:\/\/www.lactalisingredients.com\/fr\/produits-ingredients-laitiers\/fromages\/\",\"url\":\"https:\/\/www.lactalisingredients.com\/fr\/produits-ingredients-laitiers\/fromages\/\",\"name\":\"D\u00e9couvrez nos fromages \u00e0 usage industriel - Lactalis Ingredients\",\"isPartOf\":{\"@id\":\"https:\/\/www.lactalisingredients.com\/fr\/#website\"},\"primaryImageOfPage\":{\"@id\":\"https:\/\/www.lactalisingredients.com\/fr\/produits-ingredients-laitiers\/fromages\/#primaryimage\"},\"image\":{\"@id\":\"https:\/\/www.lactalisingredients.com\/fr\/produits-ingredients-laitiers\/fromages\/#primaryimage\"},\"thumbnailUrl\":\"https:\/\/www.lactalisingredients.com\/wp-content\/uploads\/2021\/12\/Bandeau-fromages-1.jpg\",\"datePublished\":\"2015-02-17T14:25:20+00:00\",\"dateModified\":\"2026-02-26T14:12:13+00:00\",\"description\":\"Gr\u00e2ce au savoir-faire du Groupe Lactalis, premier producteur mondial de fromages, Lactalis Ingredients propose une gamme de fromages \u00e0 usage industriel.\",\"breadcrumb\":{\"@id\":\"https:\/\/www.lactalisingredients.com\/fr\/produits-ingredients-laitiers\/fromages\/#breadcrumb\"},\"inLanguage\":\"fr-FR\",\"potentialAction\":[{\"@type\":\"ReadAction\",\"target\":[\"https:\/\/www.lactalisingredients.com\/fr\/produits-ingredients-laitiers\/fromages\/\"]}]},{\"@type\":\"ImageObject\",\"inLanguage\":\"fr-FR\",\"@id\":\"https:\/\/www.lactalisingredients.com\/fr\/produits-ingredients-laitiers\/fromages\/#primaryimage\",\"url\":\"https:\/\/www.lactalisingredients.com\/wp-content\/uploads\/2021\/12\/Bandeau-fromages-1.jpg\",\"contentUrl\":\"https:\/\/www.lactalisingredients.com\/wp-content\/uploads\/2021\/12\/Bandeau-fromages-1.jpg\",\"width\":1680,\"height\":520},{\"@type\":\"BreadcrumbList\",\"@id\":\"https:\/\/www.lactalisingredients.com\/fr\/produits-ingredients-laitiers\/fromages\/#breadcrumb\",\"itemListElement\":[{\"@type\":\"ListItem\",\"position\":1,\"name\":\"Accueil\",\"item\":\"https:\/\/www.lactalisingredients.com\/fr\/\"},{\"@type\":\"ListItem\",\"position\":2,\"name\":\"Nos produits\",\"item\":\"https:\/\/www.lactalisingredients.com\/fr\/produits-ingredients-laitiers\/\"},{\"@type\":\"ListItem\",\"position\":3,\"name\":\"Fromages\"}]},{\"@type\":\"WebSite\",\"@id\":\"https:\/\/www.lactalisingredients.com\/fr\/#website\",\"url\":\"https:\/\/www.lactalisingredients.com\/fr\/\",\"name\":\"Lactalis Ingredients\",\"description\":\"\",\"publisher\":{\"@id\":\"https:\/\/www.lactalisingredients.com\/fr\/#organization\"},\"potentialAction\":[{\"@type\":\"SearchAction\",\"target\":{\"@type\":\"EntryPoint\",\"urlTemplate\":\"https:\/\/www.lactalisingredients.com\/fr\/?s={search_term_string}\"},\"query-input\":{\"@type\":\"PropertyValueSpecification\",\"valueRequired\":true,\"valueName\":\"search_term_string\"}}],\"inLanguage\":\"fr-FR\"},{\"@type\":\"Organization\",\"@id\":\"https:\/\/www.lactalisingredients.com\/fr\/#organization\",\"name\":\"Lactalis Ingredients\",\"url\":\"https:\/\/www.lactalisingredients.com\/fr\/\",\"logo\":{\"@type\":\"ImageObject\",\"inLanguage\":\"fr-FR\",\"@id\":\"https:\/\/www.lactalisingredients.com\/fr\/#\/schema\/logo\/image\/\",\"url\":\"https:\/\/www.lactalisingredients.com\/wp-content\/uploads\/2019\/05\/logo-lactalise-history.jpg\",\"contentUrl\":\"https:\/\/www.lactalisingredients.com\/wp-content\/uploads\/2019\/05\/logo-lactalise-history.jpg\",\"width\":242,\"height\":81,\"caption\":\"Lactalis Ingredients\"},\"image\":{\"@id\":\"https:\/\/www.lactalisingredients.com\/fr\/#\/schema\/logo\/image\/\"}}]}<\/script>\n<!-- \/ Yoast SEO plugin. -->","yoast_head_json":{"title":"D\u00e9couvrez nos fromages \u00e0 usage industriel - Lactalis Ingredients","description":"Gr\u00e2ce au savoir-faire du Groupe Lactalis, premier producteur mondial de fromages, Lactalis Ingredients propose une gamme de fromages \u00e0 usage industriel.","robots":{"index":"index","follow":"follow","max-snippet":"max-snippet:-1","max-image-preview":"max-image-preview:large","max-video-preview":"max-video-preview:-1"},"canonical":"https:\/\/www.lactalisingredients.com\/fr\/produits-ingredients-laitiers\/fromages\/","og_locale":"fr_FR","og_type":"article","og_title":"D\u00e9couvrez nos fromages \u00e0 usage industriel - Lactalis Ingredients","og_description":"Gr\u00e2ce au savoir-faire du Groupe Lactalis, premier producteur mondial de fromages, Lactalis Ingredients propose une gamme de fromages \u00e0 usage industriel.","og_url":"https:\/\/www.lactalisingredients.com\/fr\/produits-ingredients-laitiers\/fromages\/","og_site_name":"Lactalis Ingredients","article_modified_time":"2026-02-26T14:12:13+00:00","og_image":[{"width":1680,"height":520,"url":"https:\/\/www.lactalisingredients.com\/wp-content\/uploads\/2021\/12\/Bandeau-fromages-1.jpg","type":"image\/jpeg"}],"twitter_misc":{"Est. reading time":"2 minutes"},"schema":{"@context":"https:\/\/schema.org","@graph":[{"@type":"WebPage","@id":"https:\/\/www.lactalisingredients.com\/fr\/produits-ingredients-laitiers\/fromages\/","url":"https:\/\/www.lactalisingredients.com\/fr\/produits-ingredients-laitiers\/fromages\/","name":"D\u00e9couvrez nos fromages \u00e0 usage industriel - Lactalis Ingredients","isPartOf":{"@id":"https:\/\/www.lactalisingredients.com\/fr\/#website"},"primaryImageOfPage":{"@id":"https:\/\/www.lactalisingredients.com\/fr\/produits-ingredients-laitiers\/fromages\/#primaryimage"},"image":{"@id":"https:\/\/www.lactalisingredients.com\/fr\/produits-ingredients-laitiers\/fromages\/#primaryimage"},"thumbnailUrl":"https:\/\/www.lactalisingredients.com\/wp-content\/uploads\/2021\/12\/Bandeau-fromages-1.jpg","datePublished":"2015-02-17T14:25:20+00:00","dateModified":"2026-02-26T14:12:13+00:00","description":"Gr\u00e2ce au savoir-faire du Groupe Lactalis, premier producteur mondial de fromages, Lactalis Ingredients propose une gamme de fromages \u00e0 usage industriel.","breadcrumb":{"@id":"https:\/\/www.lactalisingredients.com\/fr\/produits-ingredients-laitiers\/fromages\/#breadcrumb"},"inLanguage":"fr-FR","potentialAction":[{"@type":"ReadAction","target":["https:\/\/www.lactalisingredients.com\/fr\/produits-ingredients-laitiers\/fromages\/"]}]},{"@type":"ImageObject","inLanguage":"fr-FR","@id":"https:\/\/www.lactalisingredients.com\/fr\/produits-ingredients-laitiers\/fromages\/#primaryimage","url":"https:\/\/www.lactalisingredients.com\/wp-content\/uploads\/2021\/12\/Bandeau-fromages-1.jpg","contentUrl":"https:\/\/www.lactalisingredients.com\/wp-content\/uploads\/2021\/12\/Bandeau-fromages-1.jpg","width":1680,"height":520},{"@type":"BreadcrumbList","@id":"https:\/\/www.lactalisingredients.com\/fr\/produits-ingredients-laitiers\/fromages\/#breadcrumb","itemListElement":[{"@type":"ListItem","position":1,"name":"Accueil","item":"https:\/\/www.lactalisingredients.com\/fr\/"},{"@type":"ListItem","position":2,"name":"Nos produits","item":"https:\/\/www.lactalisingredients.com\/fr\/produits-ingredients-laitiers\/"},{"@type":"ListItem","position":3,"name":"Fromages"}]},{"@type":"WebSite","@id":"https:\/\/www.lactalisingredients.com\/fr\/#website","url":"https:\/\/www.lactalisingredients.com\/fr\/","name":"Lactalis Ingredients","description":"","publisher":{"@id":"https:\/\/www.lactalisingredients.com\/fr\/#organization"},"potentialAction":[{"@type":"SearchAction","target":{"@type":"EntryPoint","urlTemplate":"https:\/\/www.lactalisingredients.com\/fr\/?s={search_term_string}"},"query-input":{"@type":"PropertyValueSpecification","valueRequired":true,"valueName":"search_term_string"}}],"inLanguage":"fr-FR"},{"@type":"Organization","@id":"https:\/\/www.lactalisingredients.com\/fr\/#organization","name":"Lactalis Ingredients","url":"https:\/\/www.lactalisingredients.com\/fr\/","logo":{"@type":"ImageObject","inLanguage":"fr-FR","@id":"https:\/\/www.lactalisingredients.com\/fr\/#\/schema\/logo\/image\/","url":"https:\/\/www.lactalisingredients.com\/wp-content\/uploads\/2019\/05\/logo-lactalise-history.jpg","contentUrl":"https:\/\/www.lactalisingredients.com\/wp-content\/uploads\/2019\/05\/logo-lactalise-history.jpg","width":242,"height":81,"caption":"Lactalis Ingredients"},"image":{"@id":"https:\/\/www.lactalisingredients.com\/fr\/#\/schema\/logo\/image\/"}}]}},"_links":{"self":[{"href":"https:\/\/www.lactalisingredients.com\/fr\/wp-json\/wp\/v2\/pages\/7101","targetHints":{"allow":["GET"]}}],"collection":[{"href":"https:\/\/www.lactalisingredients.com\/fr\/wp-json\/wp\/v2\/pages"}],"about":[{"href":"https:\/\/www.lactalisingredients.com\/fr\/wp-json\/wp\/v2\/types\/page"}],"author":[{"embeddable":true,"href":"https:\/\/www.lactalisingredients.com\/fr\/wp-json\/wp\/v2\/users\/2"}],"replies":[{"embeddable":true,"href":"https:\/\/www.lactalisingredients.com\/fr\/wp-json\/wp\/v2\/comments?post=7101"}],"version-history":[{"count":5,"href":"https:\/\/www.lactalisingredients.com\/fr\/wp-json\/wp\/v2\/pages\/7101\/revisions"}],"predecessor-version":[{"id":1862406,"href":"https:\/\/www.lactalisingredients.com\/fr\/wp-json\/wp\/v2\/pages\/7101\/revisions\/1862406"}],"up":[{"embeddable":true,"href":"https:\/\/www.lactalisingredients.com\/fr\/wp-json\/wp\/v2\/pages\/7069"}],"wp:featuredmedia":[{"embeddable":true,"href":"https:\/\/www.lactalisingredients.com\/fr\/wp-json\/wp\/v2\/media\/12327"}],"wp:attachment":[{"href":"https:\/\/www.lactalisingredients.com\/fr\/wp-json\/wp\/v2\/media?parent=7101"}],"curies":[{"name":"wp","href":"https:\/\/api.w.org\/{rel}","templated":true}]}}