{"id":7104,"date":"2015-01-16T14:26:55","date_gmt":"2015-01-16T13:26:55","guid":{"rendered":"https:\/\/www.lactalisingredients.com\/applications\/"},"modified":"2024-06-25T14:25:21","modified_gmt":"2024-06-25T13:25:21","slug":"applications","status":"publish","type":"page","link":"https:\/\/www.lactalisingredients.com\/fr\/applications\/","title":{"rendered":"Applications"},"content":{"rendered":"<p>Produits laitiers, glaces, chocolats, produits de la boulangerie et p\u00e2tisserie\u00a0: quelle que soit la nature de vos applications alimentaires, nous avons la solution adapt\u00e9e dans l\u2019\u00e9ventail des ingr\u00e9dients que nous vous proposons.<\/p>\n<p>Poudres de lait, lactose, poudres de lactos\u00e9rum, prot\u00e9ines de lait, s\u00e9rum\u00a0: nous sommes producteurs et fournisseurs, et cela nous permet de garantir une tra\u00e7abilit\u00e9 et une qualit\u00e9 optimales.<\/p>\n<p>Engag\u00e9s pour rendre accessibles au plus grand nombre les bienfaits des ingr\u00e9dients laitiers, nous avons d\u00e9velopp\u00e9 une gamme d\u2019ingr\u00e9dients qui r\u00e9pond aux besoins nutritionnels de chaque \u00e9tape de la vie.<\/p>\n<p>La gamme de lactose, lactos\u00e9rum d\u00e9min\u00e9ralis\u00e9 et concentr\u00e9s de prot\u00e9ines s\u00e9riques est ainsi adapt\u00e9e aux formules infantiles et aux aliments pour nourrissons, pour contribuer \u00e0 la croissance et \u00e0 leur bon d\u00e9veloppement.<\/p>\n<p>Pour les plus grands, nos prot\u00e9ines laiti\u00e8res combinent des propri\u00e9t\u00e9s fonctionnelles et nutritionnelles sup\u00e9rieures pour les applications :<\/p>\n<ul class=\"ul\">\n<li>d\u2019am\u00e9lioration de la performance athl\u00e9tique et de soutien \u00e0 un mode de vie actif.<\/li>\n<li>de solutions nutritionnelles pour accompagner le bien vieillir dans les meilleures conditions<\/li>\n<li>de la nutrition clinique<\/li>\n<\/ul>\n","protected":false},"excerpt":{"rendered":"<p>Produits laitiers, glaces, chocolats, produits de la boulangerie et p\u00e2tisserie\u00a0: [&hellip;]<\/p>\n","protected":false},"author":2,"featured_media":12197,"parent":0,"menu_order":30,"comment_status":"closed","ping_status":"closed","template":"page-applications.php","meta":{"_acf_changed":false,"footnotes":""},"class_list":["post-7104","page","type-page","status-publish","has-post-thumbnail","hentry"],"acf":[],"yoast_head":"<!-- This site is optimized with the Yoast SEO plugin v25.2 - https:\/\/yoast.com\/wordpress\/plugins\/seo\/ -->\n<title>Applications des ingr\u00e9dients laitiers - Lactalis Ingredients<\/title>\n<meta name=\"description\" content=\"Lactalis Ingredients offre une large gamme d\u2019ingr\u00e9dients laitiers de qualit\u00e9, incluant les poudres de lait, le lactose et les poudres de lactos\u00e9rum, ainsi que les prot\u00e9ines de lait et du s\u00e9rum\" \/>\n<meta name=\"robots\" content=\"index, follow, max-snippet:-1, max-image-preview:large, max-video-preview:-1\" \/>\n<link rel=\"canonical\" href=\"https:\/\/www.lactalisingredients.com\/fr\/applications\/\" \/>\n<meta property=\"og:locale\" content=\"fr_FR\" \/>\n<meta property=\"og:type\" content=\"article\" \/>\n<meta property=\"og:title\" content=\"Applications des ingr\u00e9dients laitiers - Lactalis Ingredients\" \/>\n<meta property=\"og:description\" content=\"Lactalis Ingredients offre une large gamme d\u2019ingr\u00e9dients laitiers de qualit\u00e9, incluant les poudres de lait, le lactose et les poudres de lactos\u00e9rum, ainsi que les prot\u00e9ines de lait et du s\u00e9rum\" \/>\n<meta property=\"og:url\" content=\"https:\/\/www.lactalisingredients.com\/fr\/applications\/\" \/>\n<meta property=\"og:site_name\" content=\"Lactalis Ingredients\" \/>\n<meta property=\"article:modified_time\" content=\"2024-06-25T13:25:21+00:00\" \/>\n<meta property=\"og:image\" content=\"https:\/\/www.lactalisingredients.com\/wp-content\/uploads\/2021\/12\/header-applications.jpg\" \/>\n\t<meta property=\"og:image:width\" content=\"1920\" \/>\n\t<meta property=\"og:image:height\" content=\"521\" \/>\n\t<meta property=\"og:image:type\" content=\"image\/jpeg\" \/>\n<meta name=\"twitter:label1\" content=\"Est. reading time\" \/>\n\t<meta name=\"twitter:data1\" content=\"1 minute\" \/>\n<script type=\"application\/ld+json\" class=\"yoast-schema-graph\">{\"@context\":\"https:\/\/schema.org\",\"@graph\":[{\"@type\":\"WebPage\",\"@id\":\"https:\/\/www.lactalisingredients.com\/fr\/applications\/\",\"url\":\"https:\/\/www.lactalisingredients.com\/fr\/applications\/\",\"name\":\"Applications des ingr\u00e9dients laitiers - Lactalis Ingredients\",\"isPartOf\":{\"@id\":\"https:\/\/www.lactalisingredients.com\/fr\/#website\"},\"primaryImageOfPage\":{\"@id\":\"https:\/\/www.lactalisingredients.com\/fr\/applications\/#primaryimage\"},\"image\":{\"@id\":\"https:\/\/www.lactalisingredients.com\/fr\/applications\/#primaryimage\"},\"thumbnailUrl\":\"https:\/\/www.lactalisingredients.com\/wp-content\/uploads\/2021\/12\/header-applications.jpg\",\"datePublished\":\"2015-01-16T13:26:55+00:00\",\"dateModified\":\"2024-06-25T13:25:21+00:00\",\"description\":\"Lactalis Ingredients offre une large gamme d\u2019ingr\u00e9dients laitiers de qualit\u00e9, incluant les poudres de lait, le lactose et les poudres de lactos\u00e9rum, ainsi que les prot\u00e9ines de lait et du s\u00e9rum\",\"breadcrumb\":{\"@id\":\"https:\/\/www.lactalisingredients.com\/fr\/applications\/#breadcrumb\"},\"inLanguage\":\"fr-FR\",\"potentialAction\":[{\"@type\":\"ReadAction\",\"target\":[\"https:\/\/www.lactalisingredients.com\/fr\/applications\/\"]}]},{\"@type\":\"ImageObject\",\"inLanguage\":\"fr-FR\",\"@id\":\"https:\/\/www.lactalisingredients.com\/fr\/applications\/#primaryimage\",\"url\":\"https:\/\/www.lactalisingredients.com\/wp-content\/uploads\/2021\/12\/header-applications.jpg\",\"contentUrl\":\"https:\/\/www.lactalisingredients.com\/wp-content\/uploads\/2021\/12\/header-applications.jpg\",\"width\":1920,\"height\":521},{\"@type\":\"BreadcrumbList\",\"@id\":\"https:\/\/www.lactalisingredients.com\/fr\/applications\/#breadcrumb\",\"itemListElement\":[{\"@type\":\"ListItem\",\"position\":1,\"name\":\"Accueil\",\"item\":\"https:\/\/www.lactalisingredients.com\/fr\/\"},{\"@type\":\"ListItem\",\"position\":2,\"name\":\"Applications\"}]},{\"@type\":\"WebSite\",\"@id\":\"https:\/\/www.lactalisingredients.com\/fr\/#website\",\"url\":\"https:\/\/www.lactalisingredients.com\/fr\/\",\"name\":\"Lactalis Ingredients\",\"description\":\"\",\"publisher\":{\"@id\":\"https:\/\/www.lactalisingredients.com\/fr\/#organization\"},\"potentialAction\":[{\"@type\":\"SearchAction\",\"target\":{\"@type\":\"EntryPoint\",\"urlTemplate\":\"https:\/\/www.lactalisingredients.com\/fr\/?s={search_term_string}\"},\"query-input\":{\"@type\":\"PropertyValueSpecification\",\"valueRequired\":true,\"valueName\":\"search_term_string\"}}],\"inLanguage\":\"fr-FR\"},{\"@type\":\"Organization\",\"@id\":\"https:\/\/www.lactalisingredients.com\/fr\/#organization\",\"name\":\"Lactalis Ingredients\",\"url\":\"https:\/\/www.lactalisingredients.com\/fr\/\",\"logo\":{\"@type\":\"ImageObject\",\"inLanguage\":\"fr-FR\",\"@id\":\"https:\/\/www.lactalisingredients.com\/fr\/#\/schema\/logo\/image\/\",\"url\":\"https:\/\/www.lactalisingredients.com\/wp-content\/uploads\/2019\/05\/logo-lactalise-history.jpg\",\"contentUrl\":\"https:\/\/www.lactalisingredients.com\/wp-content\/uploads\/2019\/05\/logo-lactalise-history.jpg\",\"width\":242,\"height\":81,\"caption\":\"Lactalis Ingredients\"},\"image\":{\"@id\":\"https:\/\/www.lactalisingredients.com\/fr\/#\/schema\/logo\/image\/\"}}]}<\/script>\n<!-- \/ Yoast SEO plugin. -->","yoast_head_json":{"title":"Applications des ingr\u00e9dients laitiers - Lactalis Ingredients","description":"Lactalis Ingredients offre une large gamme d\u2019ingr\u00e9dients laitiers de qualit\u00e9, incluant les poudres de lait, le lactose et les poudres de lactos\u00e9rum, ainsi que les prot\u00e9ines de lait et du s\u00e9rum","robots":{"index":"index","follow":"follow","max-snippet":"max-snippet:-1","max-image-preview":"max-image-preview:large","max-video-preview":"max-video-preview:-1"},"canonical":"https:\/\/www.lactalisingredients.com\/fr\/applications\/","og_locale":"fr_FR","og_type":"article","og_title":"Applications des ingr\u00e9dients laitiers - Lactalis Ingredients","og_description":"Lactalis Ingredients offre une large gamme d\u2019ingr\u00e9dients laitiers de qualit\u00e9, incluant les poudres de lait, le lactose et les poudres de lactos\u00e9rum, ainsi que les prot\u00e9ines de lait et du s\u00e9rum","og_url":"https:\/\/www.lactalisingredients.com\/fr\/applications\/","og_site_name":"Lactalis Ingredients","article_modified_time":"2024-06-25T13:25:21+00:00","og_image":[{"width":1920,"height":521,"url":"https:\/\/www.lactalisingredients.com\/wp-content\/uploads\/2021\/12\/header-applications.jpg","type":"image\/jpeg"}],"twitter_misc":{"Est. reading time":"1 minute"},"schema":{"@context":"https:\/\/schema.org","@graph":[{"@type":"WebPage","@id":"https:\/\/www.lactalisingredients.com\/fr\/applications\/","url":"https:\/\/www.lactalisingredients.com\/fr\/applications\/","name":"Applications des ingr\u00e9dients laitiers - Lactalis Ingredients","isPartOf":{"@id":"https:\/\/www.lactalisingredients.com\/fr\/#website"},"primaryImageOfPage":{"@id":"https:\/\/www.lactalisingredients.com\/fr\/applications\/#primaryimage"},"image":{"@id":"https:\/\/www.lactalisingredients.com\/fr\/applications\/#primaryimage"},"thumbnailUrl":"https:\/\/www.lactalisingredients.com\/wp-content\/uploads\/2021\/12\/header-applications.jpg","datePublished":"2015-01-16T13:26:55+00:00","dateModified":"2024-06-25T13:25:21+00:00","description":"Lactalis Ingredients offre une large gamme d\u2019ingr\u00e9dients laitiers de qualit\u00e9, incluant les poudres de lait, le lactose et les poudres de lactos\u00e9rum, ainsi que les prot\u00e9ines de lait et du s\u00e9rum","breadcrumb":{"@id":"https:\/\/www.lactalisingredients.com\/fr\/applications\/#breadcrumb"},"inLanguage":"fr-FR","potentialAction":[{"@type":"ReadAction","target":["https:\/\/www.lactalisingredients.com\/fr\/applications\/"]}]},{"@type":"ImageObject","inLanguage":"fr-FR","@id":"https:\/\/www.lactalisingredients.com\/fr\/applications\/#primaryimage","url":"https:\/\/www.lactalisingredients.com\/wp-content\/uploads\/2021\/12\/header-applications.jpg","contentUrl":"https:\/\/www.lactalisingredients.com\/wp-content\/uploads\/2021\/12\/header-applications.jpg","width":1920,"height":521},{"@type":"BreadcrumbList","@id":"https:\/\/www.lactalisingredients.com\/fr\/applications\/#breadcrumb","itemListElement":[{"@type":"ListItem","position":1,"name":"Accueil","item":"https:\/\/www.lactalisingredients.com\/fr\/"},{"@type":"ListItem","position":2,"name":"Applications"}]},{"@type":"WebSite","@id":"https:\/\/www.lactalisingredients.com\/fr\/#website","url":"https:\/\/www.lactalisingredients.com\/fr\/","name":"Lactalis Ingredients","description":"","publisher":{"@id":"https:\/\/www.lactalisingredients.com\/fr\/#organization"},"potentialAction":[{"@type":"SearchAction","target":{"@type":"EntryPoint","urlTemplate":"https:\/\/www.lactalisingredients.com\/fr\/?s={search_term_string}"},"query-input":{"@type":"PropertyValueSpecification","valueRequired":true,"valueName":"search_term_string"}}],"inLanguage":"fr-FR"},{"@type":"Organization","@id":"https:\/\/www.lactalisingredients.com\/fr\/#organization","name":"Lactalis Ingredients","url":"https:\/\/www.lactalisingredients.com\/fr\/","logo":{"@type":"ImageObject","inLanguage":"fr-FR","@id":"https:\/\/www.lactalisingredients.com\/fr\/#\/schema\/logo\/image\/","url":"https:\/\/www.lactalisingredients.com\/wp-content\/uploads\/2019\/05\/logo-lactalise-history.jpg","contentUrl":"https:\/\/www.lactalisingredients.com\/wp-content\/uploads\/2019\/05\/logo-lactalise-history.jpg","width":242,"height":81,"caption":"Lactalis Ingredients"},"image":{"@id":"https:\/\/www.lactalisingredients.com\/fr\/#\/schema\/logo\/image\/"}}]}},"_links":{"self":[{"href":"https:\/\/www.lactalisingredients.com\/fr\/wp-json\/wp\/v2\/pages\/7104","targetHints":{"allow":["GET"]}}],"collection":[{"href":"https:\/\/www.lactalisingredients.com\/fr\/wp-json\/wp\/v2\/pages"}],"about":[{"href":"https:\/\/www.lactalisingredients.com\/fr\/wp-json\/wp\/v2\/types\/page"}],"author":[{"embeddable":true,"href":"https:\/\/www.lactalisingredients.com\/fr\/wp-json\/wp\/v2\/users\/2"}],"replies":[{"embeddable":true,"href":"https:\/\/www.lactalisingredients.com\/fr\/wp-json\/wp\/v2\/comments?post=7104"}],"version-history":[{"count":5,"href":"https:\/\/www.lactalisingredients.com\/fr\/wp-json\/wp\/v2\/pages\/7104\/revisions"}],"predecessor-version":[{"id":17460,"href":"https:\/\/www.lactalisingredients.com\/fr\/wp-json\/wp\/v2\/pages\/7104\/revisions\/17460"}],"wp:featuredmedia":[{"embeddable":true,"href":"https:\/\/www.lactalisingredients.com\/fr\/wp-json\/wp\/v2\/media\/12197"}],"wp:attachment":[{"href":"https:\/\/www.lactalisingredients.com\/fr\/wp-json\/wp\/v2\/media?parent=7104"}],"curies":[{"name":"wp","href":"https:\/\/api.w.org\/{rel}","templated":true}]}}