{"id":7113,"date":"2015-02-17T15:35:08","date_gmt":"2015-02-17T14:35:08","guid":{"rendered":"https:\/\/www.lactalisingredients.com\/applications\/bakery-pastry\/"},"modified":"2024-12-03T16:09:30","modified_gmt":"2024-12-03T15:09:30","slug":"boulangerie-viennoiserie-patisserie","status":"publish","type":"page","link":"https:\/\/www.lactalisingredients.com\/fr\/applications\/boulangerie-viennoiserie-patisserie\/","title":{"rendered":"Boulangerie Viennoiserie P\u00e2tisserie"},"content":{"rendered":"<p>Le march\u00e9 de la viennoiserie enregistre une croissance r\u00e9guli\u00e8re depuis plusieurs ann\u00e9es, b\u00e9n\u00e9ficiant d\u2019une demande croissante en Asie, au Moyen Orient et en Russie. L&#8217;Am\u00e9rique du Nord et l&#8217;Europe, bien que consid\u00e9r\u00e9es comme des march\u00e9s matures, demeurent les principaux pays producteurs et consommateurs. Sur l\u2019ensemble des march\u00e9s, la dynamique d\u2019innovation est tir\u00e9e par 5 grandes tendances :<\/p>\n<ul class=\"ul\">\n<li>La naturalit\u00e9 des recettes et des ingr\u00e9dients mis en \u0153uvre (\u00ab au beurre frais \u00bb, \u00ab au lait frais \u00bb, \u00abaux \u0153ufs frais \u00bb, le bio)<\/li>\n<li>L\u2019authenticit\u00e9 des recettes et des savoir-faire dans le respect de certaines traditions<\/li>\n<li>La sant\u00e9 : les graines, farines compl\u00e8tes\u2026<\/li>\n<li>L\u2019originalit\u00e9 des recettes : associations de diff\u00e9rents go\u00fbts \/ texture\u2026<\/li>\n<li>La praticit\u00e9 : la plupart des Viennoiseries &amp; P\u00e2tisseries n\u2019est pas consomm\u00e9e au domicile<\/li>\n<\/ul>\n","protected":false},"excerpt":{"rendered":"<p>Le march\u00e9 de la viennoiserie enregistre une croissance r\u00e9guli\u00e8re depuis [&hellip;]<\/p>\n","protected":false},"author":2,"featured_media":18480,"parent":7104,"menu_order":2,"comment_status":"closed","ping_status":"closed","template":"page-ss-applications.php","meta":{"_acf_changed":false,"footnotes":""},"class_list":["post-7113","page","type-page","status-publish","has-post-thumbnail","hentry"],"acf":[],"yoast_head":"<!-- This site is optimized with the Yoast SEO plugin v25.2 - https:\/\/yoast.com\/wordpress\/plugins\/seo\/ -->\n<title>Ingredients pour la boulangerie &amp; la p\u00e2tisserie - Lactalis Ingredients<\/title>\n<meta name=\"description\" content=\"Lactalis Ingredients propose une large gamme d&#039;ingr\u00e9dients laitiers destin\u00e9s \u00e0 la boulangerie, la viennoiserie et la p\u00e2tisserie\" \/>\n<meta name=\"robots\" content=\"index, follow, max-snippet:-1, max-image-preview:large, max-video-preview:-1\" \/>\n<link rel=\"canonical\" href=\"https:\/\/www.lactalisingredients.com\/fr\/applications\/boulangerie-viennoiserie-patisserie\/\" \/>\n<meta property=\"og:locale\" content=\"fr_FR\" \/>\n<meta property=\"og:type\" content=\"article\" \/>\n<meta property=\"og:title\" content=\"Ingredients pour la boulangerie &amp; la p\u00e2tisserie - Lactalis Ingredients\" \/>\n<meta property=\"og:description\" content=\"Lactalis Ingredients propose une large gamme d&#039;ingr\u00e9dients laitiers destin\u00e9s \u00e0 la boulangerie, la viennoiserie et la p\u00e2tisserie\" \/>\n<meta property=\"og:url\" content=\"https:\/\/www.lactalisingredients.com\/fr\/applications\/boulangerie-viennoiserie-patisserie\/\" \/>\n<meta property=\"og:site_name\" content=\"Lactalis Ingredients\" \/>\n<meta property=\"article:modified_time\" content=\"2024-12-03T15:09:30+00:00\" \/>\n<meta property=\"og:image\" content=\"https:\/\/www.lactalisingredients.com\/wp-content\/uploads\/2024\/11\/bandeau-page-biscuit.jpg\" \/>\n\t<meta property=\"og:image:width\" content=\"1920\" \/>\n\t<meta property=\"og:image:height\" content=\"520\" \/>\n\t<meta property=\"og:image:type\" content=\"image\/jpeg\" \/>\n<meta name=\"twitter:label1\" content=\"Est. reading time\" \/>\n\t<meta name=\"twitter:data1\" content=\"1 minute\" \/>\n<script type=\"application\/ld+json\" class=\"yoast-schema-graph\">{\"@context\":\"https:\/\/schema.org\",\"@graph\":[{\"@type\":\"WebPage\",\"@id\":\"https:\/\/www.lactalisingredients.com\/fr\/applications\/boulangerie-viennoiserie-patisserie\/\",\"url\":\"https:\/\/www.lactalisingredients.com\/fr\/applications\/boulangerie-viennoiserie-patisserie\/\",\"name\":\"Ingredients pour la boulangerie & la p\u00e2tisserie - Lactalis Ingredients\",\"isPartOf\":{\"@id\":\"https:\/\/www.lactalisingredients.com\/fr\/#website\"},\"primaryImageOfPage\":{\"@id\":\"https:\/\/www.lactalisingredients.com\/fr\/applications\/boulangerie-viennoiserie-patisserie\/#primaryimage\"},\"image\":{\"@id\":\"https:\/\/www.lactalisingredients.com\/fr\/applications\/boulangerie-viennoiserie-patisserie\/#primaryimage\"},\"thumbnailUrl\":\"https:\/\/www.lactalisingredients.com\/wp-content\/uploads\/2024\/11\/bandeau-page-biscuit.jpg\",\"datePublished\":\"2015-02-17T14:35:08+00:00\",\"dateModified\":\"2024-12-03T15:09:30+00:00\",\"description\":\"Lactalis Ingredients propose une large gamme d'ingr\u00e9dients laitiers destin\u00e9s \u00e0 la boulangerie, la viennoiserie et la p\u00e2tisserie\",\"breadcrumb\":{\"@id\":\"https:\/\/www.lactalisingredients.com\/fr\/applications\/boulangerie-viennoiserie-patisserie\/#breadcrumb\"},\"inLanguage\":\"fr-FR\",\"potentialAction\":[{\"@type\":\"ReadAction\",\"target\":[\"https:\/\/www.lactalisingredients.com\/fr\/applications\/boulangerie-viennoiserie-patisserie\/\"]}]},{\"@type\":\"ImageObject\",\"inLanguage\":\"fr-FR\",\"@id\":\"https:\/\/www.lactalisingredients.com\/fr\/applications\/boulangerie-viennoiserie-patisserie\/#primaryimage\",\"url\":\"https:\/\/www.lactalisingredients.com\/wp-content\/uploads\/2024\/11\/bandeau-page-biscuit.jpg\",\"contentUrl\":\"https:\/\/www.lactalisingredients.com\/wp-content\/uploads\/2024\/11\/bandeau-page-biscuit.jpg\",\"width\":1920,\"height\":520},{\"@type\":\"BreadcrumbList\",\"@id\":\"https:\/\/www.lactalisingredients.com\/fr\/applications\/boulangerie-viennoiserie-patisserie\/#breadcrumb\",\"itemListElement\":[{\"@type\":\"ListItem\",\"position\":1,\"name\":\"Accueil\",\"item\":\"https:\/\/www.lactalisingredients.com\/fr\/\"},{\"@type\":\"ListItem\",\"position\":2,\"name\":\"Applications\",\"item\":\"https:\/\/www.lactalisingredients.com\/fr\/applications\/\"},{\"@type\":\"ListItem\",\"position\":3,\"name\":\"Boulangerie Viennoiserie P\u00e2tisserie\"}]},{\"@type\":\"WebSite\",\"@id\":\"https:\/\/www.lactalisingredients.com\/fr\/#website\",\"url\":\"https:\/\/www.lactalisingredients.com\/fr\/\",\"name\":\"Lactalis Ingredients\",\"description\":\"\",\"publisher\":{\"@id\":\"https:\/\/www.lactalisingredients.com\/fr\/#organization\"},\"potentialAction\":[{\"@type\":\"SearchAction\",\"target\":{\"@type\":\"EntryPoint\",\"urlTemplate\":\"https:\/\/www.lactalisingredients.com\/fr\/?s={search_term_string}\"},\"query-input\":{\"@type\":\"PropertyValueSpecification\",\"valueRequired\":true,\"valueName\":\"search_term_string\"}}],\"inLanguage\":\"fr-FR\"},{\"@type\":\"Organization\",\"@id\":\"https:\/\/www.lactalisingredients.com\/fr\/#organization\",\"name\":\"Lactalis Ingredients\",\"url\":\"https:\/\/www.lactalisingredients.com\/fr\/\",\"logo\":{\"@type\":\"ImageObject\",\"inLanguage\":\"fr-FR\",\"@id\":\"https:\/\/www.lactalisingredients.com\/fr\/#\/schema\/logo\/image\/\",\"url\":\"https:\/\/www.lactalisingredients.com\/wp-content\/uploads\/2019\/05\/logo-lactalise-history.jpg\",\"contentUrl\":\"https:\/\/www.lactalisingredients.com\/wp-content\/uploads\/2019\/05\/logo-lactalise-history.jpg\",\"width\":242,\"height\":81,\"caption\":\"Lactalis Ingredients\"},\"image\":{\"@id\":\"https:\/\/www.lactalisingredients.com\/fr\/#\/schema\/logo\/image\/\"}}]}<\/script>\n<!-- \/ Yoast SEO plugin. -->","yoast_head_json":{"title":"Ingredients pour la boulangerie & la p\u00e2tisserie - Lactalis Ingredients","description":"Lactalis Ingredients propose une large gamme d'ingr\u00e9dients laitiers destin\u00e9s \u00e0 la boulangerie, la viennoiserie et la p\u00e2tisserie","robots":{"index":"index","follow":"follow","max-snippet":"max-snippet:-1","max-image-preview":"max-image-preview:large","max-video-preview":"max-video-preview:-1"},"canonical":"https:\/\/www.lactalisingredients.com\/fr\/applications\/boulangerie-viennoiserie-patisserie\/","og_locale":"fr_FR","og_type":"article","og_title":"Ingredients pour la boulangerie & la p\u00e2tisserie - Lactalis Ingredients","og_description":"Lactalis Ingredients propose une large gamme d'ingr\u00e9dients laitiers destin\u00e9s \u00e0 la boulangerie, la viennoiserie et la p\u00e2tisserie","og_url":"https:\/\/www.lactalisingredients.com\/fr\/applications\/boulangerie-viennoiserie-patisserie\/","og_site_name":"Lactalis Ingredients","article_modified_time":"2024-12-03T15:09:30+00:00","og_image":[{"width":1920,"height":520,"url":"https:\/\/www.lactalisingredients.com\/wp-content\/uploads\/2024\/11\/bandeau-page-biscuit.jpg","type":"image\/jpeg"}],"twitter_misc":{"Est. reading time":"1 minute"},"schema":{"@context":"https:\/\/schema.org","@graph":[{"@type":"WebPage","@id":"https:\/\/www.lactalisingredients.com\/fr\/applications\/boulangerie-viennoiserie-patisserie\/","url":"https:\/\/www.lactalisingredients.com\/fr\/applications\/boulangerie-viennoiserie-patisserie\/","name":"Ingredients pour la boulangerie & la p\u00e2tisserie - Lactalis Ingredients","isPartOf":{"@id":"https:\/\/www.lactalisingredients.com\/fr\/#website"},"primaryImageOfPage":{"@id":"https:\/\/www.lactalisingredients.com\/fr\/applications\/boulangerie-viennoiserie-patisserie\/#primaryimage"},"image":{"@id":"https:\/\/www.lactalisingredients.com\/fr\/applications\/boulangerie-viennoiserie-patisserie\/#primaryimage"},"thumbnailUrl":"https:\/\/www.lactalisingredients.com\/wp-content\/uploads\/2024\/11\/bandeau-page-biscuit.jpg","datePublished":"2015-02-17T14:35:08+00:00","dateModified":"2024-12-03T15:09:30+00:00","description":"Lactalis Ingredients propose une large gamme d'ingr\u00e9dients laitiers destin\u00e9s \u00e0 la boulangerie, la viennoiserie et la p\u00e2tisserie","breadcrumb":{"@id":"https:\/\/www.lactalisingredients.com\/fr\/applications\/boulangerie-viennoiserie-patisserie\/#breadcrumb"},"inLanguage":"fr-FR","potentialAction":[{"@type":"ReadAction","target":["https:\/\/www.lactalisingredients.com\/fr\/applications\/boulangerie-viennoiserie-patisserie\/"]}]},{"@type":"ImageObject","inLanguage":"fr-FR","@id":"https:\/\/www.lactalisingredients.com\/fr\/applications\/boulangerie-viennoiserie-patisserie\/#primaryimage","url":"https:\/\/www.lactalisingredients.com\/wp-content\/uploads\/2024\/11\/bandeau-page-biscuit.jpg","contentUrl":"https:\/\/www.lactalisingredients.com\/wp-content\/uploads\/2024\/11\/bandeau-page-biscuit.jpg","width":1920,"height":520},{"@type":"BreadcrumbList","@id":"https:\/\/www.lactalisingredients.com\/fr\/applications\/boulangerie-viennoiserie-patisserie\/#breadcrumb","itemListElement":[{"@type":"ListItem","position":1,"name":"Accueil","item":"https:\/\/www.lactalisingredients.com\/fr\/"},{"@type":"ListItem","position":2,"name":"Applications","item":"https:\/\/www.lactalisingredients.com\/fr\/applications\/"},{"@type":"ListItem","position":3,"name":"Boulangerie Viennoiserie P\u00e2tisserie"}]},{"@type":"WebSite","@id":"https:\/\/www.lactalisingredients.com\/fr\/#website","url":"https:\/\/www.lactalisingredients.com\/fr\/","name":"Lactalis Ingredients","description":"","publisher":{"@id":"https:\/\/www.lactalisingredients.com\/fr\/#organization"},"potentialAction":[{"@type":"SearchAction","target":{"@type":"EntryPoint","urlTemplate":"https:\/\/www.lactalisingredients.com\/fr\/?s={search_term_string}"},"query-input":{"@type":"PropertyValueSpecification","valueRequired":true,"valueName":"search_term_string"}}],"inLanguage":"fr-FR"},{"@type":"Organization","@id":"https:\/\/www.lactalisingredients.com\/fr\/#organization","name":"Lactalis Ingredients","url":"https:\/\/www.lactalisingredients.com\/fr\/","logo":{"@type":"ImageObject","inLanguage":"fr-FR","@id":"https:\/\/www.lactalisingredients.com\/fr\/#\/schema\/logo\/image\/","url":"https:\/\/www.lactalisingredients.com\/wp-content\/uploads\/2019\/05\/logo-lactalise-history.jpg","contentUrl":"https:\/\/www.lactalisingredients.com\/wp-content\/uploads\/2019\/05\/logo-lactalise-history.jpg","width":242,"height":81,"caption":"Lactalis Ingredients"},"image":{"@id":"https:\/\/www.lactalisingredients.com\/fr\/#\/schema\/logo\/image\/"}}]}},"_links":{"self":[{"href":"https:\/\/www.lactalisingredients.com\/fr\/wp-json\/wp\/v2\/pages\/7113","targetHints":{"allow":["GET"]}}],"collection":[{"href":"https:\/\/www.lactalisingredients.com\/fr\/wp-json\/wp\/v2\/pages"}],"about":[{"href":"https:\/\/www.lactalisingredients.com\/fr\/wp-json\/wp\/v2\/types\/page"}],"author":[{"embeddable":true,"href":"https:\/\/www.lactalisingredients.com\/fr\/wp-json\/wp\/v2\/users\/2"}],"replies":[{"embeddable":true,"href":"https:\/\/www.lactalisingredients.com\/fr\/wp-json\/wp\/v2\/comments?post=7113"}],"version-history":[{"count":5,"href":"https:\/\/www.lactalisingredients.com\/fr\/wp-json\/wp\/v2\/pages\/7113\/revisions"}],"predecessor-version":[{"id":18596,"href":"https:\/\/www.lactalisingredients.com\/fr\/wp-json\/wp\/v2\/pages\/7113\/revisions\/18596"}],"up":[{"embeddable":true,"href":"https:\/\/www.lactalisingredients.com\/fr\/wp-json\/wp\/v2\/pages\/7104"}],"wp:featuredmedia":[{"embeddable":true,"href":"https:\/\/www.lactalisingredients.com\/fr\/wp-json\/wp\/v2\/media\/18480"}],"wp:attachment":[{"href":"https:\/\/www.lactalisingredients.com\/fr\/wp-json\/wp\/v2\/media?parent=7113"}],"curies":[{"name":"wp","href":"https:\/\/api.w.org\/{rel}","templated":true}]}}