{"id":7131,"date":"2015-03-10T12:21:29","date_gmt":"2015-03-10T11:21:29","guid":{"rendered":"https:\/\/www.lactalisingredients.com\/applications\/infant-nutrition\/"},"modified":"2024-12-02T15:17:40","modified_gmt":"2024-12-02T14:17:40","slug":"nutrition-infantile","status":"publish","type":"page","link":"https:\/\/www.lactalisingredients.com\/fr\/applications\/nutrition-infantile\/","title":{"rendered":"Nutrition infantile"},"content":{"rendered":"<p>En 2020, le march\u00e9 mondial des formules infantiles \u00e9tait \u00e9valu\u00e9 \u00e0 1,76 million de tonnes avec\u00a0une croissance pr\u00e9vue sur les prochaines ann\u00e9es de 1,2 % jusqu\u2019en 2024 (Source Global data).<\/p>\n<p>Les parents sont davantage plus conscients des besoins nutritionnels de leur b\u00e9b\u00e9 et de l\u2019impact de l\u2019alimentation sur leur d\u00e9veloppement. Ils souhaitent ce qu\u2019il y a de mieux en mati\u00e8re d\u2019alimentation. L\u2019achat de formules infantiles reste un achat dit de raison, qui ne se fait pas au hasard.<\/p>\n<p>Les pr\u00e9parations infantiles ont ainsi pour mission de r\u00e9pondre au mieux aux besoins des b\u00e9b\u00e9s. Des ingr\u00e9dients sp\u00e9cifiques y sont incorpor\u00e9s : lactoferrine, alpha lactalbumine, HMO, MFGM, ingr\u00e9dients biologiques, ou \u00e0 base de lait de ch\u00e8vre\u2026 Autant d\u2019ingr\u00e9dients nouveaux, aux b\u00e9n\u00e9fices nutritionnels r\u00e9els, qui peuvent contribuer \u00e0 la diversification et \u00e0 la valorisation des laits infantiles.<\/p>\n<p>En tant que producteur d\u2019ingr\u00e9dients laitiers, nous nous devons de contribuer \u00e0 l\u2019enrichissement des laits infantiles, c\u2019est pourquoi nous travaillons \u00e0 d\u00e9velopper notre gamme en ayant \u00e0 c\u0153ur d\u2019apporter des solutions qui permettent de :<\/p>\n<ul class=\"ul\">\n<li>R\u00e9duire la quantit\u00e9 totale de prot\u00e9ines tout en pr\u00e9servant la teneur n\u00e9cessaire en acides amin\u00e9s essentiels<\/li>\n<li>Am\u00e9liorer la valeur biologique des prot\u00e9ines en augmentant le taux de tryptophane<\/li>\n<li>Fournir un profil min\u00e9ral adapt\u00e9 et une qualit\u00e9 microbiologique \u00e9lev\u00e9e<\/li>\n<\/ul>\n","protected":false},"excerpt":{"rendered":"<p>En 2020, le march\u00e9 mondial des formules infantiles \u00e9tait \u00e9valu\u00e9 [&hellip;]<\/p>\n","protected":false},"author":2,"featured_media":18540,"parent":7104,"menu_order":5,"comment_status":"closed","ping_status":"closed","template":"page-ss-applications.php","meta":{"_acf_changed":false,"footnotes":""},"class_list":["post-7131","page","type-page","status-publish","has-post-thumbnail","hentry"],"acf":[],"yoast_head":"<!-- This site is optimized with the Yoast SEO plugin v25.2 - https:\/\/yoast.com\/wordpress\/plugins\/seo\/ -->\n<title>ingr\u00e9dients pour la nutrition infantile<\/title>\n<meta name=\"description\" content=\"D\u00e8s les premiers jours apr\u00e8s sa naissance, le nourrisson a besoin d\u2019apports cibl\u00e9s pour l\u2019accompagner dans son d\u00e9veloppement.\" \/>\n<meta name=\"robots\" content=\"index, follow, max-snippet:-1, max-image-preview:large, max-video-preview:-1\" \/>\n<link rel=\"canonical\" href=\"https:\/\/www.lactalisingredients.com\/fr\/applications\/nutrition-infantile\/\" \/>\n<meta property=\"og:locale\" content=\"fr_FR\" \/>\n<meta property=\"og:type\" content=\"article\" \/>\n<meta property=\"og:title\" content=\"ingr\u00e9dients pour la nutrition infantile\" \/>\n<meta property=\"og:description\" content=\"D\u00e8s les premiers jours apr\u00e8s sa naissance, le nourrisson a besoin d\u2019apports cibl\u00e9s pour l\u2019accompagner dans son d\u00e9veloppement.\" \/>\n<meta property=\"og:url\" content=\"https:\/\/www.lactalisingredients.com\/fr\/applications\/nutrition-infantile\/\" \/>\n<meta property=\"og:site_name\" content=\"Lactalis Ingredients\" \/>\n<meta property=\"article:modified_time\" content=\"2024-12-02T14:17:40+00:00\" \/>\n<meta property=\"og:image\" content=\"https:\/\/www.lactalisingredients.com\/wp-content\/uploads\/2024\/11\/bandeau-page-infant.jpg\" \/>\n\t<meta property=\"og:image:width\" content=\"1920\" \/>\n\t<meta property=\"og:image:height\" content=\"520\" \/>\n\t<meta property=\"og:image:type\" content=\"image\/jpeg\" \/>\n<meta name=\"twitter:label1\" content=\"Est. reading time\" \/>\n\t<meta name=\"twitter:data1\" content=\"2 minutes\" \/>\n<script type=\"application\/ld+json\" class=\"yoast-schema-graph\">{\"@context\":\"https:\/\/schema.org\",\"@graph\":[{\"@type\":\"WebPage\",\"@id\":\"https:\/\/www.lactalisingredients.com\/fr\/applications\/nutrition-infantile\/\",\"url\":\"https:\/\/www.lactalisingredients.com\/fr\/applications\/nutrition-infantile\/\",\"name\":\"ingr\u00e9dients pour la nutrition infantile\",\"isPartOf\":{\"@id\":\"https:\/\/www.lactalisingredients.com\/fr\/#website\"},\"primaryImageOfPage\":{\"@id\":\"https:\/\/www.lactalisingredients.com\/fr\/applications\/nutrition-infantile\/#primaryimage\"},\"image\":{\"@id\":\"https:\/\/www.lactalisingredients.com\/fr\/applications\/nutrition-infantile\/#primaryimage\"},\"thumbnailUrl\":\"https:\/\/www.lactalisingredients.com\/wp-content\/uploads\/2024\/11\/bandeau-page-infant.jpg\",\"datePublished\":\"2015-03-10T11:21:29+00:00\",\"dateModified\":\"2024-12-02T14:17:40+00:00\",\"description\":\"D\u00e8s les premiers jours apr\u00e8s sa naissance, le nourrisson a besoin d\u2019apports cibl\u00e9s pour l\u2019accompagner dans son d\u00e9veloppement.\",\"breadcrumb\":{\"@id\":\"https:\/\/www.lactalisingredients.com\/fr\/applications\/nutrition-infantile\/#breadcrumb\"},\"inLanguage\":\"fr-FR\",\"potentialAction\":[{\"@type\":\"ReadAction\",\"target\":[\"https:\/\/www.lactalisingredients.com\/fr\/applications\/nutrition-infantile\/\"]}]},{\"@type\":\"ImageObject\",\"inLanguage\":\"fr-FR\",\"@id\":\"https:\/\/www.lactalisingredients.com\/fr\/applications\/nutrition-infantile\/#primaryimage\",\"url\":\"https:\/\/www.lactalisingredients.com\/wp-content\/uploads\/2024\/11\/bandeau-page-infant.jpg\",\"contentUrl\":\"https:\/\/www.lactalisingredients.com\/wp-content\/uploads\/2024\/11\/bandeau-page-infant.jpg\",\"width\":1920,\"height\":520},{\"@type\":\"BreadcrumbList\",\"@id\":\"https:\/\/www.lactalisingredients.com\/fr\/applications\/nutrition-infantile\/#breadcrumb\",\"itemListElement\":[{\"@type\":\"ListItem\",\"position\":1,\"name\":\"Accueil\",\"item\":\"https:\/\/www.lactalisingredients.com\/fr\/\"},{\"@type\":\"ListItem\",\"position\":2,\"name\":\"Applications\",\"item\":\"https:\/\/www.lactalisingredients.com\/fr\/applications\/\"},{\"@type\":\"ListItem\",\"position\":3,\"name\":\"Nutrition infantile\"}]},{\"@type\":\"WebSite\",\"@id\":\"https:\/\/www.lactalisingredients.com\/fr\/#website\",\"url\":\"https:\/\/www.lactalisingredients.com\/fr\/\",\"name\":\"Lactalis Ingredients\",\"description\":\"\",\"publisher\":{\"@id\":\"https:\/\/www.lactalisingredients.com\/fr\/#organization\"},\"potentialAction\":[{\"@type\":\"SearchAction\",\"target\":{\"@type\":\"EntryPoint\",\"urlTemplate\":\"https:\/\/www.lactalisingredients.com\/fr\/?s={search_term_string}\"},\"query-input\":{\"@type\":\"PropertyValueSpecification\",\"valueRequired\":true,\"valueName\":\"search_term_string\"}}],\"inLanguage\":\"fr-FR\"},{\"@type\":\"Organization\",\"@id\":\"https:\/\/www.lactalisingredients.com\/fr\/#organization\",\"name\":\"Lactalis Ingredients\",\"url\":\"https:\/\/www.lactalisingredients.com\/fr\/\",\"logo\":{\"@type\":\"ImageObject\",\"inLanguage\":\"fr-FR\",\"@id\":\"https:\/\/www.lactalisingredients.com\/fr\/#\/schema\/logo\/image\/\",\"url\":\"https:\/\/www.lactalisingredients.com\/wp-content\/uploads\/2019\/05\/logo-lactalise-history.jpg\",\"contentUrl\":\"https:\/\/www.lactalisingredients.com\/wp-content\/uploads\/2019\/05\/logo-lactalise-history.jpg\",\"width\":242,\"height\":81,\"caption\":\"Lactalis Ingredients\"},\"image\":{\"@id\":\"https:\/\/www.lactalisingredients.com\/fr\/#\/schema\/logo\/image\/\"}}]}<\/script>\n<!-- \/ Yoast SEO plugin. -->","yoast_head_json":{"title":"ingr\u00e9dients pour la nutrition infantile","description":"D\u00e8s les premiers jours apr\u00e8s sa naissance, le nourrisson a besoin d\u2019apports cibl\u00e9s pour l\u2019accompagner dans son d\u00e9veloppement.","robots":{"index":"index","follow":"follow","max-snippet":"max-snippet:-1","max-image-preview":"max-image-preview:large","max-video-preview":"max-video-preview:-1"},"canonical":"https:\/\/www.lactalisingredients.com\/fr\/applications\/nutrition-infantile\/","og_locale":"fr_FR","og_type":"article","og_title":"ingr\u00e9dients pour la nutrition infantile","og_description":"D\u00e8s les premiers jours apr\u00e8s sa naissance, le nourrisson a besoin d\u2019apports cibl\u00e9s pour l\u2019accompagner dans son d\u00e9veloppement.","og_url":"https:\/\/www.lactalisingredients.com\/fr\/applications\/nutrition-infantile\/","og_site_name":"Lactalis Ingredients","article_modified_time":"2024-12-02T14:17:40+00:00","og_image":[{"width":1920,"height":520,"url":"https:\/\/www.lactalisingredients.com\/wp-content\/uploads\/2024\/11\/bandeau-page-infant.jpg","type":"image\/jpeg"}],"twitter_misc":{"Est. reading time":"2 minutes"},"schema":{"@context":"https:\/\/schema.org","@graph":[{"@type":"WebPage","@id":"https:\/\/www.lactalisingredients.com\/fr\/applications\/nutrition-infantile\/","url":"https:\/\/www.lactalisingredients.com\/fr\/applications\/nutrition-infantile\/","name":"ingr\u00e9dients pour la nutrition infantile","isPartOf":{"@id":"https:\/\/www.lactalisingredients.com\/fr\/#website"},"primaryImageOfPage":{"@id":"https:\/\/www.lactalisingredients.com\/fr\/applications\/nutrition-infantile\/#primaryimage"},"image":{"@id":"https:\/\/www.lactalisingredients.com\/fr\/applications\/nutrition-infantile\/#primaryimage"},"thumbnailUrl":"https:\/\/www.lactalisingredients.com\/wp-content\/uploads\/2024\/11\/bandeau-page-infant.jpg","datePublished":"2015-03-10T11:21:29+00:00","dateModified":"2024-12-02T14:17:40+00:00","description":"D\u00e8s les premiers jours apr\u00e8s sa naissance, le nourrisson a besoin d\u2019apports cibl\u00e9s pour l\u2019accompagner dans son d\u00e9veloppement.","breadcrumb":{"@id":"https:\/\/www.lactalisingredients.com\/fr\/applications\/nutrition-infantile\/#breadcrumb"},"inLanguage":"fr-FR","potentialAction":[{"@type":"ReadAction","target":["https:\/\/www.lactalisingredients.com\/fr\/applications\/nutrition-infantile\/"]}]},{"@type":"ImageObject","inLanguage":"fr-FR","@id":"https:\/\/www.lactalisingredients.com\/fr\/applications\/nutrition-infantile\/#primaryimage","url":"https:\/\/www.lactalisingredients.com\/wp-content\/uploads\/2024\/11\/bandeau-page-infant.jpg","contentUrl":"https:\/\/www.lactalisingredients.com\/wp-content\/uploads\/2024\/11\/bandeau-page-infant.jpg","width":1920,"height":520},{"@type":"BreadcrumbList","@id":"https:\/\/www.lactalisingredients.com\/fr\/applications\/nutrition-infantile\/#breadcrumb","itemListElement":[{"@type":"ListItem","position":1,"name":"Accueil","item":"https:\/\/www.lactalisingredients.com\/fr\/"},{"@type":"ListItem","position":2,"name":"Applications","item":"https:\/\/www.lactalisingredients.com\/fr\/applications\/"},{"@type":"ListItem","position":3,"name":"Nutrition infantile"}]},{"@type":"WebSite","@id":"https:\/\/www.lactalisingredients.com\/fr\/#website","url":"https:\/\/www.lactalisingredients.com\/fr\/","name":"Lactalis Ingredients","description":"","publisher":{"@id":"https:\/\/www.lactalisingredients.com\/fr\/#organization"},"potentialAction":[{"@type":"SearchAction","target":{"@type":"EntryPoint","urlTemplate":"https:\/\/www.lactalisingredients.com\/fr\/?s={search_term_string}"},"query-input":{"@type":"PropertyValueSpecification","valueRequired":true,"valueName":"search_term_string"}}],"inLanguage":"fr-FR"},{"@type":"Organization","@id":"https:\/\/www.lactalisingredients.com\/fr\/#organization","name":"Lactalis Ingredients","url":"https:\/\/www.lactalisingredients.com\/fr\/","logo":{"@type":"ImageObject","inLanguage":"fr-FR","@id":"https:\/\/www.lactalisingredients.com\/fr\/#\/schema\/logo\/image\/","url":"https:\/\/www.lactalisingredients.com\/wp-content\/uploads\/2019\/05\/logo-lactalise-history.jpg","contentUrl":"https:\/\/www.lactalisingredients.com\/wp-content\/uploads\/2019\/05\/logo-lactalise-history.jpg","width":242,"height":81,"caption":"Lactalis Ingredients"},"image":{"@id":"https:\/\/www.lactalisingredients.com\/fr\/#\/schema\/logo\/image\/"}}]}},"_links":{"self":[{"href":"https:\/\/www.lactalisingredients.com\/fr\/wp-json\/wp\/v2\/pages\/7131","targetHints":{"allow":["GET"]}}],"collection":[{"href":"https:\/\/www.lactalisingredients.com\/fr\/wp-json\/wp\/v2\/pages"}],"about":[{"href":"https:\/\/www.lactalisingredients.com\/fr\/wp-json\/wp\/v2\/types\/page"}],"author":[{"embeddable":true,"href":"https:\/\/www.lactalisingredients.com\/fr\/wp-json\/wp\/v2\/users\/2"}],"replies":[{"embeddable":true,"href":"https:\/\/www.lactalisingredients.com\/fr\/wp-json\/wp\/v2\/comments?post=7131"}],"version-history":[{"count":7,"href":"https:\/\/www.lactalisingredients.com\/fr\/wp-json\/wp\/v2\/pages\/7131\/revisions"}],"predecessor-version":[{"id":18568,"href":"https:\/\/www.lactalisingredients.com\/fr\/wp-json\/wp\/v2\/pages\/7131\/revisions\/18568"}],"up":[{"embeddable":true,"href":"https:\/\/www.lactalisingredients.com\/fr\/wp-json\/wp\/v2\/pages\/7104"}],"wp:featuredmedia":[{"embeddable":true,"href":"https:\/\/www.lactalisingredients.com\/fr\/wp-json\/wp\/v2\/media\/18540"}],"wp:attachment":[{"href":"https:\/\/www.lactalisingredients.com\/fr\/wp-json\/wp\/v2\/media?parent=7131"}],"curies":[{"name":"wp","href":"https:\/\/api.w.org\/{rel}","templated":true}]}}