{"id":7148,"date":"2015-03-10T12:26:26","date_gmt":"2015-03-10T11:26:26","guid":{"rendered":"https:\/\/www.lactalisingredients.com\/applications\/nutrition-sports\/"},"modified":"2026-01-14T09:12:21","modified_gmt":"2026-01-14T08:12:21","slug":"nutrition-active-et-sportive","status":"publish","type":"page","link":"https:\/\/www.lactalisingredients.com\/fr\/applications\/nutrition-active-et-sportive\/","title":{"rendered":"Nutrition sportive et mode de vie actif"},"content":{"rendered":"<p>La nutrition sportive a connu une incroyable d\u00e9cennie de d\u00e9veloppement avec l&#8217;expansion de sa cible de consommateurs. Cette croissance ne s&#8217;est pas uniquement produite sur les principaux march\u00e9s de la nutrition sportive (\u00c9tats-Unis, Royaume-Uni, Australie), mais aussi gr\u00e2ce au d\u00e9veloppement d&#8217;autres march\u00e9s, comme l&#8217;Asie, par exemple. L&#8217;int\u00e9r\u00eat pour les produits de nutrition sportive s&#8217;\u00e9tend des utilisateurs historiques (bodybuilders et athl\u00e8tes) \u00e0 un \u00e9ventail plus large de consommateurs soucieux de leur forme physique ou en qu\u00eate d\u2019un mode de vie plus sain. Ces consommateurs ont commenc\u00e9 \u00e0 consommer des produits de nutrition sportive en raison d&#8217;un int\u00e9r\u00eat accru pour les prot\u00e9ines, principalement pour leur int\u00e9r\u00eat nutritionnel, et consomment des produits faciles \u00e0 utiliser et \u00e0 transporter (barres prot\u00e9in\u00e9es, boissons pr\u00eates \u00e0 boire).<\/p>\n<p>Le march\u00e9 de la nutrition sportive est dynamique globalement, mais il faut tenir compte des diff\u00e9rences r\u00e9gionales. En absolu, les principaux march\u00e9s traditionnels continuent de dominer et devraient continuer de cro\u00eetre, mais l&#8217;Asie-Pacifique sera la r\u00e9gion o\u00f9 le rythme de croissance sera le plus \u00e9lev\u00e9 \u00e0 l&#8217;avenir. Cette expansion est d\u00e9j\u00e0 en cours dans d&#8217;autres industries, telles que les vitamines et les compl\u00e9ments alimentaires.<\/p>\n<p>Au cours des prochaines ann\u00e9es, certaines tendances auront une incidence forte sur le march\u00e9 :<\/p>\n<ul class=\"ul\">\n<li>Transparence\/clean label : les consommateurs recherchent des produits avec un nombre r\u00e9duit d&#8217;ingr\u00e9dients ou des ingr\u00e9dients plus familiers qui permettent d&#8217;optimiser les performances sportives tout en \u00e9tant sains.<\/li>\n<li>Collations ou snacks plus sains : les barres prot\u00e9in\u00e9es et les boissons enregistrent la croissance la plus rapide car les consommateurs recherchent des produits pratiques et nutritifs ce qui cr\u00e9e des opportunit\u00e9s pour des formats \u00e0 haute teneur en prot\u00e9ines et faciles \u00e0 emporter.<\/li>\n<li>Durabilit\u00e9 : les questions environnementales et \u00e9thiques font l&#8217;objet d&#8217;une attention croissante. Alors que le bio reste une tendance importante dans les pays en d\u00e9veloppement, sur les march\u00e9s matures les pr\u00e9occupations relatives au bien-\u00eatre des animaux et des agriculteurs, ainsi qu\u2019\u00e0 l&#8217;environnement influencent les consommateurs dans leurs achats.<\/li>\n<\/ul>\n<p>Les produits prot\u00e9in\u00e9s sont les produits les plus populaires de la cat\u00e9gorie, repr\u00e9sentant environ 80 % du march\u00e9 de la nutrition sportive, et continueront \u00e0 jouer un r\u00f4le majeur.<\/p>\n","protected":false},"excerpt":{"rendered":"<p>La nutrition sportive a connu une incroyable d\u00e9cennie de d\u00e9veloppement [&hellip;]<\/p>\n","protected":false},"author":2,"featured_media":18538,"parent":7104,"menu_order":6,"comment_status":"closed","ping_status":"closed","template":"page-ss-applications.php","meta":{"_acf_changed":false,"footnotes":""},"class_list":["post-7148","page","type-page","status-publish","has-post-thumbnail","hentry"],"acf":[],"yoast_head":"<!-- This site is optimized with the Yoast SEO plugin v25.2 - https:\/\/yoast.com\/wordpress\/plugins\/seo\/ -->\n<title>Les ingr\u00e9dients adapt\u00e9s \u00e0 la nutrition sportive - Lactalis Ingredients<\/title>\n<meta name=\"description\" content=\"Lactalis Ingredients propose une gamme compl\u00e8te de solutions adapt\u00e9es \u00e0 la nutrition sportive et \u00e0 un mode de vie sain et \u00ab actif \u00bb.\" \/>\n<meta name=\"robots\" content=\"index, follow, max-snippet:-1, max-image-preview:large, max-video-preview:-1\" \/>\n<link rel=\"canonical\" href=\"https:\/\/www.lactalisingredients.com\/fr\/applications\/nutrition-active-et-sportive\/\" \/>\n<meta property=\"og:locale\" content=\"fr_FR\" \/>\n<meta property=\"og:type\" content=\"article\" \/>\n<meta property=\"og:title\" content=\"Les ingr\u00e9dients adapt\u00e9s \u00e0 la nutrition sportive - Lactalis Ingredients\" \/>\n<meta property=\"og:description\" content=\"Lactalis Ingredients propose une gamme compl\u00e8te de solutions adapt\u00e9es \u00e0 la nutrition sportive et \u00e0 un mode de vie sain et \u00ab actif \u00bb.\" \/>\n<meta property=\"og:url\" content=\"https:\/\/www.lactalisingredients.com\/fr\/applications\/nutrition-active-et-sportive\/\" \/>\n<meta property=\"og:site_name\" content=\"Lactalis Ingredients\" \/>\n<meta property=\"article:modified_time\" content=\"2026-01-14T08:12:21+00:00\" \/>\n<meta property=\"og:image\" content=\"https:\/\/www.lactalisingredients.com\/wp-content\/uploads\/2024\/11\/bandeau-page-active-lifestyle-1.jpg\" \/>\n\t<meta property=\"og:image:width\" content=\"1920\" \/>\n\t<meta property=\"og:image:height\" content=\"520\" \/>\n\t<meta property=\"og:image:type\" content=\"image\/jpeg\" \/>\n<meta name=\"twitter:label1\" content=\"Est. reading time\" \/>\n\t<meta name=\"twitter:data1\" content=\"2 minutes\" \/>\n<script type=\"application\/ld+json\" class=\"yoast-schema-graph\">{\"@context\":\"https:\/\/schema.org\",\"@graph\":[{\"@type\":\"WebPage\",\"@id\":\"https:\/\/www.lactalisingredients.com\/fr\/applications\/nutrition-active-et-sportive\/\",\"url\":\"https:\/\/www.lactalisingredients.com\/fr\/applications\/nutrition-active-et-sportive\/\",\"name\":\"Les ingr\u00e9dients adapt\u00e9s \u00e0 la nutrition sportive - Lactalis Ingredients\",\"isPartOf\":{\"@id\":\"https:\/\/www.lactalisingredients.com\/fr\/#website\"},\"primaryImageOfPage\":{\"@id\":\"https:\/\/www.lactalisingredients.com\/fr\/applications\/nutrition-active-et-sportive\/#primaryimage\"},\"image\":{\"@id\":\"https:\/\/www.lactalisingredients.com\/fr\/applications\/nutrition-active-et-sportive\/#primaryimage\"},\"thumbnailUrl\":\"https:\/\/www.lactalisingredients.com\/wp-content\/uploads\/2024\/11\/bandeau-page-active-lifestyle-1.jpg\",\"datePublished\":\"2015-03-10T11:26:26+00:00\",\"dateModified\":\"2026-01-14T08:12:21+00:00\",\"description\":\"Lactalis Ingredients propose une gamme compl\u00e8te de solutions adapt\u00e9es \u00e0 la nutrition sportive et \u00e0 un mode de vie sain et \u00ab actif \u00bb.\",\"breadcrumb\":{\"@id\":\"https:\/\/www.lactalisingredients.com\/fr\/applications\/nutrition-active-et-sportive\/#breadcrumb\"},\"inLanguage\":\"fr-FR\",\"potentialAction\":[{\"@type\":\"ReadAction\",\"target\":[\"https:\/\/www.lactalisingredients.com\/fr\/applications\/nutrition-active-et-sportive\/\"]}]},{\"@type\":\"ImageObject\",\"inLanguage\":\"fr-FR\",\"@id\":\"https:\/\/www.lactalisingredients.com\/fr\/applications\/nutrition-active-et-sportive\/#primaryimage\",\"url\":\"https:\/\/www.lactalisingredients.com\/wp-content\/uploads\/2024\/11\/bandeau-page-active-lifestyle-1.jpg\",\"contentUrl\":\"https:\/\/www.lactalisingredients.com\/wp-content\/uploads\/2024\/11\/bandeau-page-active-lifestyle-1.jpg\",\"width\":1920,\"height\":520},{\"@type\":\"BreadcrumbList\",\"@id\":\"https:\/\/www.lactalisingredients.com\/fr\/applications\/nutrition-active-et-sportive\/#breadcrumb\",\"itemListElement\":[{\"@type\":\"ListItem\",\"position\":1,\"name\":\"Accueil\",\"item\":\"https:\/\/www.lactalisingredients.com\/fr\/\"},{\"@type\":\"ListItem\",\"position\":2,\"name\":\"Applications\",\"item\":\"https:\/\/www.lactalisingredients.com\/fr\/applications\/\"},{\"@type\":\"ListItem\",\"position\":3,\"name\":\"Nutrition sportive et mode de vie actif\"}]},{\"@type\":\"WebSite\",\"@id\":\"https:\/\/www.lactalisingredients.com\/fr\/#website\",\"url\":\"https:\/\/www.lactalisingredients.com\/fr\/\",\"name\":\"Lactalis Ingredients\",\"description\":\"\",\"publisher\":{\"@id\":\"https:\/\/www.lactalisingredients.com\/fr\/#organization\"},\"potentialAction\":[{\"@type\":\"SearchAction\",\"target\":{\"@type\":\"EntryPoint\",\"urlTemplate\":\"https:\/\/www.lactalisingredients.com\/fr\/?s={search_term_string}\"},\"query-input\":{\"@type\":\"PropertyValueSpecification\",\"valueRequired\":true,\"valueName\":\"search_term_string\"}}],\"inLanguage\":\"fr-FR\"},{\"@type\":\"Organization\",\"@id\":\"https:\/\/www.lactalisingredients.com\/fr\/#organization\",\"name\":\"Lactalis Ingredients\",\"url\":\"https:\/\/www.lactalisingredients.com\/fr\/\",\"logo\":{\"@type\":\"ImageObject\",\"inLanguage\":\"fr-FR\",\"@id\":\"https:\/\/www.lactalisingredients.com\/fr\/#\/schema\/logo\/image\/\",\"url\":\"https:\/\/www.lactalisingredients.com\/wp-content\/uploads\/2019\/05\/logo-lactalise-history.jpg\",\"contentUrl\":\"https:\/\/www.lactalisingredients.com\/wp-content\/uploads\/2019\/05\/logo-lactalise-history.jpg\",\"width\":242,\"height\":81,\"caption\":\"Lactalis Ingredients\"},\"image\":{\"@id\":\"https:\/\/www.lactalisingredients.com\/fr\/#\/schema\/logo\/image\/\"}}]}<\/script>\n<!-- \/ Yoast SEO plugin. -->","yoast_head_json":{"title":"Les ingr\u00e9dients adapt\u00e9s \u00e0 la nutrition sportive - Lactalis Ingredients","description":"Lactalis Ingredients propose une gamme compl\u00e8te de solutions adapt\u00e9es \u00e0 la nutrition sportive et \u00e0 un mode de vie sain et \u00ab actif \u00bb.","robots":{"index":"index","follow":"follow","max-snippet":"max-snippet:-1","max-image-preview":"max-image-preview:large","max-video-preview":"max-video-preview:-1"},"canonical":"https:\/\/www.lactalisingredients.com\/fr\/applications\/nutrition-active-et-sportive\/","og_locale":"fr_FR","og_type":"article","og_title":"Les ingr\u00e9dients adapt\u00e9s \u00e0 la nutrition sportive - Lactalis Ingredients","og_description":"Lactalis Ingredients propose une gamme compl\u00e8te de solutions adapt\u00e9es \u00e0 la nutrition sportive et \u00e0 un mode de vie sain et \u00ab actif \u00bb.","og_url":"https:\/\/www.lactalisingredients.com\/fr\/applications\/nutrition-active-et-sportive\/","og_site_name":"Lactalis Ingredients","article_modified_time":"2026-01-14T08:12:21+00:00","og_image":[{"width":1920,"height":520,"url":"https:\/\/www.lactalisingredients.com\/wp-content\/uploads\/2024\/11\/bandeau-page-active-lifestyle-1.jpg","type":"image\/jpeg"}],"twitter_misc":{"Est. reading time":"2 minutes"},"schema":{"@context":"https:\/\/schema.org","@graph":[{"@type":"WebPage","@id":"https:\/\/www.lactalisingredients.com\/fr\/applications\/nutrition-active-et-sportive\/","url":"https:\/\/www.lactalisingredients.com\/fr\/applications\/nutrition-active-et-sportive\/","name":"Les ingr\u00e9dients adapt\u00e9s \u00e0 la nutrition sportive - Lactalis Ingredients","isPartOf":{"@id":"https:\/\/www.lactalisingredients.com\/fr\/#website"},"primaryImageOfPage":{"@id":"https:\/\/www.lactalisingredients.com\/fr\/applications\/nutrition-active-et-sportive\/#primaryimage"},"image":{"@id":"https:\/\/www.lactalisingredients.com\/fr\/applications\/nutrition-active-et-sportive\/#primaryimage"},"thumbnailUrl":"https:\/\/www.lactalisingredients.com\/wp-content\/uploads\/2024\/11\/bandeau-page-active-lifestyle-1.jpg","datePublished":"2015-03-10T11:26:26+00:00","dateModified":"2026-01-14T08:12:21+00:00","description":"Lactalis Ingredients propose une gamme compl\u00e8te de solutions adapt\u00e9es \u00e0 la nutrition sportive et \u00e0 un mode de vie sain et \u00ab actif \u00bb.","breadcrumb":{"@id":"https:\/\/www.lactalisingredients.com\/fr\/applications\/nutrition-active-et-sportive\/#breadcrumb"},"inLanguage":"fr-FR","potentialAction":[{"@type":"ReadAction","target":["https:\/\/www.lactalisingredients.com\/fr\/applications\/nutrition-active-et-sportive\/"]}]},{"@type":"ImageObject","inLanguage":"fr-FR","@id":"https:\/\/www.lactalisingredients.com\/fr\/applications\/nutrition-active-et-sportive\/#primaryimage","url":"https:\/\/www.lactalisingredients.com\/wp-content\/uploads\/2024\/11\/bandeau-page-active-lifestyle-1.jpg","contentUrl":"https:\/\/www.lactalisingredients.com\/wp-content\/uploads\/2024\/11\/bandeau-page-active-lifestyle-1.jpg","width":1920,"height":520},{"@type":"BreadcrumbList","@id":"https:\/\/www.lactalisingredients.com\/fr\/applications\/nutrition-active-et-sportive\/#breadcrumb","itemListElement":[{"@type":"ListItem","position":1,"name":"Accueil","item":"https:\/\/www.lactalisingredients.com\/fr\/"},{"@type":"ListItem","position":2,"name":"Applications","item":"https:\/\/www.lactalisingredients.com\/fr\/applications\/"},{"@type":"ListItem","position":3,"name":"Nutrition sportive et mode de vie actif"}]},{"@type":"WebSite","@id":"https:\/\/www.lactalisingredients.com\/fr\/#website","url":"https:\/\/www.lactalisingredients.com\/fr\/","name":"Lactalis Ingredients","description":"","publisher":{"@id":"https:\/\/www.lactalisingredients.com\/fr\/#organization"},"potentialAction":[{"@type":"SearchAction","target":{"@type":"EntryPoint","urlTemplate":"https:\/\/www.lactalisingredients.com\/fr\/?s={search_term_string}"},"query-input":{"@type":"PropertyValueSpecification","valueRequired":true,"valueName":"search_term_string"}}],"inLanguage":"fr-FR"},{"@type":"Organization","@id":"https:\/\/www.lactalisingredients.com\/fr\/#organization","name":"Lactalis Ingredients","url":"https:\/\/www.lactalisingredients.com\/fr\/","logo":{"@type":"ImageObject","inLanguage":"fr-FR","@id":"https:\/\/www.lactalisingredients.com\/fr\/#\/schema\/logo\/image\/","url":"https:\/\/www.lactalisingredients.com\/wp-content\/uploads\/2019\/05\/logo-lactalise-history.jpg","contentUrl":"https:\/\/www.lactalisingredients.com\/wp-content\/uploads\/2019\/05\/logo-lactalise-history.jpg","width":242,"height":81,"caption":"Lactalis Ingredients"},"image":{"@id":"https:\/\/www.lactalisingredients.com\/fr\/#\/schema\/logo\/image\/"}}]}},"_links":{"self":[{"href":"https:\/\/www.lactalisingredients.com\/fr\/wp-json\/wp\/v2\/pages\/7148","targetHints":{"allow":["GET"]}}],"collection":[{"href":"https:\/\/www.lactalisingredients.com\/fr\/wp-json\/wp\/v2\/pages"}],"about":[{"href":"https:\/\/www.lactalisingredients.com\/fr\/wp-json\/wp\/v2\/types\/page"}],"author":[{"embeddable":true,"href":"https:\/\/www.lactalisingredients.com\/fr\/wp-json\/wp\/v2\/users\/2"}],"replies":[{"embeddable":true,"href":"https:\/\/www.lactalisingredients.com\/fr\/wp-json\/wp\/v2\/comments?post=7148"}],"version-history":[{"count":5,"href":"https:\/\/www.lactalisingredients.com\/fr\/wp-json\/wp\/v2\/pages\/7148\/revisions"}],"predecessor-version":[{"id":1543032,"href":"https:\/\/www.lactalisingredients.com\/fr\/wp-json\/wp\/v2\/pages\/7148\/revisions\/1543032"}],"up":[{"embeddable":true,"href":"https:\/\/www.lactalisingredients.com\/fr\/wp-json\/wp\/v2\/pages\/7104"}],"wp:featuredmedia":[{"embeddable":true,"href":"https:\/\/www.lactalisingredients.com\/fr\/wp-json\/wp\/v2\/media\/18538"}],"wp:attachment":[{"href":"https:\/\/www.lactalisingredients.com\/fr\/wp-json\/wp\/v2\/media?parent=7148"}],"curies":[{"name":"wp","href":"https:\/\/api.w.org\/{rel}","templated":true}]}}