{"id":7152,"date":"2015-04-24T10:34:34","date_gmt":"2015-04-24T09:34:34","guid":{"rendered":"https:\/\/www.lactalisingredients.com\/produits-ingredients-laitiers\/poudres-de-lait\/skimmed-milk-powder\/"},"modified":"2025-12-10T14:55:43","modified_gmt":"2025-12-10T13:55:43","slug":"poudres-de-lait-ecreme","status":"publish","type":"page","link":"https:\/\/www.lactalisingredients.com\/fr\/produits-ingredients-laitiers\/poudres-de-lait\/poudres-de-lait-ecreme\/","title":{"rendered":"Poudres de lait \u00e9cr\u00e9m\u00e9"},"content":{"rendered":"<p>Le lait \u00e9cr\u00e9m\u00e9 en poudre est obtenu en \u00e9liminant l&#8217;eau du lait \u00e9cr\u00e9m\u00e9 pasteuris\u00e9 par s\u00e9chage par atomisation. La poudre de lait \u00e9cr\u00e9m\u00e9 est class\u00e9e en fonction du traitement thermique utilis\u00e9 dans sa fabrication (high heat, medium heat et low heat). La poudre de lait \u00e9cr\u00e9m\u00e9 est utilis\u00e9e dans une grande vari\u00e9t\u00e9 d&#8217;applications. Elle peut \u00eatre utilis\u00e9e dans des produits laitiers recombin\u00e9s comme le lait UHT, les yaourts ou les fromages, mais aussi comme solides non gras du lait dans le chocolat ou encore en boulangerie. C&#8217;est pourquoi nous proposons diff\u00e9rentes qualit\u00e9s de lait \u00e9cr\u00e9m\u00e9 en poudre pour r\u00e9pondre aux exigences de chaque application.<\/p>\n<p>En tant que producteur de lait en poudre, nous vous proposons une large gamme de poudres de lait \u00e9cr\u00e9m\u00e9 pour r\u00e9pondre au mieux aux sp\u00e9cificit\u00e9s de vos produits :<\/p>\n<ul class=\"ul\">\n<li>agglom\u00e9r\u00e9 (bonne mouillabilit\u00e9, sans l\u00e9cithine)<\/li>\n<li>standard<\/li>\n<li>sans lactose<\/li>\n<li>UHT<\/li>\n<li>HHHS<\/li>\n<\/ul>\n","protected":false},"excerpt":{"rendered":"<p>Le lait \u00e9cr\u00e9m\u00e9 en poudre est obtenu en \u00e9liminant l&#8217;eau [&hellip;]<\/p>\n","protected":false},"author":4,"featured_media":18665,"parent":7082,"menu_order":1,"comment_status":"closed","ping_status":"closed","template":"page-ss-ss-product.php","meta":{"_acf_changed":false,"footnotes":""},"class_list":["post-7152","page","type-page","status-publish","has-post-thumbnail","hentry"],"acf":[],"yoast_head":"<!-- This site is optimized with the Yoast SEO plugin v25.2 - https:\/\/yoast.com\/wordpress\/plugins\/seo\/ -->\n<title>D\u00e9couvrez nos poudres de lait \u00e9cr\u00e9m\u00e9 - Lactalis Ingredients<\/title>\n<meta name=\"description\" content=\"En tant que producteur de lait en poudre, nous vous proposons une large gamme de poudres de lait \u00e9cr\u00e9m\u00e9 afin de r\u00e9pondre aux sp\u00e9cificit\u00e9s de vos produits.\" \/>\n<meta name=\"robots\" content=\"index, follow, max-snippet:-1, max-image-preview:large, max-video-preview:-1\" \/>\n<link rel=\"canonical\" href=\"https:\/\/www.lactalisingredients.com\/fr\/produits-ingredients-laitiers\/poudres-de-lait\/poudres-de-lait-ecreme\/\" \/>\n<meta property=\"og:locale\" content=\"fr_FR\" \/>\n<meta property=\"og:type\" content=\"article\" \/>\n<meta property=\"og:title\" content=\"D\u00e9couvrez nos poudres de lait \u00e9cr\u00e9m\u00e9 - Lactalis Ingredients\" \/>\n<meta property=\"og:description\" content=\"En tant que producteur de lait en poudre, nous vous proposons une large gamme de poudres de lait \u00e9cr\u00e9m\u00e9 afin de r\u00e9pondre aux sp\u00e9cificit\u00e9s de vos produits.\" \/>\n<meta property=\"og:url\" content=\"https:\/\/www.lactalisingredients.com\/fr\/produits-ingredients-laitiers\/poudres-de-lait\/poudres-de-lait-ecreme\/\" \/>\n<meta property=\"og:site_name\" content=\"Lactalis Ingredients\" \/>\n<meta property=\"article:modified_time\" content=\"2025-12-10T13:55:43+00:00\" \/>\n<meta property=\"og:image\" content=\"https:\/\/www.lactalisingredients.com\/wp-content\/uploads\/2024\/12\/bandeau-page-SMP.jpg\" \/>\n\t<meta property=\"og:image:width\" content=\"1920\" \/>\n\t<meta property=\"og:image:height\" content=\"520\" \/>\n\t<meta property=\"og:image:type\" content=\"image\/jpeg\" \/>\n<meta name=\"twitter:label1\" content=\"Est. reading time\" \/>\n\t<meta name=\"twitter:data1\" content=\"1 minute\" \/>\n<script type=\"application\/ld+json\" class=\"yoast-schema-graph\">{\"@context\":\"https:\/\/schema.org\",\"@graph\":[{\"@type\":\"WebPage\",\"@id\":\"https:\/\/www.lactalisingredients.com\/fr\/produits-ingredients-laitiers\/poudres-de-lait\/poudres-de-lait-ecreme\/\",\"url\":\"https:\/\/www.lactalisingredients.com\/fr\/produits-ingredients-laitiers\/poudres-de-lait\/poudres-de-lait-ecreme\/\",\"name\":\"D\u00e9couvrez nos poudres de lait \u00e9cr\u00e9m\u00e9 - Lactalis Ingredients\",\"isPartOf\":{\"@id\":\"https:\/\/www.lactalisingredients.com\/fr\/#website\"},\"primaryImageOfPage\":{\"@id\":\"https:\/\/www.lactalisingredients.com\/fr\/produits-ingredients-laitiers\/poudres-de-lait\/poudres-de-lait-ecreme\/#primaryimage\"},\"image\":{\"@id\":\"https:\/\/www.lactalisingredients.com\/fr\/produits-ingredients-laitiers\/poudres-de-lait\/poudres-de-lait-ecreme\/#primaryimage\"},\"thumbnailUrl\":\"https:\/\/www.lactalisingredients.com\/wp-content\/uploads\/2024\/12\/bandeau-page-SMP.jpg\",\"datePublished\":\"2015-04-24T09:34:34+00:00\",\"dateModified\":\"2025-12-10T13:55:43+00:00\",\"description\":\"En tant que producteur de lait en poudre, nous vous proposons une large gamme de poudres de lait \u00e9cr\u00e9m\u00e9 afin de r\u00e9pondre aux sp\u00e9cificit\u00e9s de vos produits.\",\"breadcrumb\":{\"@id\":\"https:\/\/www.lactalisingredients.com\/fr\/produits-ingredients-laitiers\/poudres-de-lait\/poudres-de-lait-ecreme\/#breadcrumb\"},\"inLanguage\":\"fr-FR\",\"potentialAction\":[{\"@type\":\"ReadAction\",\"target\":[\"https:\/\/www.lactalisingredients.com\/fr\/produits-ingredients-laitiers\/poudres-de-lait\/poudres-de-lait-ecreme\/\"]}]},{\"@type\":\"ImageObject\",\"inLanguage\":\"fr-FR\",\"@id\":\"https:\/\/www.lactalisingredients.com\/fr\/produits-ingredients-laitiers\/poudres-de-lait\/poudres-de-lait-ecreme\/#primaryimage\",\"url\":\"https:\/\/www.lactalisingredients.com\/wp-content\/uploads\/2024\/12\/bandeau-page-SMP.jpg\",\"contentUrl\":\"https:\/\/www.lactalisingredients.com\/wp-content\/uploads\/2024\/12\/bandeau-page-SMP.jpg\",\"width\":1920,\"height\":520},{\"@type\":\"BreadcrumbList\",\"@id\":\"https:\/\/www.lactalisingredients.com\/fr\/produits-ingredients-laitiers\/poudres-de-lait\/poudres-de-lait-ecreme\/#breadcrumb\",\"itemListElement\":[{\"@type\":\"ListItem\",\"position\":1,\"name\":\"Accueil\",\"item\":\"https:\/\/www.lactalisingredients.com\/fr\/\"},{\"@type\":\"ListItem\",\"position\":2,\"name\":\"Nos produits\",\"item\":\"https:\/\/www.lactalisingredients.com\/fr\/produits-ingredients-laitiers\/\"},{\"@type\":\"ListItem\",\"position\":3,\"name\":\"Poudres de lait\",\"item\":\"https:\/\/www.lactalisingredients.com\/fr\/produits-ingredients-laitiers\/poudres-de-lait\/\"},{\"@type\":\"ListItem\",\"position\":4,\"name\":\"Poudres de lait \u00e9cr\u00e9m\u00e9\"}]},{\"@type\":\"WebSite\",\"@id\":\"https:\/\/www.lactalisingredients.com\/fr\/#website\",\"url\":\"https:\/\/www.lactalisingredients.com\/fr\/\",\"name\":\"Lactalis Ingredients\",\"description\":\"\",\"publisher\":{\"@id\":\"https:\/\/www.lactalisingredients.com\/fr\/#organization\"},\"potentialAction\":[{\"@type\":\"SearchAction\",\"target\":{\"@type\":\"EntryPoint\",\"urlTemplate\":\"https:\/\/www.lactalisingredients.com\/fr\/?s={search_term_string}\"},\"query-input\":{\"@type\":\"PropertyValueSpecification\",\"valueRequired\":true,\"valueName\":\"search_term_string\"}}],\"inLanguage\":\"fr-FR\"},{\"@type\":\"Organization\",\"@id\":\"https:\/\/www.lactalisingredients.com\/fr\/#organization\",\"name\":\"Lactalis Ingredients\",\"url\":\"https:\/\/www.lactalisingredients.com\/fr\/\",\"logo\":{\"@type\":\"ImageObject\",\"inLanguage\":\"fr-FR\",\"@id\":\"https:\/\/www.lactalisingredients.com\/fr\/#\/schema\/logo\/image\/\",\"url\":\"https:\/\/www.lactalisingredients.com\/wp-content\/uploads\/2019\/05\/logo-lactalise-history.jpg\",\"contentUrl\":\"https:\/\/www.lactalisingredients.com\/wp-content\/uploads\/2019\/05\/logo-lactalise-history.jpg\",\"width\":242,\"height\":81,\"caption\":\"Lactalis Ingredients\"},\"image\":{\"@id\":\"https:\/\/www.lactalisingredients.com\/fr\/#\/schema\/logo\/image\/\"}}]}<\/script>\n<!-- \/ Yoast SEO plugin. -->","yoast_head_json":{"title":"D\u00e9couvrez nos poudres de lait \u00e9cr\u00e9m\u00e9 - Lactalis Ingredients","description":"En tant que producteur de lait en poudre, nous vous proposons une large gamme de poudres de lait \u00e9cr\u00e9m\u00e9 afin de r\u00e9pondre aux sp\u00e9cificit\u00e9s de vos produits.","robots":{"index":"index","follow":"follow","max-snippet":"max-snippet:-1","max-image-preview":"max-image-preview:large","max-video-preview":"max-video-preview:-1"},"canonical":"https:\/\/www.lactalisingredients.com\/fr\/produits-ingredients-laitiers\/poudres-de-lait\/poudres-de-lait-ecreme\/","og_locale":"fr_FR","og_type":"article","og_title":"D\u00e9couvrez nos poudres de lait \u00e9cr\u00e9m\u00e9 - Lactalis Ingredients","og_description":"En tant que producteur de lait en poudre, nous vous proposons une large gamme de poudres de lait \u00e9cr\u00e9m\u00e9 afin de r\u00e9pondre aux sp\u00e9cificit\u00e9s de vos produits.","og_url":"https:\/\/www.lactalisingredients.com\/fr\/produits-ingredients-laitiers\/poudres-de-lait\/poudres-de-lait-ecreme\/","og_site_name":"Lactalis Ingredients","article_modified_time":"2025-12-10T13:55:43+00:00","og_image":[{"width":1920,"height":520,"url":"https:\/\/www.lactalisingredients.com\/wp-content\/uploads\/2024\/12\/bandeau-page-SMP.jpg","type":"image\/jpeg"}],"twitter_misc":{"Est. reading time":"1 minute"},"schema":{"@context":"https:\/\/schema.org","@graph":[{"@type":"WebPage","@id":"https:\/\/www.lactalisingredients.com\/fr\/produits-ingredients-laitiers\/poudres-de-lait\/poudres-de-lait-ecreme\/","url":"https:\/\/www.lactalisingredients.com\/fr\/produits-ingredients-laitiers\/poudres-de-lait\/poudres-de-lait-ecreme\/","name":"D\u00e9couvrez nos poudres de lait \u00e9cr\u00e9m\u00e9 - Lactalis Ingredients","isPartOf":{"@id":"https:\/\/www.lactalisingredients.com\/fr\/#website"},"primaryImageOfPage":{"@id":"https:\/\/www.lactalisingredients.com\/fr\/produits-ingredients-laitiers\/poudres-de-lait\/poudres-de-lait-ecreme\/#primaryimage"},"image":{"@id":"https:\/\/www.lactalisingredients.com\/fr\/produits-ingredients-laitiers\/poudres-de-lait\/poudres-de-lait-ecreme\/#primaryimage"},"thumbnailUrl":"https:\/\/www.lactalisingredients.com\/wp-content\/uploads\/2024\/12\/bandeau-page-SMP.jpg","datePublished":"2015-04-24T09:34:34+00:00","dateModified":"2025-12-10T13:55:43+00:00","description":"En tant que producteur de lait en poudre, nous vous proposons une large gamme de poudres de lait \u00e9cr\u00e9m\u00e9 afin de r\u00e9pondre aux sp\u00e9cificit\u00e9s de vos produits.","breadcrumb":{"@id":"https:\/\/www.lactalisingredients.com\/fr\/produits-ingredients-laitiers\/poudres-de-lait\/poudres-de-lait-ecreme\/#breadcrumb"},"inLanguage":"fr-FR","potentialAction":[{"@type":"ReadAction","target":["https:\/\/www.lactalisingredients.com\/fr\/produits-ingredients-laitiers\/poudres-de-lait\/poudres-de-lait-ecreme\/"]}]},{"@type":"ImageObject","inLanguage":"fr-FR","@id":"https:\/\/www.lactalisingredients.com\/fr\/produits-ingredients-laitiers\/poudres-de-lait\/poudres-de-lait-ecreme\/#primaryimage","url":"https:\/\/www.lactalisingredients.com\/wp-content\/uploads\/2024\/12\/bandeau-page-SMP.jpg","contentUrl":"https:\/\/www.lactalisingredients.com\/wp-content\/uploads\/2024\/12\/bandeau-page-SMP.jpg","width":1920,"height":520},{"@type":"BreadcrumbList","@id":"https:\/\/www.lactalisingredients.com\/fr\/produits-ingredients-laitiers\/poudres-de-lait\/poudres-de-lait-ecreme\/#breadcrumb","itemListElement":[{"@type":"ListItem","position":1,"name":"Accueil","item":"https:\/\/www.lactalisingredients.com\/fr\/"},{"@type":"ListItem","position":2,"name":"Nos produits","item":"https:\/\/www.lactalisingredients.com\/fr\/produits-ingredients-laitiers\/"},{"@type":"ListItem","position":3,"name":"Poudres de lait","item":"https:\/\/www.lactalisingredients.com\/fr\/produits-ingredients-laitiers\/poudres-de-lait\/"},{"@type":"ListItem","position":4,"name":"Poudres de lait \u00e9cr\u00e9m\u00e9"}]},{"@type":"WebSite","@id":"https:\/\/www.lactalisingredients.com\/fr\/#website","url":"https:\/\/www.lactalisingredients.com\/fr\/","name":"Lactalis Ingredients","description":"","publisher":{"@id":"https:\/\/www.lactalisingredients.com\/fr\/#organization"},"potentialAction":[{"@type":"SearchAction","target":{"@type":"EntryPoint","urlTemplate":"https:\/\/www.lactalisingredients.com\/fr\/?s={search_term_string}"},"query-input":{"@type":"PropertyValueSpecification","valueRequired":true,"valueName":"search_term_string"}}],"inLanguage":"fr-FR"},{"@type":"Organization","@id":"https:\/\/www.lactalisingredients.com\/fr\/#organization","name":"Lactalis Ingredients","url":"https:\/\/www.lactalisingredients.com\/fr\/","logo":{"@type":"ImageObject","inLanguage":"fr-FR","@id":"https:\/\/www.lactalisingredients.com\/fr\/#\/schema\/logo\/image\/","url":"https:\/\/www.lactalisingredients.com\/wp-content\/uploads\/2019\/05\/logo-lactalise-history.jpg","contentUrl":"https:\/\/www.lactalisingredients.com\/wp-content\/uploads\/2019\/05\/logo-lactalise-history.jpg","width":242,"height":81,"caption":"Lactalis Ingredients"},"image":{"@id":"https:\/\/www.lactalisingredients.com\/fr\/#\/schema\/logo\/image\/"}}]}},"_links":{"self":[{"href":"https:\/\/www.lactalisingredients.com\/fr\/wp-json\/wp\/v2\/pages\/7152","targetHints":{"allow":["GET"]}}],"collection":[{"href":"https:\/\/www.lactalisingredients.com\/fr\/wp-json\/wp\/v2\/pages"}],"about":[{"href":"https:\/\/www.lactalisingredients.com\/fr\/wp-json\/wp\/v2\/types\/page"}],"author":[{"embeddable":true,"href":"https:\/\/www.lactalisingredients.com\/fr\/wp-json\/wp\/v2\/users\/4"}],"replies":[{"embeddable":true,"href":"https:\/\/www.lactalisingredients.com\/fr\/wp-json\/wp\/v2\/comments?post=7152"}],"version-history":[{"count":5,"href":"https:\/\/www.lactalisingredients.com\/fr\/wp-json\/wp\/v2\/pages\/7152\/revisions"}],"predecessor-version":[{"id":1289750,"href":"https:\/\/www.lactalisingredients.com\/fr\/wp-json\/wp\/v2\/pages\/7152\/revisions\/1289750"}],"up":[{"embeddable":true,"href":"https:\/\/www.lactalisingredients.com\/fr\/wp-json\/wp\/v2\/pages\/7082"}],"wp:featuredmedia":[{"embeddable":true,"href":"https:\/\/www.lactalisingredients.com\/fr\/wp-json\/wp\/v2\/media\/18665"}],"wp:attachment":[{"href":"https:\/\/www.lactalisingredients.com\/fr\/wp-json\/wp\/v2\/media?parent=7152"}],"curies":[{"name":"wp","href":"https:\/\/api.w.org\/{rel}","templated":true}]}}