{"id":7160,"date":"2015-11-05T11:04:13","date_gmt":"2015-11-05T10:04:13","guid":{"rendered":"https:\/\/www.lactalisingredients.com\/produits-ingredients-laitiers\/poudres-de-lactoserum-et-lactose\/flowheyhigh-fluidity-whey-powders\/"},"modified":"2025-08-22T16:43:07","modified_gmt":"2025-08-22T15:43:07","slug":"poudres-de-lactoserum","status":"publish","type":"page","link":"https:\/\/www.lactalisingredients.com\/fr\/produits-ingredients-laitiers\/poudres-de-lactoserum-et-lactose\/poudres-de-lactoserum\/","title":{"rendered":"Poudres de lactos\u00e9rum"},"content":{"rendered":"<p>Commun\u00e9ment appel\u00e9 \u201cpetit lait\u201d, le lactos\u00e9rum est un co-produit issu de la production de fromage ou de cas\u00e9ines. Il existe 3 types de lactos\u00e9rum d\u00e9pendant de la m\u00e9thode de coagulation employ\u00e9e et de la nature du fromage : lactos\u00e9rum standard, doux ou acide. La transformation du lactos\u00e9rum liquide sous forme de poudre n\u00e9cessite plusieurs \u00e9tapes : concentration, cristallisation et s\u00e9chage. La cristallisation du lactose est une \u00e9tape essentielle pour l\u2019obtention d\u2019un lactos\u00e9rum de bonne qualit\u00e9.<\/p>\n<p>Transform\u00e9 sur nos diff\u00e9rents sites en Europe, au Royaume-Uni, en Turquie et aux Etats-Unis, nous proposons diff\u00e9rentes origines de lactos\u00e9rum pour r\u00e9pondre au mieux \u00e0 la demande client.<\/p>\n<p>Pionnier dans le s\u00e9chage du lactos\u00e9rum depuis les ann\u00e9es 1970, LACTALIS Ingredients a d\u00e9velopp\u00e9 une technologie unique permettant d\u2019optimiser la cristallisation du lactose contenu dans le lactos\u00e9rum. La marque Flowhey\u00ae est une gamme de poudres de lactos\u00e9rum de tr\u00e8s haute fluidit\u00e9, qui ne maillardise pas et ne motte pas permettant ainsi d\u2019\u00eatre utilis\u00e9e dans une large gamme d\u2019applications : <a href=\"https:\/\/www.lactalisingredients.com\/fr\/applications\/produits-laitiers\/\">produits laitiers<\/a>, lait concentr\u00e9 sucr\u00e9, <a href=\"https:\/\/www.lactalisingredients.com\/fr\/applications\/chocolaterie-confiserie\/\">chocolat<\/a>, boulangerie, <a href=\"https:\/\/www.lactalisingredients.com\/fr\/applications\/boulangerie-viennoiserie-patisserie\/\">biscuiterie<\/a> et cr\u00e8me glac\u00e9e.<\/p>\n<p>&nbsp;<\/p>\n","protected":false},"excerpt":{"rendered":"<p>Commun\u00e9ment appel\u00e9 \u201cpetit lait\u201d, le lactos\u00e9rum est un co-produit issu [&hellip;]<\/p>\n","protected":false},"author":4,"featured_media":18649,"parent":7075,"menu_order":1,"comment_status":"closed","ping_status":"closed","template":"page-ss-ss-product.php","meta":{"_acf_changed":false,"footnotes":""},"class_list":["post-7160","page","type-page","status-publish","has-post-thumbnail","hentry"],"acf":[],"yoast_head":"<!-- This site is optimized with the Yoast SEO plugin v25.2 - https:\/\/yoast.com\/wordpress\/plugins\/seo\/ -->\n<title>D\u00e9couvrez nos poudres de lactos\u00e9rum - Lactalis Ingredients<\/title>\n<meta name=\"description\" content=\"Nos poudres FLOWHEY\u00ae peuvent \u00eatre utilis\u00e9es comme alternative \u00e9conomique \u00e0 la poudre de lait \u00e9cr\u00e9m\u00e9 dans les applications chocolaterie.\" \/>\n<meta name=\"robots\" content=\"index, follow, max-snippet:-1, max-image-preview:large, max-video-preview:-1\" \/>\n<link rel=\"canonical\" href=\"https:\/\/www.lactalisingredients.com\/fr\/produits-ingredients-laitiers\/poudres-de-lactoserum-et-lactose\/poudres-de-lactoserum\/\" \/>\n<meta property=\"og:locale\" content=\"fr_FR\" \/>\n<meta property=\"og:type\" content=\"article\" \/>\n<meta property=\"og:title\" content=\"D\u00e9couvrez nos poudres de lactos\u00e9rum - Lactalis Ingredients\" \/>\n<meta property=\"og:description\" content=\"Nos poudres FLOWHEY\u00ae peuvent \u00eatre utilis\u00e9es comme alternative \u00e9conomique \u00e0 la poudre de lait \u00e9cr\u00e9m\u00e9 dans les applications chocolaterie.\" \/>\n<meta property=\"og:url\" content=\"https:\/\/www.lactalisingredients.com\/fr\/produits-ingredients-laitiers\/poudres-de-lactoserum-et-lactose\/poudres-de-lactoserum\/\" \/>\n<meta property=\"og:site_name\" content=\"Lactalis Ingredients\" \/>\n<meta property=\"article:modified_time\" content=\"2025-08-22T15:43:07+00:00\" \/>\n<meta property=\"og:image\" content=\"https:\/\/www.lactalisingredients.com\/wp-content\/uploads\/2024\/12\/bandeau-page-LACTOSERUM-FLOWHEY.jpg\" \/>\n\t<meta property=\"og:image:width\" content=\"1920\" \/>\n\t<meta property=\"og:image:height\" content=\"520\" \/>\n\t<meta property=\"og:image:type\" content=\"image\/jpeg\" \/>\n<meta name=\"twitter:label1\" content=\"Est. reading time\" \/>\n\t<meta name=\"twitter:data1\" content=\"1 minute\" \/>\n<script type=\"application\/ld+json\" class=\"yoast-schema-graph\">{\"@context\":\"https:\/\/schema.org\",\"@graph\":[{\"@type\":\"WebPage\",\"@id\":\"https:\/\/www.lactalisingredients.com\/fr\/produits-ingredients-laitiers\/poudres-de-lactoserum-et-lactose\/poudres-de-lactoserum\/\",\"url\":\"https:\/\/www.lactalisingredients.com\/fr\/produits-ingredients-laitiers\/poudres-de-lactoserum-et-lactose\/poudres-de-lactoserum\/\",\"name\":\"D\u00e9couvrez nos poudres de lactos\u00e9rum - Lactalis Ingredients\",\"isPartOf\":{\"@id\":\"https:\/\/www.lactalisingredients.com\/fr\/#website\"},\"primaryImageOfPage\":{\"@id\":\"https:\/\/www.lactalisingredients.com\/fr\/produits-ingredients-laitiers\/poudres-de-lactoserum-et-lactose\/poudres-de-lactoserum\/#primaryimage\"},\"image\":{\"@id\":\"https:\/\/www.lactalisingredients.com\/fr\/produits-ingredients-laitiers\/poudres-de-lactoserum-et-lactose\/poudres-de-lactoserum\/#primaryimage\"},\"thumbnailUrl\":\"https:\/\/www.lactalisingredients.com\/wp-content\/uploads\/2024\/12\/bandeau-page-LACTOSERUM-FLOWHEY.jpg\",\"datePublished\":\"2015-11-05T10:04:13+00:00\",\"dateModified\":\"2025-08-22T15:43:07+00:00\",\"description\":\"Nos poudres FLOWHEY\u00ae peuvent \u00eatre utilis\u00e9es comme alternative \u00e9conomique \u00e0 la poudre de lait \u00e9cr\u00e9m\u00e9 dans les applications chocolaterie.\",\"breadcrumb\":{\"@id\":\"https:\/\/www.lactalisingredients.com\/fr\/produits-ingredients-laitiers\/poudres-de-lactoserum-et-lactose\/poudres-de-lactoserum\/#breadcrumb\"},\"inLanguage\":\"fr-FR\",\"potentialAction\":[{\"@type\":\"ReadAction\",\"target\":[\"https:\/\/www.lactalisingredients.com\/fr\/produits-ingredients-laitiers\/poudres-de-lactoserum-et-lactose\/poudres-de-lactoserum\/\"]}]},{\"@type\":\"ImageObject\",\"inLanguage\":\"fr-FR\",\"@id\":\"https:\/\/www.lactalisingredients.com\/fr\/produits-ingredients-laitiers\/poudres-de-lactoserum-et-lactose\/poudres-de-lactoserum\/#primaryimage\",\"url\":\"https:\/\/www.lactalisingredients.com\/wp-content\/uploads\/2024\/12\/bandeau-page-LACTOSERUM-FLOWHEY.jpg\",\"contentUrl\":\"https:\/\/www.lactalisingredients.com\/wp-content\/uploads\/2024\/12\/bandeau-page-LACTOSERUM-FLOWHEY.jpg\",\"width\":1920,\"height\":520},{\"@type\":\"BreadcrumbList\",\"@id\":\"https:\/\/www.lactalisingredients.com\/fr\/produits-ingredients-laitiers\/poudres-de-lactoserum-et-lactose\/poudres-de-lactoserum\/#breadcrumb\",\"itemListElement\":[{\"@type\":\"ListItem\",\"position\":1,\"name\":\"Accueil\",\"item\":\"https:\/\/www.lactalisingredients.com\/fr\/\"},{\"@type\":\"ListItem\",\"position\":2,\"name\":\"Nos produits\",\"item\":\"https:\/\/www.lactalisingredients.com\/fr\/produits-ingredients-laitiers\/\"},{\"@type\":\"ListItem\",\"position\":3,\"name\":\"Poudres de lactos\u00e9rum et lactose\",\"item\":\"https:\/\/www.lactalisingredients.com\/fr\/produits-ingredients-laitiers\/poudres-de-lactoserum-et-lactose\/\"},{\"@type\":\"ListItem\",\"position\":4,\"name\":\"Poudres de lactos\u00e9rum\"}]},{\"@type\":\"WebSite\",\"@id\":\"https:\/\/www.lactalisingredients.com\/fr\/#website\",\"url\":\"https:\/\/www.lactalisingredients.com\/fr\/\",\"name\":\"Lactalis Ingredients\",\"description\":\"\",\"publisher\":{\"@id\":\"https:\/\/www.lactalisingredients.com\/fr\/#organization\"},\"potentialAction\":[{\"@type\":\"SearchAction\",\"target\":{\"@type\":\"EntryPoint\",\"urlTemplate\":\"https:\/\/www.lactalisingredients.com\/fr\/?s={search_term_string}\"},\"query-input\":{\"@type\":\"PropertyValueSpecification\",\"valueRequired\":true,\"valueName\":\"search_term_string\"}}],\"inLanguage\":\"fr-FR\"},{\"@type\":\"Organization\",\"@id\":\"https:\/\/www.lactalisingredients.com\/fr\/#organization\",\"name\":\"Lactalis Ingredients\",\"url\":\"https:\/\/www.lactalisingredients.com\/fr\/\",\"logo\":{\"@type\":\"ImageObject\",\"inLanguage\":\"fr-FR\",\"@id\":\"https:\/\/www.lactalisingredients.com\/fr\/#\/schema\/logo\/image\/\",\"url\":\"https:\/\/www.lactalisingredients.com\/wp-content\/uploads\/2019\/05\/logo-lactalise-history.jpg\",\"contentUrl\":\"https:\/\/www.lactalisingredients.com\/wp-content\/uploads\/2019\/05\/logo-lactalise-history.jpg\",\"width\":242,\"height\":81,\"caption\":\"Lactalis Ingredients\"},\"image\":{\"@id\":\"https:\/\/www.lactalisingredients.com\/fr\/#\/schema\/logo\/image\/\"}}]}<\/script>\n<!-- \/ Yoast SEO plugin. -->","yoast_head_json":{"title":"D\u00e9couvrez nos poudres de lactos\u00e9rum - Lactalis Ingredients","description":"Nos poudres FLOWHEY\u00ae peuvent \u00eatre utilis\u00e9es comme alternative \u00e9conomique \u00e0 la poudre de lait \u00e9cr\u00e9m\u00e9 dans les applications chocolaterie.","robots":{"index":"index","follow":"follow","max-snippet":"max-snippet:-1","max-image-preview":"max-image-preview:large","max-video-preview":"max-video-preview:-1"},"canonical":"https:\/\/www.lactalisingredients.com\/fr\/produits-ingredients-laitiers\/poudres-de-lactoserum-et-lactose\/poudres-de-lactoserum\/","og_locale":"fr_FR","og_type":"article","og_title":"D\u00e9couvrez nos poudres de lactos\u00e9rum - Lactalis Ingredients","og_description":"Nos poudres FLOWHEY\u00ae peuvent \u00eatre utilis\u00e9es comme alternative \u00e9conomique \u00e0 la poudre de lait \u00e9cr\u00e9m\u00e9 dans les applications chocolaterie.","og_url":"https:\/\/www.lactalisingredients.com\/fr\/produits-ingredients-laitiers\/poudres-de-lactoserum-et-lactose\/poudres-de-lactoserum\/","og_site_name":"Lactalis Ingredients","article_modified_time":"2025-08-22T15:43:07+00:00","og_image":[{"width":1920,"height":520,"url":"https:\/\/www.lactalisingredients.com\/wp-content\/uploads\/2024\/12\/bandeau-page-LACTOSERUM-FLOWHEY.jpg","type":"image\/jpeg"}],"twitter_misc":{"Est. reading time":"1 minute"},"schema":{"@context":"https:\/\/schema.org","@graph":[{"@type":"WebPage","@id":"https:\/\/www.lactalisingredients.com\/fr\/produits-ingredients-laitiers\/poudres-de-lactoserum-et-lactose\/poudres-de-lactoserum\/","url":"https:\/\/www.lactalisingredients.com\/fr\/produits-ingredients-laitiers\/poudres-de-lactoserum-et-lactose\/poudres-de-lactoserum\/","name":"D\u00e9couvrez nos poudres de lactos\u00e9rum - Lactalis Ingredients","isPartOf":{"@id":"https:\/\/www.lactalisingredients.com\/fr\/#website"},"primaryImageOfPage":{"@id":"https:\/\/www.lactalisingredients.com\/fr\/produits-ingredients-laitiers\/poudres-de-lactoserum-et-lactose\/poudres-de-lactoserum\/#primaryimage"},"image":{"@id":"https:\/\/www.lactalisingredients.com\/fr\/produits-ingredients-laitiers\/poudres-de-lactoserum-et-lactose\/poudres-de-lactoserum\/#primaryimage"},"thumbnailUrl":"https:\/\/www.lactalisingredients.com\/wp-content\/uploads\/2024\/12\/bandeau-page-LACTOSERUM-FLOWHEY.jpg","datePublished":"2015-11-05T10:04:13+00:00","dateModified":"2025-08-22T15:43:07+00:00","description":"Nos poudres FLOWHEY\u00ae peuvent \u00eatre utilis\u00e9es comme alternative \u00e9conomique \u00e0 la poudre de lait \u00e9cr\u00e9m\u00e9 dans les applications chocolaterie.","breadcrumb":{"@id":"https:\/\/www.lactalisingredients.com\/fr\/produits-ingredients-laitiers\/poudres-de-lactoserum-et-lactose\/poudres-de-lactoserum\/#breadcrumb"},"inLanguage":"fr-FR","potentialAction":[{"@type":"ReadAction","target":["https:\/\/www.lactalisingredients.com\/fr\/produits-ingredients-laitiers\/poudres-de-lactoserum-et-lactose\/poudres-de-lactoserum\/"]}]},{"@type":"ImageObject","inLanguage":"fr-FR","@id":"https:\/\/www.lactalisingredients.com\/fr\/produits-ingredients-laitiers\/poudres-de-lactoserum-et-lactose\/poudres-de-lactoserum\/#primaryimage","url":"https:\/\/www.lactalisingredients.com\/wp-content\/uploads\/2024\/12\/bandeau-page-LACTOSERUM-FLOWHEY.jpg","contentUrl":"https:\/\/www.lactalisingredients.com\/wp-content\/uploads\/2024\/12\/bandeau-page-LACTOSERUM-FLOWHEY.jpg","width":1920,"height":520},{"@type":"BreadcrumbList","@id":"https:\/\/www.lactalisingredients.com\/fr\/produits-ingredients-laitiers\/poudres-de-lactoserum-et-lactose\/poudres-de-lactoserum\/#breadcrumb","itemListElement":[{"@type":"ListItem","position":1,"name":"Accueil","item":"https:\/\/www.lactalisingredients.com\/fr\/"},{"@type":"ListItem","position":2,"name":"Nos produits","item":"https:\/\/www.lactalisingredients.com\/fr\/produits-ingredients-laitiers\/"},{"@type":"ListItem","position":3,"name":"Poudres de lactos\u00e9rum et lactose","item":"https:\/\/www.lactalisingredients.com\/fr\/produits-ingredients-laitiers\/poudres-de-lactoserum-et-lactose\/"},{"@type":"ListItem","position":4,"name":"Poudres de lactos\u00e9rum"}]},{"@type":"WebSite","@id":"https:\/\/www.lactalisingredients.com\/fr\/#website","url":"https:\/\/www.lactalisingredients.com\/fr\/","name":"Lactalis Ingredients","description":"","publisher":{"@id":"https:\/\/www.lactalisingredients.com\/fr\/#organization"},"potentialAction":[{"@type":"SearchAction","target":{"@type":"EntryPoint","urlTemplate":"https:\/\/www.lactalisingredients.com\/fr\/?s={search_term_string}"},"query-input":{"@type":"PropertyValueSpecification","valueRequired":true,"valueName":"search_term_string"}}],"inLanguage":"fr-FR"},{"@type":"Organization","@id":"https:\/\/www.lactalisingredients.com\/fr\/#organization","name":"Lactalis Ingredients","url":"https:\/\/www.lactalisingredients.com\/fr\/","logo":{"@type":"ImageObject","inLanguage":"fr-FR","@id":"https:\/\/www.lactalisingredients.com\/fr\/#\/schema\/logo\/image\/","url":"https:\/\/www.lactalisingredients.com\/wp-content\/uploads\/2019\/05\/logo-lactalise-history.jpg","contentUrl":"https:\/\/www.lactalisingredients.com\/wp-content\/uploads\/2019\/05\/logo-lactalise-history.jpg","width":242,"height":81,"caption":"Lactalis Ingredients"},"image":{"@id":"https:\/\/www.lactalisingredients.com\/fr\/#\/schema\/logo\/image\/"}}]}},"_links":{"self":[{"href":"https:\/\/www.lactalisingredients.com\/fr\/wp-json\/wp\/v2\/pages\/7160","targetHints":{"allow":["GET"]}}],"collection":[{"href":"https:\/\/www.lactalisingredients.com\/fr\/wp-json\/wp\/v2\/pages"}],"about":[{"href":"https:\/\/www.lactalisingredients.com\/fr\/wp-json\/wp\/v2\/types\/page"}],"author":[{"embeddable":true,"href":"https:\/\/www.lactalisingredients.com\/fr\/wp-json\/wp\/v2\/users\/4"}],"replies":[{"embeddable":true,"href":"https:\/\/www.lactalisingredients.com\/fr\/wp-json\/wp\/v2\/comments?post=7160"}],"version-history":[{"count":6,"href":"https:\/\/www.lactalisingredients.com\/fr\/wp-json\/wp\/v2\/pages\/7160\/revisions"}],"predecessor-version":[{"id":493662,"href":"https:\/\/www.lactalisingredients.com\/fr\/wp-json\/wp\/v2\/pages\/7160\/revisions\/493662"}],"up":[{"embeddable":true,"href":"https:\/\/www.lactalisingredients.com\/fr\/wp-json\/wp\/v2\/pages\/7075"}],"wp:featuredmedia":[{"embeddable":true,"href":"https:\/\/www.lactalisingredients.com\/fr\/wp-json\/wp\/v2\/media\/18649"}],"wp:attachment":[{"href":"https:\/\/www.lactalisingredients.com\/fr\/wp-json\/wp\/v2\/media?parent=7160"}],"curies":[{"name":"wp","href":"https:\/\/api.w.org\/{rel}","templated":true}]}}