{"id":7177,"date":"2015-05-28T09:04:45","date_gmt":"2015-05-28T08:04:45","guid":{"rendered":"https:\/\/www.lactalisingredients.com\/produits-ingredients-laitiers\/poudres-de-lactoserum-et-lactose\/lactowell\/"},"modified":"2025-02-10T14:17:13","modified_gmt":"2025-02-10T13:17:13","slug":"permeat-de-lactoserum","status":"publish","type":"page","link":"https:\/\/www.lactalisingredients.com\/fr\/produits-ingredients-laitiers\/poudres-de-lactoserum-et-lactose\/permeat-de-lactoserum\/","title":{"rendered":"Perm\u00e9at de lactos\u00e9rum"},"content":{"rendered":"<p>Le perm\u00e9at de lactos\u00e9rum est une alternative \u00e9conomique \u00e0 la poudre de lait et au lactos\u00e9rum. Sa teneur en lactose \u00e9lev\u00e9 en fait un agent de charge int\u00e9ressant, notamment dans les applications alimentaires telles que\u00a0la <a href=\"https:\/\/www.lactalisingredients.com\/fr\/applications\/chocolaterie-confiserie\/\">confiserie<\/a>, la chocolaterie,\u00a0la <a href=\"https:\/\/www.lactalisingredients.com\/fr\/applications\/boulangerie-viennoiserie-patisserie\/\">biscuiterie<\/a>, boulangerie, la p\u00e2tisserie, les produits laitiers, les boissons ou encore dans les aliments pour animaux\u2026<\/p>\n<p>Le perm\u00e9at de lactos\u00e9rum est obtenu par ultrafiltration en \u00e9liminant les prot\u00e9ines s\u00e9riques du lactos\u00e9rum. Avec un taux de prot\u00e9ines sup\u00e9rieur \u00e0 4,5% et une teneur moyenne en lactose de 80%, nos poudres de perm\u00e9at permettent d\u2019optimiser les co\u00fbts globaux en rempla\u00e7ant le lactos\u00e9rum ou le lactose.<\/p>\n<p>LACTALIS Ingredients, au travers de ses usines bas\u00e9es aux Etats Unis, propose de la poudre de perm\u00e9at haute fluidit\u00e9 issue de lactos\u00e9rum de mozzarella sous la marque Lactowell\u00ae ainsi que de poudre de perm\u00e9at enrichie en compos\u00e9s laitiers sous la marque Sensadairy\u00ae.<\/p>\n<p>&nbsp;<\/p>\n<p>&nbsp;<\/p>\n<p>&nbsp;<\/p>\n<p>&nbsp;<\/p>\n","protected":false},"excerpt":{"rendered":"<p>Le perm\u00e9at de lactos\u00e9rum est une alternative \u00e9conomique \u00e0 la [&hellip;]<\/p>\n","protected":false},"author":2,"featured_media":18850,"parent":7075,"menu_order":4,"comment_status":"closed","ping_status":"closed","template":"page-ss-ss-product.php","meta":{"_acf_changed":false,"footnotes":""},"class_list":["post-7177","page","type-page","status-publish","has-post-thumbnail","hentry"],"acf":[],"yoast_head":"<!-- This site is optimized with the Yoast SEO plugin v25.2 - https:\/\/yoast.com\/wordpress\/plugins\/seo\/ -->\n<title>D\u00e9couvrez notre perm\u00e9at de lactos\u00e9rum - Lactalis Ingredients<\/title>\n<meta name=\"description\" content=\"Le perm\u00e9at de lactos\u00e9rum est une alternative \u00e9conomique \u00e0 la poudre de lait. en confiserie, p\u00e2tisserie et biscuiterie.\" \/>\n<meta name=\"robots\" content=\"index, follow, max-snippet:-1, max-image-preview:large, max-video-preview:-1\" \/>\n<link rel=\"canonical\" href=\"https:\/\/www.lactalisingredients.com\/fr\/produits-ingredients-laitiers\/poudres-de-lactoserum-et-lactose\/permeat-de-lactoserum\/\" \/>\n<meta property=\"og:locale\" content=\"fr_FR\" \/>\n<meta property=\"og:type\" content=\"article\" \/>\n<meta property=\"og:title\" content=\"D\u00e9couvrez notre perm\u00e9at de lactos\u00e9rum - Lactalis Ingredients\" \/>\n<meta property=\"og:description\" content=\"Le perm\u00e9at de lactos\u00e9rum est une alternative \u00e9conomique \u00e0 la poudre de lait. en confiserie, p\u00e2tisserie et biscuiterie.\" \/>\n<meta property=\"og:url\" content=\"https:\/\/www.lactalisingredients.com\/fr\/produits-ingredients-laitiers\/poudres-de-lactoserum-et-lactose\/permeat-de-lactoserum\/\" \/>\n<meta property=\"og:site_name\" content=\"Lactalis Ingredients\" \/>\n<meta property=\"article:modified_time\" content=\"2025-02-10T13:17:13+00:00\" \/>\n<meta property=\"og:image\" content=\"https:\/\/www.lactalisingredients.com\/wp-content\/uploads\/2025\/02\/bandeau-page-PERMEAT-DE-LACTOSERUM.jpg\" \/>\n\t<meta property=\"og:image:width\" content=\"1920\" \/>\n\t<meta property=\"og:image:height\" content=\"520\" \/>\n\t<meta property=\"og:image:type\" content=\"image\/jpeg\" \/>\n<meta name=\"twitter:label1\" content=\"Est. reading time\" \/>\n\t<meta name=\"twitter:data1\" content=\"1 minute\" \/>\n<script type=\"application\/ld+json\" class=\"yoast-schema-graph\">{\"@context\":\"https:\/\/schema.org\",\"@graph\":[{\"@type\":\"WebPage\",\"@id\":\"https:\/\/www.lactalisingredients.com\/fr\/produits-ingredients-laitiers\/poudres-de-lactoserum-et-lactose\/permeat-de-lactoserum\/\",\"url\":\"https:\/\/www.lactalisingredients.com\/fr\/produits-ingredients-laitiers\/poudres-de-lactoserum-et-lactose\/permeat-de-lactoserum\/\",\"name\":\"D\u00e9couvrez notre perm\u00e9at de lactos\u00e9rum - Lactalis Ingredients\",\"isPartOf\":{\"@id\":\"https:\/\/www.lactalisingredients.com\/fr\/#website\"},\"primaryImageOfPage\":{\"@id\":\"https:\/\/www.lactalisingredients.com\/fr\/produits-ingredients-laitiers\/poudres-de-lactoserum-et-lactose\/permeat-de-lactoserum\/#primaryimage\"},\"image\":{\"@id\":\"https:\/\/www.lactalisingredients.com\/fr\/produits-ingredients-laitiers\/poudres-de-lactoserum-et-lactose\/permeat-de-lactoserum\/#primaryimage\"},\"thumbnailUrl\":\"https:\/\/www.lactalisingredients.com\/wp-content\/uploads\/2025\/02\/bandeau-page-PERMEAT-DE-LACTOSERUM.jpg\",\"datePublished\":\"2015-05-28T08:04:45+00:00\",\"dateModified\":\"2025-02-10T13:17:13+00:00\",\"description\":\"Le perm\u00e9at de lactos\u00e9rum est une alternative \u00e9conomique \u00e0 la poudre de lait. en confiserie, p\u00e2tisserie et biscuiterie.\",\"breadcrumb\":{\"@id\":\"https:\/\/www.lactalisingredients.com\/fr\/produits-ingredients-laitiers\/poudres-de-lactoserum-et-lactose\/permeat-de-lactoserum\/#breadcrumb\"},\"inLanguage\":\"fr-FR\",\"potentialAction\":[{\"@type\":\"ReadAction\",\"target\":[\"https:\/\/www.lactalisingredients.com\/fr\/produits-ingredients-laitiers\/poudres-de-lactoserum-et-lactose\/permeat-de-lactoserum\/\"]}]},{\"@type\":\"ImageObject\",\"inLanguage\":\"fr-FR\",\"@id\":\"https:\/\/www.lactalisingredients.com\/fr\/produits-ingredients-laitiers\/poudres-de-lactoserum-et-lactose\/permeat-de-lactoserum\/#primaryimage\",\"url\":\"https:\/\/www.lactalisingredients.com\/wp-content\/uploads\/2025\/02\/bandeau-page-PERMEAT-DE-LACTOSERUM.jpg\",\"contentUrl\":\"https:\/\/www.lactalisingredients.com\/wp-content\/uploads\/2025\/02\/bandeau-page-PERMEAT-DE-LACTOSERUM.jpg\",\"width\":1920,\"height\":520},{\"@type\":\"BreadcrumbList\",\"@id\":\"https:\/\/www.lactalisingredients.com\/fr\/produits-ingredients-laitiers\/poudres-de-lactoserum-et-lactose\/permeat-de-lactoserum\/#breadcrumb\",\"itemListElement\":[{\"@type\":\"ListItem\",\"position\":1,\"name\":\"Accueil\",\"item\":\"https:\/\/www.lactalisingredients.com\/fr\/\"},{\"@type\":\"ListItem\",\"position\":2,\"name\":\"Nos produits\",\"item\":\"https:\/\/www.lactalisingredients.com\/fr\/produits-ingredients-laitiers\/\"},{\"@type\":\"ListItem\",\"position\":3,\"name\":\"Poudres de lactos\u00e9rum et lactose\",\"item\":\"https:\/\/www.lactalisingredients.com\/fr\/produits-ingredients-laitiers\/poudres-de-lactoserum-et-lactose\/\"},{\"@type\":\"ListItem\",\"position\":4,\"name\":\"Perm\u00e9at de lactos\u00e9rum\"}]},{\"@type\":\"WebSite\",\"@id\":\"https:\/\/www.lactalisingredients.com\/fr\/#website\",\"url\":\"https:\/\/www.lactalisingredients.com\/fr\/\",\"name\":\"Lactalis Ingredients\",\"description\":\"\",\"publisher\":{\"@id\":\"https:\/\/www.lactalisingredients.com\/fr\/#organization\"},\"potentialAction\":[{\"@type\":\"SearchAction\",\"target\":{\"@type\":\"EntryPoint\",\"urlTemplate\":\"https:\/\/www.lactalisingredients.com\/fr\/?s={search_term_string}\"},\"query-input\":{\"@type\":\"PropertyValueSpecification\",\"valueRequired\":true,\"valueName\":\"search_term_string\"}}],\"inLanguage\":\"fr-FR\"},{\"@type\":\"Organization\",\"@id\":\"https:\/\/www.lactalisingredients.com\/fr\/#organization\",\"name\":\"Lactalis Ingredients\",\"url\":\"https:\/\/www.lactalisingredients.com\/fr\/\",\"logo\":{\"@type\":\"ImageObject\",\"inLanguage\":\"fr-FR\",\"@id\":\"https:\/\/www.lactalisingredients.com\/fr\/#\/schema\/logo\/image\/\",\"url\":\"https:\/\/www.lactalisingredients.com\/wp-content\/uploads\/2019\/05\/logo-lactalise-history.jpg\",\"contentUrl\":\"https:\/\/www.lactalisingredients.com\/wp-content\/uploads\/2019\/05\/logo-lactalise-history.jpg\",\"width\":242,\"height\":81,\"caption\":\"Lactalis Ingredients\"},\"image\":{\"@id\":\"https:\/\/www.lactalisingredients.com\/fr\/#\/schema\/logo\/image\/\"}}]}<\/script>\n<!-- \/ Yoast SEO plugin. -->","yoast_head_json":{"title":"D\u00e9couvrez notre perm\u00e9at de lactos\u00e9rum - Lactalis Ingredients","description":"Le perm\u00e9at de lactos\u00e9rum est une alternative \u00e9conomique \u00e0 la poudre de lait. en confiserie, p\u00e2tisserie et biscuiterie.","robots":{"index":"index","follow":"follow","max-snippet":"max-snippet:-1","max-image-preview":"max-image-preview:large","max-video-preview":"max-video-preview:-1"},"canonical":"https:\/\/www.lactalisingredients.com\/fr\/produits-ingredients-laitiers\/poudres-de-lactoserum-et-lactose\/permeat-de-lactoserum\/","og_locale":"fr_FR","og_type":"article","og_title":"D\u00e9couvrez notre perm\u00e9at de lactos\u00e9rum - Lactalis Ingredients","og_description":"Le perm\u00e9at de lactos\u00e9rum est une alternative \u00e9conomique \u00e0 la poudre de lait. en confiserie, p\u00e2tisserie et biscuiterie.","og_url":"https:\/\/www.lactalisingredients.com\/fr\/produits-ingredients-laitiers\/poudres-de-lactoserum-et-lactose\/permeat-de-lactoserum\/","og_site_name":"Lactalis Ingredients","article_modified_time":"2025-02-10T13:17:13+00:00","og_image":[{"width":1920,"height":520,"url":"https:\/\/www.lactalisingredients.com\/wp-content\/uploads\/2025\/02\/bandeau-page-PERMEAT-DE-LACTOSERUM.jpg","type":"image\/jpeg"}],"twitter_misc":{"Est. reading time":"1 minute"},"schema":{"@context":"https:\/\/schema.org","@graph":[{"@type":"WebPage","@id":"https:\/\/www.lactalisingredients.com\/fr\/produits-ingredients-laitiers\/poudres-de-lactoserum-et-lactose\/permeat-de-lactoserum\/","url":"https:\/\/www.lactalisingredients.com\/fr\/produits-ingredients-laitiers\/poudres-de-lactoserum-et-lactose\/permeat-de-lactoserum\/","name":"D\u00e9couvrez notre perm\u00e9at de lactos\u00e9rum - Lactalis Ingredients","isPartOf":{"@id":"https:\/\/www.lactalisingredients.com\/fr\/#website"},"primaryImageOfPage":{"@id":"https:\/\/www.lactalisingredients.com\/fr\/produits-ingredients-laitiers\/poudres-de-lactoserum-et-lactose\/permeat-de-lactoserum\/#primaryimage"},"image":{"@id":"https:\/\/www.lactalisingredients.com\/fr\/produits-ingredients-laitiers\/poudres-de-lactoserum-et-lactose\/permeat-de-lactoserum\/#primaryimage"},"thumbnailUrl":"https:\/\/www.lactalisingredients.com\/wp-content\/uploads\/2025\/02\/bandeau-page-PERMEAT-DE-LACTOSERUM.jpg","datePublished":"2015-05-28T08:04:45+00:00","dateModified":"2025-02-10T13:17:13+00:00","description":"Le perm\u00e9at de lactos\u00e9rum est une alternative \u00e9conomique \u00e0 la poudre de lait. en confiserie, p\u00e2tisserie et biscuiterie.","breadcrumb":{"@id":"https:\/\/www.lactalisingredients.com\/fr\/produits-ingredients-laitiers\/poudres-de-lactoserum-et-lactose\/permeat-de-lactoserum\/#breadcrumb"},"inLanguage":"fr-FR","potentialAction":[{"@type":"ReadAction","target":["https:\/\/www.lactalisingredients.com\/fr\/produits-ingredients-laitiers\/poudres-de-lactoserum-et-lactose\/permeat-de-lactoserum\/"]}]},{"@type":"ImageObject","inLanguage":"fr-FR","@id":"https:\/\/www.lactalisingredients.com\/fr\/produits-ingredients-laitiers\/poudres-de-lactoserum-et-lactose\/permeat-de-lactoserum\/#primaryimage","url":"https:\/\/www.lactalisingredients.com\/wp-content\/uploads\/2025\/02\/bandeau-page-PERMEAT-DE-LACTOSERUM.jpg","contentUrl":"https:\/\/www.lactalisingredients.com\/wp-content\/uploads\/2025\/02\/bandeau-page-PERMEAT-DE-LACTOSERUM.jpg","width":1920,"height":520},{"@type":"BreadcrumbList","@id":"https:\/\/www.lactalisingredients.com\/fr\/produits-ingredients-laitiers\/poudres-de-lactoserum-et-lactose\/permeat-de-lactoserum\/#breadcrumb","itemListElement":[{"@type":"ListItem","position":1,"name":"Accueil","item":"https:\/\/www.lactalisingredients.com\/fr\/"},{"@type":"ListItem","position":2,"name":"Nos produits","item":"https:\/\/www.lactalisingredients.com\/fr\/produits-ingredients-laitiers\/"},{"@type":"ListItem","position":3,"name":"Poudres de lactos\u00e9rum et lactose","item":"https:\/\/www.lactalisingredients.com\/fr\/produits-ingredients-laitiers\/poudres-de-lactoserum-et-lactose\/"},{"@type":"ListItem","position":4,"name":"Perm\u00e9at de lactos\u00e9rum"}]},{"@type":"WebSite","@id":"https:\/\/www.lactalisingredients.com\/fr\/#website","url":"https:\/\/www.lactalisingredients.com\/fr\/","name":"Lactalis Ingredients","description":"","publisher":{"@id":"https:\/\/www.lactalisingredients.com\/fr\/#organization"},"potentialAction":[{"@type":"SearchAction","target":{"@type":"EntryPoint","urlTemplate":"https:\/\/www.lactalisingredients.com\/fr\/?s={search_term_string}"},"query-input":{"@type":"PropertyValueSpecification","valueRequired":true,"valueName":"search_term_string"}}],"inLanguage":"fr-FR"},{"@type":"Organization","@id":"https:\/\/www.lactalisingredients.com\/fr\/#organization","name":"Lactalis Ingredients","url":"https:\/\/www.lactalisingredients.com\/fr\/","logo":{"@type":"ImageObject","inLanguage":"fr-FR","@id":"https:\/\/www.lactalisingredients.com\/fr\/#\/schema\/logo\/image\/","url":"https:\/\/www.lactalisingredients.com\/wp-content\/uploads\/2019\/05\/logo-lactalise-history.jpg","contentUrl":"https:\/\/www.lactalisingredients.com\/wp-content\/uploads\/2019\/05\/logo-lactalise-history.jpg","width":242,"height":81,"caption":"Lactalis Ingredients"},"image":{"@id":"https:\/\/www.lactalisingredients.com\/fr\/#\/schema\/logo\/image\/"}}]}},"_links":{"self":[{"href":"https:\/\/www.lactalisingredients.com\/fr\/wp-json\/wp\/v2\/pages\/7177","targetHints":{"allow":["GET"]}}],"collection":[{"href":"https:\/\/www.lactalisingredients.com\/fr\/wp-json\/wp\/v2\/pages"}],"about":[{"href":"https:\/\/www.lactalisingredients.com\/fr\/wp-json\/wp\/v2\/types\/page"}],"author":[{"embeddable":true,"href":"https:\/\/www.lactalisingredients.com\/fr\/wp-json\/wp\/v2\/users\/2"}],"replies":[{"embeddable":true,"href":"https:\/\/www.lactalisingredients.com\/fr\/wp-json\/wp\/v2\/comments?post=7177"}],"version-history":[{"count":5,"href":"https:\/\/www.lactalisingredients.com\/fr\/wp-json\/wp\/v2\/pages\/7177\/revisions"}],"predecessor-version":[{"id":18854,"href":"https:\/\/www.lactalisingredients.com\/fr\/wp-json\/wp\/v2\/pages\/7177\/revisions\/18854"}],"up":[{"embeddable":true,"href":"https:\/\/www.lactalisingredients.com\/fr\/wp-json\/wp\/v2\/pages\/7075"}],"wp:featuredmedia":[{"embeddable":true,"href":"https:\/\/www.lactalisingredients.com\/fr\/wp-json\/wp\/v2\/media\/18850"}],"wp:attachment":[{"href":"https:\/\/www.lactalisingredients.com\/fr\/wp-json\/wp\/v2\/media?parent=7177"}],"curies":[{"name":"wp","href":"https:\/\/api.w.org\/{rel}","templated":true}]}}