{"id":7182,"date":"2015-05-28T09:05:11","date_gmt":"2015-05-28T08:05:11","guid":{"rendered":"https:\/\/www.lactalisingredients.com\/produits-ingredients-laitiers\/poudres-de-lactoserum-et-lactose\/lactose\/"},"modified":"2024-12-04T16:15:16","modified_gmt":"2024-12-04T15:15:16","slug":"poudres-de-lactose","status":"publish","type":"page","link":"https:\/\/www.lactalisingredients.com\/fr\/produits-ingredients-laitiers\/poudres-de-lactoserum-et-lactose\/poudres-de-lactose\/","title":{"rendered":"Lactose"},"content":{"rendered":"<p>Le lactose est le sucre du lait par d\u00e9finition. Il peut \u00eatre extrait du lait ou du lactos\u00e9rum par un processus de filtration qui s\u00e9pare les prot\u00e9ines du lactose. Le lactose est ensuite cristallis\u00e9, s\u00e9ch\u00e9 et broy\u00e9 afin d\u2019obtenir une poudre compos\u00e9e d&#8217;au moins 99,2% de lactose, de 0,1% \u00e0 0,3% de min\u00e9raux et de prot\u00e9ines. Son go\u00fbt l\u00e9g\u00e8rement sucr\u00e9 et son faible apport calorique font du lactose l&#8217;un des ingr\u00e9dients les plus adapt\u00e9s pour les applications alimentaires nutritionnelles ou pharmaceutiques.<\/p>\n<p>LACTALIS Ingredients dispose d\u2019une large gamme de poudres de lactose avec un taux de puret\u00e9 variant de 99.2% \u00e0 99.6% et une teneur en prot\u00e9ines et min\u00e9raux tr\u00e8s faible (inf\u00e9rieure \u00e0 0,1%). La haute puret\u00e9 de notre lactose permet d\u2019offrir un lactose blanc. Fort d\u2019une longue expertise dans le domaine des ingr\u00e9dients laitiers, LACTALIS Ingredients est en mesure de proposer des poudres de lactose permettant de r\u00e9pondre aux attentes de nombreuses applications telles que la <a href=\"https:\/\/www.lactalisingredients.com\/fr\/applications\/chocolaterie-confiserie\/\">chocolaterie<\/a>, l\u2019industrie des ferments, de la <a href=\"https:\/\/www.lactalisingredients.com\/fr\/applications\/nutrition-infantile\/\">nutrition infantile<\/a> et de l\u2019industrie pharmaceutique.<\/p>\n<p>LACTALIS Ingredients dispose d\u2019une large gamme de lactose pour r\u00e9pondre au mieux aux besoins de ses clients.<\/p>\n","protected":false},"excerpt":{"rendered":"<p>Le lactose est le sucre du lait par d\u00e9finition. Il [&hellip;]<\/p>\n","protected":false},"author":2,"featured_media":18660,"parent":7075,"menu_order":5,"comment_status":"closed","ping_status":"closed","template":"page-ss-ss-product.php","meta":{"_acf_changed":false,"footnotes":""},"class_list":["post-7182","page","type-page","status-publish","has-post-thumbnail","hentry"],"acf":[],"yoast_head":"<!-- This site is optimized with the Yoast SEO plugin v25.2 - https:\/\/yoast.com\/wordpress\/plugins\/seo\/ -->\n<title>D\u00e9couvrez nos poudres de lactose - Lactalis Ingredients<\/title>\n<meta name=\"description\" content=\"Nos poudres de lactose permettent de r\u00e9pondre aux attentes des applications : chocolaterie, nutrition infantile et industrie pharmaceutique.\" \/>\n<meta name=\"robots\" content=\"index, follow, max-snippet:-1, max-image-preview:large, max-video-preview:-1\" \/>\n<link rel=\"canonical\" href=\"https:\/\/www.lactalisingredients.com\/fr\/produits-ingredients-laitiers\/poudres-de-lactoserum-et-lactose\/poudres-de-lactose\/\" \/>\n<meta property=\"og:locale\" content=\"fr_FR\" \/>\n<meta property=\"og:type\" content=\"article\" \/>\n<meta property=\"og:title\" content=\"D\u00e9couvrez nos poudres de lactose - Lactalis Ingredients\" \/>\n<meta property=\"og:description\" content=\"Nos poudres de lactose permettent de r\u00e9pondre aux attentes des applications : chocolaterie, nutrition infantile et industrie pharmaceutique.\" \/>\n<meta property=\"og:url\" content=\"https:\/\/www.lactalisingredients.com\/fr\/produits-ingredients-laitiers\/poudres-de-lactoserum-et-lactose\/poudres-de-lactose\/\" \/>\n<meta property=\"og:site_name\" content=\"Lactalis Ingredients\" \/>\n<meta property=\"article:modified_time\" content=\"2024-12-04T15:15:16+00:00\" \/>\n<meta property=\"og:image\" content=\"https:\/\/www.lactalisingredients.com\/wp-content\/uploads\/2024\/12\/bandeau-page-lACTOSE.jpg\" \/>\n\t<meta property=\"og:image:width\" content=\"1920\" \/>\n\t<meta property=\"og:image:height\" content=\"520\" \/>\n\t<meta property=\"og:image:type\" content=\"image\/jpeg\" \/>\n<meta name=\"twitter:label1\" content=\"Est. reading time\" \/>\n\t<meta name=\"twitter:data1\" content=\"2 minutes\" \/>\n<script type=\"application\/ld+json\" class=\"yoast-schema-graph\">{\"@context\":\"https:\/\/schema.org\",\"@graph\":[{\"@type\":\"WebPage\",\"@id\":\"https:\/\/www.lactalisingredients.com\/fr\/produits-ingredients-laitiers\/poudres-de-lactoserum-et-lactose\/poudres-de-lactose\/\",\"url\":\"https:\/\/www.lactalisingredients.com\/fr\/produits-ingredients-laitiers\/poudres-de-lactoserum-et-lactose\/poudres-de-lactose\/\",\"name\":\"D\u00e9couvrez nos poudres de lactose - Lactalis Ingredients\",\"isPartOf\":{\"@id\":\"https:\/\/www.lactalisingredients.com\/fr\/#website\"},\"primaryImageOfPage\":{\"@id\":\"https:\/\/www.lactalisingredients.com\/fr\/produits-ingredients-laitiers\/poudres-de-lactoserum-et-lactose\/poudres-de-lactose\/#primaryimage\"},\"image\":{\"@id\":\"https:\/\/www.lactalisingredients.com\/fr\/produits-ingredients-laitiers\/poudres-de-lactoserum-et-lactose\/poudres-de-lactose\/#primaryimage\"},\"thumbnailUrl\":\"https:\/\/www.lactalisingredients.com\/wp-content\/uploads\/2024\/12\/bandeau-page-lACTOSE.jpg\",\"datePublished\":\"2015-05-28T08:05:11+00:00\",\"dateModified\":\"2024-12-04T15:15:16+00:00\",\"description\":\"Nos poudres de lactose permettent de r\u00e9pondre aux attentes des applications : chocolaterie, nutrition infantile et industrie pharmaceutique.\",\"breadcrumb\":{\"@id\":\"https:\/\/www.lactalisingredients.com\/fr\/produits-ingredients-laitiers\/poudres-de-lactoserum-et-lactose\/poudres-de-lactose\/#breadcrumb\"},\"inLanguage\":\"fr-FR\",\"potentialAction\":[{\"@type\":\"ReadAction\",\"target\":[\"https:\/\/www.lactalisingredients.com\/fr\/produits-ingredients-laitiers\/poudres-de-lactoserum-et-lactose\/poudres-de-lactose\/\"]}]},{\"@type\":\"ImageObject\",\"inLanguage\":\"fr-FR\",\"@id\":\"https:\/\/www.lactalisingredients.com\/fr\/produits-ingredients-laitiers\/poudres-de-lactoserum-et-lactose\/poudres-de-lactose\/#primaryimage\",\"url\":\"https:\/\/www.lactalisingredients.com\/wp-content\/uploads\/2024\/12\/bandeau-page-lACTOSE.jpg\",\"contentUrl\":\"https:\/\/www.lactalisingredients.com\/wp-content\/uploads\/2024\/12\/bandeau-page-lACTOSE.jpg\",\"width\":1920,\"height\":520},{\"@type\":\"BreadcrumbList\",\"@id\":\"https:\/\/www.lactalisingredients.com\/fr\/produits-ingredients-laitiers\/poudres-de-lactoserum-et-lactose\/poudres-de-lactose\/#breadcrumb\",\"itemListElement\":[{\"@type\":\"ListItem\",\"position\":1,\"name\":\"Accueil\",\"item\":\"https:\/\/www.lactalisingredients.com\/fr\/\"},{\"@type\":\"ListItem\",\"position\":2,\"name\":\"Nos produits\",\"item\":\"https:\/\/www.lactalisingredients.com\/fr\/produits-ingredients-laitiers\/\"},{\"@type\":\"ListItem\",\"position\":3,\"name\":\"Poudres de lactos\u00e9rum et lactose\",\"item\":\"https:\/\/www.lactalisingredients.com\/fr\/produits-ingredients-laitiers\/poudres-de-lactoserum-et-lactose\/\"},{\"@type\":\"ListItem\",\"position\":4,\"name\":\"Lactose\"}]},{\"@type\":\"WebSite\",\"@id\":\"https:\/\/www.lactalisingredients.com\/fr\/#website\",\"url\":\"https:\/\/www.lactalisingredients.com\/fr\/\",\"name\":\"Lactalis Ingredients\",\"description\":\"\",\"publisher\":{\"@id\":\"https:\/\/www.lactalisingredients.com\/fr\/#organization\"},\"potentialAction\":[{\"@type\":\"SearchAction\",\"target\":{\"@type\":\"EntryPoint\",\"urlTemplate\":\"https:\/\/www.lactalisingredients.com\/fr\/?s={search_term_string}\"},\"query-input\":{\"@type\":\"PropertyValueSpecification\",\"valueRequired\":true,\"valueName\":\"search_term_string\"}}],\"inLanguage\":\"fr-FR\"},{\"@type\":\"Organization\",\"@id\":\"https:\/\/www.lactalisingredients.com\/fr\/#organization\",\"name\":\"Lactalis Ingredients\",\"url\":\"https:\/\/www.lactalisingredients.com\/fr\/\",\"logo\":{\"@type\":\"ImageObject\",\"inLanguage\":\"fr-FR\",\"@id\":\"https:\/\/www.lactalisingredients.com\/fr\/#\/schema\/logo\/image\/\",\"url\":\"https:\/\/www.lactalisingredients.com\/wp-content\/uploads\/2019\/05\/logo-lactalise-history.jpg\",\"contentUrl\":\"https:\/\/www.lactalisingredients.com\/wp-content\/uploads\/2019\/05\/logo-lactalise-history.jpg\",\"width\":242,\"height\":81,\"caption\":\"Lactalis Ingredients\"},\"image\":{\"@id\":\"https:\/\/www.lactalisingredients.com\/fr\/#\/schema\/logo\/image\/\"}}]}<\/script>\n<!-- \/ Yoast SEO plugin. -->","yoast_head_json":{"title":"D\u00e9couvrez nos poudres de lactose - Lactalis Ingredients","description":"Nos poudres de lactose permettent de r\u00e9pondre aux attentes des applications : chocolaterie, nutrition infantile et industrie pharmaceutique.","robots":{"index":"index","follow":"follow","max-snippet":"max-snippet:-1","max-image-preview":"max-image-preview:large","max-video-preview":"max-video-preview:-1"},"canonical":"https:\/\/www.lactalisingredients.com\/fr\/produits-ingredients-laitiers\/poudres-de-lactoserum-et-lactose\/poudres-de-lactose\/","og_locale":"fr_FR","og_type":"article","og_title":"D\u00e9couvrez nos poudres de lactose - Lactalis Ingredients","og_description":"Nos poudres de lactose permettent de r\u00e9pondre aux attentes des applications : chocolaterie, nutrition infantile et industrie pharmaceutique.","og_url":"https:\/\/www.lactalisingredients.com\/fr\/produits-ingredients-laitiers\/poudres-de-lactoserum-et-lactose\/poudres-de-lactose\/","og_site_name":"Lactalis Ingredients","article_modified_time":"2024-12-04T15:15:16+00:00","og_image":[{"width":1920,"height":520,"url":"https:\/\/www.lactalisingredients.com\/wp-content\/uploads\/2024\/12\/bandeau-page-lACTOSE.jpg","type":"image\/jpeg"}],"twitter_misc":{"Est. reading time":"2 minutes"},"schema":{"@context":"https:\/\/schema.org","@graph":[{"@type":"WebPage","@id":"https:\/\/www.lactalisingredients.com\/fr\/produits-ingredients-laitiers\/poudres-de-lactoserum-et-lactose\/poudres-de-lactose\/","url":"https:\/\/www.lactalisingredients.com\/fr\/produits-ingredients-laitiers\/poudres-de-lactoserum-et-lactose\/poudres-de-lactose\/","name":"D\u00e9couvrez nos poudres de lactose - Lactalis Ingredients","isPartOf":{"@id":"https:\/\/www.lactalisingredients.com\/fr\/#website"},"primaryImageOfPage":{"@id":"https:\/\/www.lactalisingredients.com\/fr\/produits-ingredients-laitiers\/poudres-de-lactoserum-et-lactose\/poudres-de-lactose\/#primaryimage"},"image":{"@id":"https:\/\/www.lactalisingredients.com\/fr\/produits-ingredients-laitiers\/poudres-de-lactoserum-et-lactose\/poudres-de-lactose\/#primaryimage"},"thumbnailUrl":"https:\/\/www.lactalisingredients.com\/wp-content\/uploads\/2024\/12\/bandeau-page-lACTOSE.jpg","datePublished":"2015-05-28T08:05:11+00:00","dateModified":"2024-12-04T15:15:16+00:00","description":"Nos poudres de lactose permettent de r\u00e9pondre aux attentes des applications : chocolaterie, nutrition infantile et industrie pharmaceutique.","breadcrumb":{"@id":"https:\/\/www.lactalisingredients.com\/fr\/produits-ingredients-laitiers\/poudres-de-lactoserum-et-lactose\/poudres-de-lactose\/#breadcrumb"},"inLanguage":"fr-FR","potentialAction":[{"@type":"ReadAction","target":["https:\/\/www.lactalisingredients.com\/fr\/produits-ingredients-laitiers\/poudres-de-lactoserum-et-lactose\/poudres-de-lactose\/"]}]},{"@type":"ImageObject","inLanguage":"fr-FR","@id":"https:\/\/www.lactalisingredients.com\/fr\/produits-ingredients-laitiers\/poudres-de-lactoserum-et-lactose\/poudres-de-lactose\/#primaryimage","url":"https:\/\/www.lactalisingredients.com\/wp-content\/uploads\/2024\/12\/bandeau-page-lACTOSE.jpg","contentUrl":"https:\/\/www.lactalisingredients.com\/wp-content\/uploads\/2024\/12\/bandeau-page-lACTOSE.jpg","width":1920,"height":520},{"@type":"BreadcrumbList","@id":"https:\/\/www.lactalisingredients.com\/fr\/produits-ingredients-laitiers\/poudres-de-lactoserum-et-lactose\/poudres-de-lactose\/#breadcrumb","itemListElement":[{"@type":"ListItem","position":1,"name":"Accueil","item":"https:\/\/www.lactalisingredients.com\/fr\/"},{"@type":"ListItem","position":2,"name":"Nos produits","item":"https:\/\/www.lactalisingredients.com\/fr\/produits-ingredients-laitiers\/"},{"@type":"ListItem","position":3,"name":"Poudres de lactos\u00e9rum et lactose","item":"https:\/\/www.lactalisingredients.com\/fr\/produits-ingredients-laitiers\/poudres-de-lactoserum-et-lactose\/"},{"@type":"ListItem","position":4,"name":"Lactose"}]},{"@type":"WebSite","@id":"https:\/\/www.lactalisingredients.com\/fr\/#website","url":"https:\/\/www.lactalisingredients.com\/fr\/","name":"Lactalis Ingredients","description":"","publisher":{"@id":"https:\/\/www.lactalisingredients.com\/fr\/#organization"},"potentialAction":[{"@type":"SearchAction","target":{"@type":"EntryPoint","urlTemplate":"https:\/\/www.lactalisingredients.com\/fr\/?s={search_term_string}"},"query-input":{"@type":"PropertyValueSpecification","valueRequired":true,"valueName":"search_term_string"}}],"inLanguage":"fr-FR"},{"@type":"Organization","@id":"https:\/\/www.lactalisingredients.com\/fr\/#organization","name":"Lactalis Ingredients","url":"https:\/\/www.lactalisingredients.com\/fr\/","logo":{"@type":"ImageObject","inLanguage":"fr-FR","@id":"https:\/\/www.lactalisingredients.com\/fr\/#\/schema\/logo\/image\/","url":"https:\/\/www.lactalisingredients.com\/wp-content\/uploads\/2019\/05\/logo-lactalise-history.jpg","contentUrl":"https:\/\/www.lactalisingredients.com\/wp-content\/uploads\/2019\/05\/logo-lactalise-history.jpg","width":242,"height":81,"caption":"Lactalis Ingredients"},"image":{"@id":"https:\/\/www.lactalisingredients.com\/fr\/#\/schema\/logo\/image\/"}}]}},"_links":{"self":[{"href":"https:\/\/www.lactalisingredients.com\/fr\/wp-json\/wp\/v2\/pages\/7182","targetHints":{"allow":["GET"]}}],"collection":[{"href":"https:\/\/www.lactalisingredients.com\/fr\/wp-json\/wp\/v2\/pages"}],"about":[{"href":"https:\/\/www.lactalisingredients.com\/fr\/wp-json\/wp\/v2\/types\/page"}],"author":[{"embeddable":true,"href":"https:\/\/www.lactalisingredients.com\/fr\/wp-json\/wp\/v2\/users\/2"}],"replies":[{"embeddable":true,"href":"https:\/\/www.lactalisingredients.com\/fr\/wp-json\/wp\/v2\/comments?post=7182"}],"version-history":[{"count":4,"href":"https:\/\/www.lactalisingredients.com\/fr\/wp-json\/wp\/v2\/pages\/7182\/revisions"}],"predecessor-version":[{"id":13840,"href":"https:\/\/www.lactalisingredients.com\/fr\/wp-json\/wp\/v2\/pages\/7182\/revisions\/13840"}],"up":[{"embeddable":true,"href":"https:\/\/www.lactalisingredients.com\/fr\/wp-json\/wp\/v2\/pages\/7075"}],"wp:featuredmedia":[{"embeddable":true,"href":"https:\/\/www.lactalisingredients.com\/fr\/wp-json\/wp\/v2\/media\/18660"}],"wp:attachment":[{"href":"https:\/\/www.lactalisingredients.com\/fr\/wp-json\/wp\/v2\/media?parent=7182"}],"curies":[{"name":"wp","href":"https:\/\/api.w.org\/{rel}","templated":true}]}}