{"id":7187,"date":"2015-05-28T09:05:59","date_gmt":"2015-05-28T08:05:59","guid":{"rendered":"https:\/\/www.lactalisingredients.com\/produits-ingredients-laitiers\/poudres-de-lait\/whole-milk-powder\/"},"modified":"2025-12-23T17:34:21","modified_gmt":"2025-12-23T16:34:21","slug":"poudres-de-lait-entier","status":"publish","type":"page","link":"https:\/\/www.lactalisingredients.com\/fr\/produits-ingredients-laitiers\/poudres-de-lait\/poudres-de-lait-entier\/","title":{"rendered":"Poudres de lait entier"},"content":{"rendered":"<p>La poudre de lait entier est obtenue en \u00e9liminant l&#8217;eau du lait pasteuris\u00e9 par s\u00e9chage par atomisation. La poudre peut contenir entre 26% et 40% de mati\u00e8res grasses laiti\u00e8res, et offre toutes les qualit\u00e9s nutritionnelles du lait sous sa forme s\u00e8che.<\/p>\n<p>La poudre de lait entier joue un r\u00f4le important dans la fabrication d&#8217;une large gamme de produits alimentaires. Elle peut \u00eatre utilis\u00e9e dans les produits laitiers reconstitu\u00e9s tels que les yaourts et les boissons lact\u00e9es, mais aussi comme source de mati\u00e8res grasses et de solides laitiers dans les confiseries et les p\u00e2tisseries. La poudre peut \u00eatre enrichie en vitamines, afin d&#8217;\u00eatre reconditionn\u00e9e pour une utilisation directe dans les boissons lact\u00e9es, les yaourts faits maison, ou pour blanchir les th\u00e9s et caf\u00e9s.<\/p>\n<p>En tant que producteur de lait en poudre, nous proposons une large gamme de poudres de lait entier pour satisfaire les besoins de votre entreprise. Notre offre de lait entier comprend des poudres :<\/p>\n<ul class=\"ul\">\n<li>standards<\/li>\n<li>instantan\u00e9es (agglom\u00e9r\u00e9es ou non, avec l\u00e9cithine ajout\u00e9e)<\/li>\n<li>enrichies en vitamines (A, D, etc.),<\/li>\n<li>disponibles en 26% et 28% de mati\u00e8res grasses<\/li>\n<\/ul>\n","protected":false},"excerpt":{"rendered":"<p>La poudre de lait entier est obtenue en \u00e9liminant l&#8217;eau [&hellip;]<\/p>\n","protected":false},"author":2,"featured_media":1382933,"parent":7082,"menu_order":2,"comment_status":"closed","ping_status":"closed","template":"page-ss-ss-product.php","meta":{"_acf_changed":false,"footnotes":""},"class_list":["post-7187","page","type-page","status-publish","has-post-thumbnail","hentry"],"acf":[],"yoast_head":"<!-- This site is optimized with the Yoast SEO plugin v25.2 - https:\/\/yoast.com\/wordpress\/plugins\/seo\/ -->\n<title>D\u00e9couvrez nos poudres de lait entier - Lactalis Ingredients<\/title>\n<meta name=\"description\" content=\"En tant que producteur de lait en poudre, nous proposons une large gamme de poudres de lait entier pour satisfaire les besoins de votre entreprise.\" \/>\n<meta name=\"robots\" content=\"index, follow, max-snippet:-1, max-image-preview:large, max-video-preview:-1\" \/>\n<link rel=\"canonical\" href=\"https:\/\/www.lactalisingredients.com\/fr\/produits-ingredients-laitiers\/poudres-de-lait\/poudres-de-lait-entier\/\" \/>\n<meta property=\"og:locale\" content=\"fr_FR\" \/>\n<meta property=\"og:type\" content=\"article\" \/>\n<meta property=\"og:title\" content=\"D\u00e9couvrez nos poudres de lait entier - Lactalis Ingredients\" \/>\n<meta property=\"og:description\" content=\"En tant que producteur de lait en poudre, nous proposons une large gamme de poudres de lait entier pour satisfaire les besoins de votre entreprise.\" \/>\n<meta property=\"og:url\" content=\"https:\/\/www.lactalisingredients.com\/fr\/produits-ingredients-laitiers\/poudres-de-lait\/poudres-de-lait-entier\/\" \/>\n<meta property=\"og:site_name\" content=\"Lactalis Ingredients\" \/>\n<meta property=\"article:modified_time\" content=\"2025-12-23T16:34:21+00:00\" \/>\n<meta property=\"og:image\" content=\"https:\/\/www.lactalisingredients.com\/wp-content\/uploads\/2025\/12\/bandeau-page-POUDRE-LAIT-WMP.jpg\" \/>\n\t<meta property=\"og:image:width\" content=\"1920\" \/>\n\t<meta property=\"og:image:height\" content=\"520\" \/>\n\t<meta property=\"og:image:type\" content=\"image\/jpeg\" \/>\n<meta name=\"twitter:label1\" content=\"Est. reading time\" \/>\n\t<meta name=\"twitter:data1\" content=\"1 minute\" \/>\n<script type=\"application\/ld+json\" class=\"yoast-schema-graph\">{\"@context\":\"https:\/\/schema.org\",\"@graph\":[{\"@type\":\"WebPage\",\"@id\":\"https:\/\/www.lactalisingredients.com\/fr\/produits-ingredients-laitiers\/poudres-de-lait\/poudres-de-lait-entier\/\",\"url\":\"https:\/\/www.lactalisingredients.com\/fr\/produits-ingredients-laitiers\/poudres-de-lait\/poudres-de-lait-entier\/\",\"name\":\"D\u00e9couvrez nos poudres de lait entier - Lactalis Ingredients\",\"isPartOf\":{\"@id\":\"https:\/\/www.lactalisingredients.com\/fr\/#website\"},\"primaryImageOfPage\":{\"@id\":\"https:\/\/www.lactalisingredients.com\/fr\/produits-ingredients-laitiers\/poudres-de-lait\/poudres-de-lait-entier\/#primaryimage\"},\"image\":{\"@id\":\"https:\/\/www.lactalisingredients.com\/fr\/produits-ingredients-laitiers\/poudres-de-lait\/poudres-de-lait-entier\/#primaryimage\"},\"thumbnailUrl\":\"https:\/\/www.lactalisingredients.com\/wp-content\/uploads\/2025\/12\/bandeau-page-POUDRE-LAIT-WMP.jpg\",\"datePublished\":\"2015-05-28T08:05:59+00:00\",\"dateModified\":\"2025-12-23T16:34:21+00:00\",\"description\":\"En tant que producteur de lait en poudre, nous proposons une large gamme de poudres de lait entier pour satisfaire les besoins de votre entreprise.\",\"breadcrumb\":{\"@id\":\"https:\/\/www.lactalisingredients.com\/fr\/produits-ingredients-laitiers\/poudres-de-lait\/poudres-de-lait-entier\/#breadcrumb\"},\"inLanguage\":\"fr-FR\",\"potentialAction\":[{\"@type\":\"ReadAction\",\"target\":[\"https:\/\/www.lactalisingredients.com\/fr\/produits-ingredients-laitiers\/poudres-de-lait\/poudres-de-lait-entier\/\"]}]},{\"@type\":\"ImageObject\",\"inLanguage\":\"fr-FR\",\"@id\":\"https:\/\/www.lactalisingredients.com\/fr\/produits-ingredients-laitiers\/poudres-de-lait\/poudres-de-lait-entier\/#primaryimage\",\"url\":\"https:\/\/www.lactalisingredients.com\/wp-content\/uploads\/2025\/12\/bandeau-page-POUDRE-LAIT-WMP.jpg\",\"contentUrl\":\"https:\/\/www.lactalisingredients.com\/wp-content\/uploads\/2025\/12\/bandeau-page-POUDRE-LAIT-WMP.jpg\",\"width\":1920,\"height\":520,\"caption\":\"Whole milk powder\"},{\"@type\":\"BreadcrumbList\",\"@id\":\"https:\/\/www.lactalisingredients.com\/fr\/produits-ingredients-laitiers\/poudres-de-lait\/poudres-de-lait-entier\/#breadcrumb\",\"itemListElement\":[{\"@type\":\"ListItem\",\"position\":1,\"name\":\"Accueil\",\"item\":\"https:\/\/www.lactalisingredients.com\/fr\/\"},{\"@type\":\"ListItem\",\"position\":2,\"name\":\"Nos produits\",\"item\":\"https:\/\/www.lactalisingredients.com\/fr\/produits-ingredients-laitiers\/\"},{\"@type\":\"ListItem\",\"position\":3,\"name\":\"Poudres de lait\",\"item\":\"https:\/\/www.lactalisingredients.com\/fr\/produits-ingredients-laitiers\/poudres-de-lait\/\"},{\"@type\":\"ListItem\",\"position\":4,\"name\":\"Poudres de lait entier\"}]},{\"@type\":\"WebSite\",\"@id\":\"https:\/\/www.lactalisingredients.com\/fr\/#website\",\"url\":\"https:\/\/www.lactalisingredients.com\/fr\/\",\"name\":\"Lactalis Ingredients\",\"description\":\"\",\"publisher\":{\"@id\":\"https:\/\/www.lactalisingredients.com\/fr\/#organization\"},\"potentialAction\":[{\"@type\":\"SearchAction\",\"target\":{\"@type\":\"EntryPoint\",\"urlTemplate\":\"https:\/\/www.lactalisingredients.com\/fr\/?s={search_term_string}\"},\"query-input\":{\"@type\":\"PropertyValueSpecification\",\"valueRequired\":true,\"valueName\":\"search_term_string\"}}],\"inLanguage\":\"fr-FR\"},{\"@type\":\"Organization\",\"@id\":\"https:\/\/www.lactalisingredients.com\/fr\/#organization\",\"name\":\"Lactalis Ingredients\",\"url\":\"https:\/\/www.lactalisingredients.com\/fr\/\",\"logo\":{\"@type\":\"ImageObject\",\"inLanguage\":\"fr-FR\",\"@id\":\"https:\/\/www.lactalisingredients.com\/fr\/#\/schema\/logo\/image\/\",\"url\":\"https:\/\/www.lactalisingredients.com\/wp-content\/uploads\/2019\/05\/logo-lactalise-history.jpg\",\"contentUrl\":\"https:\/\/www.lactalisingredients.com\/wp-content\/uploads\/2019\/05\/logo-lactalise-history.jpg\",\"width\":242,\"height\":81,\"caption\":\"Lactalis Ingredients\"},\"image\":{\"@id\":\"https:\/\/www.lactalisingredients.com\/fr\/#\/schema\/logo\/image\/\"}}]}<\/script>\n<!-- \/ Yoast SEO plugin. -->","yoast_head_json":{"title":"D\u00e9couvrez nos poudres de lait entier - Lactalis Ingredients","description":"En tant que producteur de lait en poudre, nous proposons une large gamme de poudres de lait entier pour satisfaire les besoins de votre entreprise.","robots":{"index":"index","follow":"follow","max-snippet":"max-snippet:-1","max-image-preview":"max-image-preview:large","max-video-preview":"max-video-preview:-1"},"canonical":"https:\/\/www.lactalisingredients.com\/fr\/produits-ingredients-laitiers\/poudres-de-lait\/poudres-de-lait-entier\/","og_locale":"fr_FR","og_type":"article","og_title":"D\u00e9couvrez nos poudres de lait entier - Lactalis Ingredients","og_description":"En tant que producteur de lait en poudre, nous proposons une large gamme de poudres de lait entier pour satisfaire les besoins de votre entreprise.","og_url":"https:\/\/www.lactalisingredients.com\/fr\/produits-ingredients-laitiers\/poudres-de-lait\/poudres-de-lait-entier\/","og_site_name":"Lactalis Ingredients","article_modified_time":"2025-12-23T16:34:21+00:00","og_image":[{"width":1920,"height":520,"url":"https:\/\/www.lactalisingredients.com\/wp-content\/uploads\/2025\/12\/bandeau-page-POUDRE-LAIT-WMP.jpg","type":"image\/jpeg"}],"twitter_misc":{"Est. reading time":"1 minute"},"schema":{"@context":"https:\/\/schema.org","@graph":[{"@type":"WebPage","@id":"https:\/\/www.lactalisingredients.com\/fr\/produits-ingredients-laitiers\/poudres-de-lait\/poudres-de-lait-entier\/","url":"https:\/\/www.lactalisingredients.com\/fr\/produits-ingredients-laitiers\/poudres-de-lait\/poudres-de-lait-entier\/","name":"D\u00e9couvrez nos poudres de lait entier - Lactalis Ingredients","isPartOf":{"@id":"https:\/\/www.lactalisingredients.com\/fr\/#website"},"primaryImageOfPage":{"@id":"https:\/\/www.lactalisingredients.com\/fr\/produits-ingredients-laitiers\/poudres-de-lait\/poudres-de-lait-entier\/#primaryimage"},"image":{"@id":"https:\/\/www.lactalisingredients.com\/fr\/produits-ingredients-laitiers\/poudres-de-lait\/poudres-de-lait-entier\/#primaryimage"},"thumbnailUrl":"https:\/\/www.lactalisingredients.com\/wp-content\/uploads\/2025\/12\/bandeau-page-POUDRE-LAIT-WMP.jpg","datePublished":"2015-05-28T08:05:59+00:00","dateModified":"2025-12-23T16:34:21+00:00","description":"En tant que producteur de lait en poudre, nous proposons une large gamme de poudres de lait entier pour satisfaire les besoins de votre entreprise.","breadcrumb":{"@id":"https:\/\/www.lactalisingredients.com\/fr\/produits-ingredients-laitiers\/poudres-de-lait\/poudres-de-lait-entier\/#breadcrumb"},"inLanguage":"fr-FR","potentialAction":[{"@type":"ReadAction","target":["https:\/\/www.lactalisingredients.com\/fr\/produits-ingredients-laitiers\/poudres-de-lait\/poudres-de-lait-entier\/"]}]},{"@type":"ImageObject","inLanguage":"fr-FR","@id":"https:\/\/www.lactalisingredients.com\/fr\/produits-ingredients-laitiers\/poudres-de-lait\/poudres-de-lait-entier\/#primaryimage","url":"https:\/\/www.lactalisingredients.com\/wp-content\/uploads\/2025\/12\/bandeau-page-POUDRE-LAIT-WMP.jpg","contentUrl":"https:\/\/www.lactalisingredients.com\/wp-content\/uploads\/2025\/12\/bandeau-page-POUDRE-LAIT-WMP.jpg","width":1920,"height":520,"caption":"Whole milk powder"},{"@type":"BreadcrumbList","@id":"https:\/\/www.lactalisingredients.com\/fr\/produits-ingredients-laitiers\/poudres-de-lait\/poudres-de-lait-entier\/#breadcrumb","itemListElement":[{"@type":"ListItem","position":1,"name":"Accueil","item":"https:\/\/www.lactalisingredients.com\/fr\/"},{"@type":"ListItem","position":2,"name":"Nos produits","item":"https:\/\/www.lactalisingredients.com\/fr\/produits-ingredients-laitiers\/"},{"@type":"ListItem","position":3,"name":"Poudres de lait","item":"https:\/\/www.lactalisingredients.com\/fr\/produits-ingredients-laitiers\/poudres-de-lait\/"},{"@type":"ListItem","position":4,"name":"Poudres de lait entier"}]},{"@type":"WebSite","@id":"https:\/\/www.lactalisingredients.com\/fr\/#website","url":"https:\/\/www.lactalisingredients.com\/fr\/","name":"Lactalis Ingredients","description":"","publisher":{"@id":"https:\/\/www.lactalisingredients.com\/fr\/#organization"},"potentialAction":[{"@type":"SearchAction","target":{"@type":"EntryPoint","urlTemplate":"https:\/\/www.lactalisingredients.com\/fr\/?s={search_term_string}"},"query-input":{"@type":"PropertyValueSpecification","valueRequired":true,"valueName":"search_term_string"}}],"inLanguage":"fr-FR"},{"@type":"Organization","@id":"https:\/\/www.lactalisingredients.com\/fr\/#organization","name":"Lactalis Ingredients","url":"https:\/\/www.lactalisingredients.com\/fr\/","logo":{"@type":"ImageObject","inLanguage":"fr-FR","@id":"https:\/\/www.lactalisingredients.com\/fr\/#\/schema\/logo\/image\/","url":"https:\/\/www.lactalisingredients.com\/wp-content\/uploads\/2019\/05\/logo-lactalise-history.jpg","contentUrl":"https:\/\/www.lactalisingredients.com\/wp-content\/uploads\/2019\/05\/logo-lactalise-history.jpg","width":242,"height":81,"caption":"Lactalis Ingredients"},"image":{"@id":"https:\/\/www.lactalisingredients.com\/fr\/#\/schema\/logo\/image\/"}}]}},"_links":{"self":[{"href":"https:\/\/www.lactalisingredients.com\/fr\/wp-json\/wp\/v2\/pages\/7187","targetHints":{"allow":["GET"]}}],"collection":[{"href":"https:\/\/www.lactalisingredients.com\/fr\/wp-json\/wp\/v2\/pages"}],"about":[{"href":"https:\/\/www.lactalisingredients.com\/fr\/wp-json\/wp\/v2\/types\/page"}],"author":[{"embeddable":true,"href":"https:\/\/www.lactalisingredients.com\/fr\/wp-json\/wp\/v2\/users\/2"}],"replies":[{"embeddable":true,"href":"https:\/\/www.lactalisingredients.com\/fr\/wp-json\/wp\/v2\/comments?post=7187"}],"version-history":[{"count":5,"href":"https:\/\/www.lactalisingredients.com\/fr\/wp-json\/wp\/v2\/pages\/7187\/revisions"}],"predecessor-version":[{"id":1382979,"href":"https:\/\/www.lactalisingredients.com\/fr\/wp-json\/wp\/v2\/pages\/7187\/revisions\/1382979"}],"up":[{"embeddable":true,"href":"https:\/\/www.lactalisingredients.com\/fr\/wp-json\/wp\/v2\/pages\/7082"}],"wp:featuredmedia":[{"embeddable":true,"href":"https:\/\/www.lactalisingredients.com\/fr\/wp-json\/wp\/v2\/media\/1382933"}],"wp:attachment":[{"href":"https:\/\/www.lactalisingredients.com\/fr\/wp-json\/wp\/v2\/media?parent=7187"}],"curies":[{"name":"wp","href":"https:\/\/api.w.org\/{rel}","templated":true}]}}