{"id":7219,"date":"2015-07-22T15:16:45","date_gmt":"2015-07-22T14:16:45","guid":{"rendered":"https:\/\/www.lactalisingredients.com\/produits-ingredients-laitiers\/proteines-et-mineraux\/whey-protein-isolate\/"},"modified":"2024-12-24T15:00:00","modified_gmt":"2024-12-24T14:00:00","slug":"isolats-de-proteines-seriques","status":"publish","type":"page","link":"https:\/\/www.lactalisingredients.com\/fr\/produits-ingredients-laitiers\/proteines-et-mineraux\/isolats-de-proteines-seriques\/","title":{"rendered":"Isolats de prot\u00e9ines de lactos\u00e9rum"},"content":{"rendered":"<p>L&#8217;isolat de prot\u00e9ines de lactos\u00e9rum est obtenu en r\u00e9duisant la teneur en mati\u00e8res grasses et en glucides du lactos\u00e9rum. Ce proc\u00e9d\u00e9 permet d&#8217;obtenir une teneur en prot\u00e9ines d&#8217;au moins 90 % sur extrait sec. Gr\u00e2ce \u00e0 ce proc\u00e9d\u00e9, les isolats de prot\u00e9ines de lactos\u00e9rum ont une teneur en lactose plus faible que les concentr\u00e9s, ce qui en fait un choix int\u00e9ressant pour les personnes intol\u00e9rantes au lactose.<\/p>\n<p>En raison de leur composition, les isolats de prot\u00e9ines de lactos\u00e9rum sont particuli\u00e8rement adapt\u00e9s aux applications nutritionnelles, et tout sp\u00e9cialement aux produits de <a href=\"https:\/\/www.lactalisingredients.com\/fr\/applications\/nutrition-active-et-sportive\/\">nutrition sportive<\/a>.<\/p>\n<p>Chez LACTALIS Ingredients, notre objectif est d&#8217;\u00e9largir notre offre d&#8217;ingr\u00e9dients nutritionnels et en tant que producteur de prot\u00e9ines de lactos\u00e9rum, nous proposons une gamme de poudres d&#8217;isolat de prot\u00e9ines de lactos\u00e9rum con\u00e7us pour r\u00e9pondre au mieux aux sp\u00e9cificit\u00e9s de vos produits :<\/p>\n<ul class=\"ul\">\n<li>90% minimum de prot\u00e9ines sur extrait sec<\/li>\n<li>Disponible en standard ou instantan\u00e9e (l\u00e9cithine de soja ou de tournesol)<\/li>\n<li>Origine France ou USA<\/li>\n<li>Instantan\u00e9e (l\u00e9cithine de soja ou de tournesol) seulement disponible aux USA<\/li>\n<\/ul>\n<p>&nbsp;<\/p>\n<p>Vous pouvez aussi d\u00e9couvrir nos isolats de prot\u00e9ines natives en consultant <a href=\"https:\/\/www.lactalisingredients.com\/fr\/produits-ingredients-laitiers\/proteines-et-mineraux\/pronativ-proteine-native-de-lactoserum\/\">Pronativ\u00ae Prot\u00e9ine s\u00e9rique native<\/a> ou <a href=\"https:\/\/pronativ.com\/\">https:\/\/pronativ.com\/\u00a0<\/a><\/p>\n","protected":false},"excerpt":{"rendered":"<p>L&#8217;isolat de prot\u00e9ines de lactos\u00e9rum est obtenu en r\u00e9duisant la [&hellip;]<\/p>\n","protected":false},"author":4,"featured_media":18627,"parent":7087,"menu_order":3,"comment_status":"closed","ping_status":"closed","template":"page-ss-ss-product.php","meta":{"_acf_changed":false,"footnotes":""},"class_list":["post-7219","page","type-page","status-publish","has-post-thumbnail","hentry"],"acf":[],"yoast_head":"<!-- This site is optimized with the Yoast SEO plugin v25.2 - https:\/\/yoast.com\/wordpress\/plugins\/seo\/ -->\n<title>Isolat de prot\u00e9ines de lactos\u00e9rum en poudre - Lactalis Ingredients<\/title>\n<meta name=\"description\" content=\"L&#039;isolat de prot\u00e9ines de lactos\u00e9rum est une excellente source de prot\u00e9ines de haute qualit\u00e9 et est id\u00e9al pour l&#039;enrichissement des produits.\" \/>\n<meta name=\"robots\" content=\"index, follow, max-snippet:-1, max-image-preview:large, max-video-preview:-1\" \/>\n<link rel=\"canonical\" href=\"https:\/\/www.lactalisingredients.com\/fr\/produits-ingredients-laitiers\/proteines-et-mineraux\/isolats-de-proteines-seriques\/\" \/>\n<meta property=\"og:locale\" content=\"fr_FR\" \/>\n<meta property=\"og:type\" content=\"article\" \/>\n<meta property=\"og:title\" content=\"Isolat de prot\u00e9ines de lactos\u00e9rum en poudre - Lactalis Ingredients\" \/>\n<meta property=\"og:description\" content=\"L&#039;isolat de prot\u00e9ines de lactos\u00e9rum est une excellente source de prot\u00e9ines de haute qualit\u00e9 et est id\u00e9al pour l&#039;enrichissement des produits.\" \/>\n<meta property=\"og:url\" content=\"https:\/\/www.lactalisingredients.com\/fr\/produits-ingredients-laitiers\/proteines-et-mineraux\/isolats-de-proteines-seriques\/\" \/>\n<meta property=\"og:site_name\" content=\"Lactalis Ingredients\" \/>\n<meta property=\"article:modified_time\" content=\"2024-12-24T14:00:00+00:00\" \/>\n<meta property=\"og:image\" content=\"https:\/\/www.lactalisingredients.com\/wp-content\/uploads\/2024\/12\/bandeau-page-WPI.jpg\" \/>\n\t<meta property=\"og:image:width\" content=\"1920\" \/>\n\t<meta property=\"og:image:height\" content=\"520\" \/>\n\t<meta property=\"og:image:type\" content=\"image\/jpeg\" \/>\n<meta name=\"twitter:label1\" content=\"Est. reading time\" \/>\n\t<meta name=\"twitter:data1\" content=\"2 minutes\" \/>\n<script type=\"application\/ld+json\" class=\"yoast-schema-graph\">{\"@context\":\"https:\/\/schema.org\",\"@graph\":[{\"@type\":\"WebPage\",\"@id\":\"https:\/\/www.lactalisingredients.com\/fr\/produits-ingredients-laitiers\/proteines-et-mineraux\/isolats-de-proteines-seriques\/\",\"url\":\"https:\/\/www.lactalisingredients.com\/fr\/produits-ingredients-laitiers\/proteines-et-mineraux\/isolats-de-proteines-seriques\/\",\"name\":\"Isolat de prot\u00e9ines de lactos\u00e9rum en poudre - Lactalis Ingredients\",\"isPartOf\":{\"@id\":\"https:\/\/www.lactalisingredients.com\/fr\/#website\"},\"primaryImageOfPage\":{\"@id\":\"https:\/\/www.lactalisingredients.com\/fr\/produits-ingredients-laitiers\/proteines-et-mineraux\/isolats-de-proteines-seriques\/#primaryimage\"},\"image\":{\"@id\":\"https:\/\/www.lactalisingredients.com\/fr\/produits-ingredients-laitiers\/proteines-et-mineraux\/isolats-de-proteines-seriques\/#primaryimage\"},\"thumbnailUrl\":\"https:\/\/www.lactalisingredients.com\/wp-content\/uploads\/2024\/12\/bandeau-page-WPI.jpg\",\"datePublished\":\"2015-07-22T14:16:45+00:00\",\"dateModified\":\"2024-12-24T14:00:00+00:00\",\"description\":\"L'isolat de prot\u00e9ines de lactos\u00e9rum est une excellente source de prot\u00e9ines de haute qualit\u00e9 et est id\u00e9al pour l'enrichissement des produits.\",\"breadcrumb\":{\"@id\":\"https:\/\/www.lactalisingredients.com\/fr\/produits-ingredients-laitiers\/proteines-et-mineraux\/isolats-de-proteines-seriques\/#breadcrumb\"},\"inLanguage\":\"fr-FR\",\"potentialAction\":[{\"@type\":\"ReadAction\",\"target\":[\"https:\/\/www.lactalisingredients.com\/fr\/produits-ingredients-laitiers\/proteines-et-mineraux\/isolats-de-proteines-seriques\/\"]}]},{\"@type\":\"ImageObject\",\"inLanguage\":\"fr-FR\",\"@id\":\"https:\/\/www.lactalisingredients.com\/fr\/produits-ingredients-laitiers\/proteines-et-mineraux\/isolats-de-proteines-seriques\/#primaryimage\",\"url\":\"https:\/\/www.lactalisingredients.com\/wp-content\/uploads\/2024\/12\/bandeau-page-WPI.jpg\",\"contentUrl\":\"https:\/\/www.lactalisingredients.com\/wp-content\/uploads\/2024\/12\/bandeau-page-WPI.jpg\",\"width\":1920,\"height\":520},{\"@type\":\"BreadcrumbList\",\"@id\":\"https:\/\/www.lactalisingredients.com\/fr\/produits-ingredients-laitiers\/proteines-et-mineraux\/isolats-de-proteines-seriques\/#breadcrumb\",\"itemListElement\":[{\"@type\":\"ListItem\",\"position\":1,\"name\":\"Accueil\",\"item\":\"https:\/\/www.lactalisingredients.com\/fr\/\"},{\"@type\":\"ListItem\",\"position\":2,\"name\":\"Nos produits\",\"item\":\"https:\/\/www.lactalisingredients.com\/fr\/produits-ingredients-laitiers\/\"},{\"@type\":\"ListItem\",\"position\":3,\"name\":\"Prot\u00e9ines\",\"item\":\"https:\/\/www.lactalisingredients.com\/fr\/produits-ingredients-laitiers\/proteines-et-mineraux\/\"},{\"@type\":\"ListItem\",\"position\":4,\"name\":\"Isolats de prot\u00e9ines de lactos\u00e9rum\"}]},{\"@type\":\"WebSite\",\"@id\":\"https:\/\/www.lactalisingredients.com\/fr\/#website\",\"url\":\"https:\/\/www.lactalisingredients.com\/fr\/\",\"name\":\"Lactalis Ingredients\",\"description\":\"\",\"publisher\":{\"@id\":\"https:\/\/www.lactalisingredients.com\/fr\/#organization\"},\"potentialAction\":[{\"@type\":\"SearchAction\",\"target\":{\"@type\":\"EntryPoint\",\"urlTemplate\":\"https:\/\/www.lactalisingredients.com\/fr\/?s={search_term_string}\"},\"query-input\":{\"@type\":\"PropertyValueSpecification\",\"valueRequired\":true,\"valueName\":\"search_term_string\"}}],\"inLanguage\":\"fr-FR\"},{\"@type\":\"Organization\",\"@id\":\"https:\/\/www.lactalisingredients.com\/fr\/#organization\",\"name\":\"Lactalis Ingredients\",\"url\":\"https:\/\/www.lactalisingredients.com\/fr\/\",\"logo\":{\"@type\":\"ImageObject\",\"inLanguage\":\"fr-FR\",\"@id\":\"https:\/\/www.lactalisingredients.com\/fr\/#\/schema\/logo\/image\/\",\"url\":\"https:\/\/www.lactalisingredients.com\/wp-content\/uploads\/2019\/05\/logo-lactalise-history.jpg\",\"contentUrl\":\"https:\/\/www.lactalisingredients.com\/wp-content\/uploads\/2019\/05\/logo-lactalise-history.jpg\",\"width\":242,\"height\":81,\"caption\":\"Lactalis Ingredients\"},\"image\":{\"@id\":\"https:\/\/www.lactalisingredients.com\/fr\/#\/schema\/logo\/image\/\"}}]}<\/script>\n<!-- \/ Yoast SEO plugin. -->","yoast_head_json":{"title":"Isolat de prot\u00e9ines de lactos\u00e9rum en poudre - Lactalis Ingredients","description":"L'isolat de prot\u00e9ines de lactos\u00e9rum est une excellente source de prot\u00e9ines de haute qualit\u00e9 et est id\u00e9al pour l'enrichissement des produits.","robots":{"index":"index","follow":"follow","max-snippet":"max-snippet:-1","max-image-preview":"max-image-preview:large","max-video-preview":"max-video-preview:-1"},"canonical":"https:\/\/www.lactalisingredients.com\/fr\/produits-ingredients-laitiers\/proteines-et-mineraux\/isolats-de-proteines-seriques\/","og_locale":"fr_FR","og_type":"article","og_title":"Isolat de prot\u00e9ines de lactos\u00e9rum en poudre - Lactalis Ingredients","og_description":"L'isolat de prot\u00e9ines de lactos\u00e9rum est une excellente source de prot\u00e9ines de haute qualit\u00e9 et est id\u00e9al pour l'enrichissement des produits.","og_url":"https:\/\/www.lactalisingredients.com\/fr\/produits-ingredients-laitiers\/proteines-et-mineraux\/isolats-de-proteines-seriques\/","og_site_name":"Lactalis Ingredients","article_modified_time":"2024-12-24T14:00:00+00:00","og_image":[{"width":1920,"height":520,"url":"https:\/\/www.lactalisingredients.com\/wp-content\/uploads\/2024\/12\/bandeau-page-WPI.jpg","type":"image\/jpeg"}],"twitter_misc":{"Est. reading time":"2 minutes"},"schema":{"@context":"https:\/\/schema.org","@graph":[{"@type":"WebPage","@id":"https:\/\/www.lactalisingredients.com\/fr\/produits-ingredients-laitiers\/proteines-et-mineraux\/isolats-de-proteines-seriques\/","url":"https:\/\/www.lactalisingredients.com\/fr\/produits-ingredients-laitiers\/proteines-et-mineraux\/isolats-de-proteines-seriques\/","name":"Isolat de prot\u00e9ines de lactos\u00e9rum en poudre - Lactalis Ingredients","isPartOf":{"@id":"https:\/\/www.lactalisingredients.com\/fr\/#website"},"primaryImageOfPage":{"@id":"https:\/\/www.lactalisingredients.com\/fr\/produits-ingredients-laitiers\/proteines-et-mineraux\/isolats-de-proteines-seriques\/#primaryimage"},"image":{"@id":"https:\/\/www.lactalisingredients.com\/fr\/produits-ingredients-laitiers\/proteines-et-mineraux\/isolats-de-proteines-seriques\/#primaryimage"},"thumbnailUrl":"https:\/\/www.lactalisingredients.com\/wp-content\/uploads\/2024\/12\/bandeau-page-WPI.jpg","datePublished":"2015-07-22T14:16:45+00:00","dateModified":"2024-12-24T14:00:00+00:00","description":"L'isolat de prot\u00e9ines de lactos\u00e9rum est une excellente source de prot\u00e9ines de haute qualit\u00e9 et est id\u00e9al pour l'enrichissement des produits.","breadcrumb":{"@id":"https:\/\/www.lactalisingredients.com\/fr\/produits-ingredients-laitiers\/proteines-et-mineraux\/isolats-de-proteines-seriques\/#breadcrumb"},"inLanguage":"fr-FR","potentialAction":[{"@type":"ReadAction","target":["https:\/\/www.lactalisingredients.com\/fr\/produits-ingredients-laitiers\/proteines-et-mineraux\/isolats-de-proteines-seriques\/"]}]},{"@type":"ImageObject","inLanguage":"fr-FR","@id":"https:\/\/www.lactalisingredients.com\/fr\/produits-ingredients-laitiers\/proteines-et-mineraux\/isolats-de-proteines-seriques\/#primaryimage","url":"https:\/\/www.lactalisingredients.com\/wp-content\/uploads\/2024\/12\/bandeau-page-WPI.jpg","contentUrl":"https:\/\/www.lactalisingredients.com\/wp-content\/uploads\/2024\/12\/bandeau-page-WPI.jpg","width":1920,"height":520},{"@type":"BreadcrumbList","@id":"https:\/\/www.lactalisingredients.com\/fr\/produits-ingredients-laitiers\/proteines-et-mineraux\/isolats-de-proteines-seriques\/#breadcrumb","itemListElement":[{"@type":"ListItem","position":1,"name":"Accueil","item":"https:\/\/www.lactalisingredients.com\/fr\/"},{"@type":"ListItem","position":2,"name":"Nos produits","item":"https:\/\/www.lactalisingredients.com\/fr\/produits-ingredients-laitiers\/"},{"@type":"ListItem","position":3,"name":"Prot\u00e9ines","item":"https:\/\/www.lactalisingredients.com\/fr\/produits-ingredients-laitiers\/proteines-et-mineraux\/"},{"@type":"ListItem","position":4,"name":"Isolats de prot\u00e9ines de lactos\u00e9rum"}]},{"@type":"WebSite","@id":"https:\/\/www.lactalisingredients.com\/fr\/#website","url":"https:\/\/www.lactalisingredients.com\/fr\/","name":"Lactalis Ingredients","description":"","publisher":{"@id":"https:\/\/www.lactalisingredients.com\/fr\/#organization"},"potentialAction":[{"@type":"SearchAction","target":{"@type":"EntryPoint","urlTemplate":"https:\/\/www.lactalisingredients.com\/fr\/?s={search_term_string}"},"query-input":{"@type":"PropertyValueSpecification","valueRequired":true,"valueName":"search_term_string"}}],"inLanguage":"fr-FR"},{"@type":"Organization","@id":"https:\/\/www.lactalisingredients.com\/fr\/#organization","name":"Lactalis Ingredients","url":"https:\/\/www.lactalisingredients.com\/fr\/","logo":{"@type":"ImageObject","inLanguage":"fr-FR","@id":"https:\/\/www.lactalisingredients.com\/fr\/#\/schema\/logo\/image\/","url":"https:\/\/www.lactalisingredients.com\/wp-content\/uploads\/2019\/05\/logo-lactalise-history.jpg","contentUrl":"https:\/\/www.lactalisingredients.com\/wp-content\/uploads\/2019\/05\/logo-lactalise-history.jpg","width":242,"height":81,"caption":"Lactalis Ingredients"},"image":{"@id":"https:\/\/www.lactalisingredients.com\/fr\/#\/schema\/logo\/image\/"}}]}},"_links":{"self":[{"href":"https:\/\/www.lactalisingredients.com\/fr\/wp-json\/wp\/v2\/pages\/7219","targetHints":{"allow":["GET"]}}],"collection":[{"href":"https:\/\/www.lactalisingredients.com\/fr\/wp-json\/wp\/v2\/pages"}],"about":[{"href":"https:\/\/www.lactalisingredients.com\/fr\/wp-json\/wp\/v2\/types\/page"}],"author":[{"embeddable":true,"href":"https:\/\/www.lactalisingredients.com\/fr\/wp-json\/wp\/v2\/users\/4"}],"replies":[{"embeddable":true,"href":"https:\/\/www.lactalisingredients.com\/fr\/wp-json\/wp\/v2\/comments?post=7219"}],"version-history":[{"count":6,"href":"https:\/\/www.lactalisingredients.com\/fr\/wp-json\/wp\/v2\/pages\/7219\/revisions"}],"predecessor-version":[{"id":18736,"href":"https:\/\/www.lactalisingredients.com\/fr\/wp-json\/wp\/v2\/pages\/7219\/revisions\/18736"}],"up":[{"embeddable":true,"href":"https:\/\/www.lactalisingredients.com\/fr\/wp-json\/wp\/v2\/pages\/7087"}],"wp:featuredmedia":[{"embeddable":true,"href":"https:\/\/www.lactalisingredients.com\/fr\/wp-json\/wp\/v2\/media\/18627"}],"wp:attachment":[{"href":"https:\/\/www.lactalisingredients.com\/fr\/wp-json\/wp\/v2\/media?parent=7219"}],"curies":[{"name":"wp","href":"https:\/\/api.w.org\/{rel}","templated":true}]}}