{"id":7240,"date":"2015-07-22T15:17:58","date_gmt":"2015-07-22T14:17:58","guid":{"rendered":"https:\/\/www.lactalisingredients.com\/produits-ingredients-laitiers\/matiere-grasse-laitiere\/butters-82\/"},"modified":"2024-12-06T15:05:44","modified_gmt":"2024-12-06T14:05:44","slug":"beurres-82","status":"publish","type":"page","link":"https:\/\/www.lactalisingredients.com\/fr\/produits-ingredients-laitiers\/matiere-grasse-laitiere\/beurres-82\/","title":{"rendered":"Beurre"},"content":{"rendered":"<p>Le beurre est g\u00e9n\u00e9ralement d\u00e9fini comme &#8220;un produit gras d\u00e9riv\u00e9 exclusivement du lait&#8221;. Il est naturellement compos\u00e9 de 80% de mati\u00e8res grasses, 16% minimum d&#8217;eau et 2% de solides non gras. Synonyme d\u2019authenticit\u00e9 et de go\u00fbt, le beurre est per\u00e7u comme un met de qualit\u00e9 notamment lorsqu\u2019il est utilis\u00e9 dans les g\u00e2teaux, p\u00e2tisseries, viennoiseries.<\/p>\n<p>LACTALIS Ingr\u00e9dients accorde une attention particuli\u00e8re aux beurres destin\u00e9s \u00e0 la fabrication de viennoiseries et autres p\u00e2tes feuillet\u00e9es en ciblant une texture plastique, coh\u00e9sive et homog\u00e8ne. Certains de nos beurres ont \u00e9t\u00e9 mis au point en partenariat avec certains de nos clients afin de d\u00e9velopper un produit parfaitement adapt\u00e9 \u00e0 leur process (conditions d\u2019utilisation, laminage&#8230;).<\/p>\n<p>Chez Lactalis Ingredients, nous avons le souci d\u2019apporter la solution r\u00e9pondant au mieux aux besoins de nos clients : conditionnement, temp\u00e9rature de mise en \u0153uvre, texture, process de laminage\u2026.<\/p>\n","protected":false},"excerpt":{"rendered":"<p>Le beurre est g\u00e9n\u00e9ralement d\u00e9fini comme &#8220;un produit gras d\u00e9riv\u00e9 [&hellip;]<\/p>\n","protected":false},"author":4,"featured_media":18698,"parent":7097,"menu_order":1,"comment_status":"closed","ping_status":"closed","template":"page-ss-ss-product.php","meta":{"_acf_changed":false,"footnotes":""},"class_list":["post-7240","page","type-page","status-publish","has-post-thumbnail","hentry"],"acf":[],"yoast_head":"<!-- This site is optimized with the Yoast SEO plugin v25.2 - https:\/\/yoast.com\/wordpress\/plugins\/seo\/ -->\n<title>D\u00e9couvrez notre gamme de beurre - Lactalis Ingredients<\/title>\n<meta name=\"description\" content=\"Lactalis Ingr\u00e9dients a d\u00e9velopp\u00e9 un beurre 82% textur\u00e9 parfaitement adapt\u00e9 \u00e0 la fabrication de feuilletages croustillants, alv\u00e9ol\u00e9s et homog\u00e8nes.\" \/>\n<meta name=\"robots\" content=\"index, follow, max-snippet:-1, max-image-preview:large, max-video-preview:-1\" \/>\n<link rel=\"canonical\" href=\"https:\/\/www.lactalisingredients.com\/fr\/produits-ingredients-laitiers\/matiere-grasse-laitiere\/beurres-82\/\" \/>\n<meta property=\"og:locale\" content=\"fr_FR\" \/>\n<meta property=\"og:type\" content=\"article\" \/>\n<meta property=\"og:title\" content=\"D\u00e9couvrez notre gamme de beurre - Lactalis Ingredients\" \/>\n<meta property=\"og:description\" content=\"Lactalis Ingr\u00e9dients a d\u00e9velopp\u00e9 un beurre 82% textur\u00e9 parfaitement adapt\u00e9 \u00e0 la fabrication de feuilletages croustillants, alv\u00e9ol\u00e9s et homog\u00e8nes.\" \/>\n<meta property=\"og:url\" content=\"https:\/\/www.lactalisingredients.com\/fr\/produits-ingredients-laitiers\/matiere-grasse-laitiere\/beurres-82\/\" \/>\n<meta property=\"og:site_name\" content=\"Lactalis Ingredients\" \/>\n<meta property=\"article:modified_time\" content=\"2024-12-06T14:05:44+00:00\" \/>\n<meta property=\"og:image\" content=\"https:\/\/www.lactalisingredients.com\/wp-content\/uploads\/2024\/12\/bandeau-page-beurre.jpg\" \/>\n\t<meta property=\"og:image:width\" content=\"1920\" \/>\n\t<meta property=\"og:image:height\" content=\"520\" \/>\n\t<meta property=\"og:image:type\" content=\"image\/jpeg\" \/>\n<meta name=\"twitter:label1\" content=\"Est. reading time\" \/>\n\t<meta name=\"twitter:data1\" content=\"1 minute\" \/>\n<script type=\"application\/ld+json\" class=\"yoast-schema-graph\">{\"@context\":\"https:\/\/schema.org\",\"@graph\":[{\"@type\":\"WebPage\",\"@id\":\"https:\/\/www.lactalisingredients.com\/fr\/produits-ingredients-laitiers\/matiere-grasse-laitiere\/beurres-82\/\",\"url\":\"https:\/\/www.lactalisingredients.com\/fr\/produits-ingredients-laitiers\/matiere-grasse-laitiere\/beurres-82\/\",\"name\":\"D\u00e9couvrez notre gamme de beurre - Lactalis Ingredients\",\"isPartOf\":{\"@id\":\"https:\/\/www.lactalisingredients.com\/fr\/#website\"},\"primaryImageOfPage\":{\"@id\":\"https:\/\/www.lactalisingredients.com\/fr\/produits-ingredients-laitiers\/matiere-grasse-laitiere\/beurres-82\/#primaryimage\"},\"image\":{\"@id\":\"https:\/\/www.lactalisingredients.com\/fr\/produits-ingredients-laitiers\/matiere-grasse-laitiere\/beurres-82\/#primaryimage\"},\"thumbnailUrl\":\"https:\/\/www.lactalisingredients.com\/wp-content\/uploads\/2024\/12\/bandeau-page-beurre.jpg\",\"datePublished\":\"2015-07-22T14:17:58+00:00\",\"dateModified\":\"2024-12-06T14:05:44+00:00\",\"description\":\"Lactalis Ingr\u00e9dients a d\u00e9velopp\u00e9 un beurre 82% textur\u00e9 parfaitement adapt\u00e9 \u00e0 la fabrication de feuilletages croustillants, alv\u00e9ol\u00e9s et homog\u00e8nes.\",\"breadcrumb\":{\"@id\":\"https:\/\/www.lactalisingredients.com\/fr\/produits-ingredients-laitiers\/matiere-grasse-laitiere\/beurres-82\/#breadcrumb\"},\"inLanguage\":\"fr-FR\",\"potentialAction\":[{\"@type\":\"ReadAction\",\"target\":[\"https:\/\/www.lactalisingredients.com\/fr\/produits-ingredients-laitiers\/matiere-grasse-laitiere\/beurres-82\/\"]}]},{\"@type\":\"ImageObject\",\"inLanguage\":\"fr-FR\",\"@id\":\"https:\/\/www.lactalisingredients.com\/fr\/produits-ingredients-laitiers\/matiere-grasse-laitiere\/beurres-82\/#primaryimage\",\"url\":\"https:\/\/www.lactalisingredients.com\/wp-content\/uploads\/2024\/12\/bandeau-page-beurre.jpg\",\"contentUrl\":\"https:\/\/www.lactalisingredients.com\/wp-content\/uploads\/2024\/12\/bandeau-page-beurre.jpg\",\"width\":1920,\"height\":520},{\"@type\":\"BreadcrumbList\",\"@id\":\"https:\/\/www.lactalisingredients.com\/fr\/produits-ingredients-laitiers\/matiere-grasse-laitiere\/beurres-82\/#breadcrumb\",\"itemListElement\":[{\"@type\":\"ListItem\",\"position\":1,\"name\":\"Accueil\",\"item\":\"https:\/\/www.lactalisingredients.com\/fr\/\"},{\"@type\":\"ListItem\",\"position\":2,\"name\":\"Nos produits\",\"item\":\"https:\/\/www.lactalisingredients.com\/fr\/produits-ingredients-laitiers\/\"},{\"@type\":\"ListItem\",\"position\":3,\"name\":\"Mati\u00e8re grasse laiti\u00e8re\",\"item\":\"https:\/\/www.lactalisingredients.com\/fr\/produits-ingredients-laitiers\/matiere-grasse-laitiere\/\"},{\"@type\":\"ListItem\",\"position\":4,\"name\":\"Beurre\"}]},{\"@type\":\"WebSite\",\"@id\":\"https:\/\/www.lactalisingredients.com\/fr\/#website\",\"url\":\"https:\/\/www.lactalisingredients.com\/fr\/\",\"name\":\"Lactalis Ingredients\",\"description\":\"\",\"publisher\":{\"@id\":\"https:\/\/www.lactalisingredients.com\/fr\/#organization\"},\"potentialAction\":[{\"@type\":\"SearchAction\",\"target\":{\"@type\":\"EntryPoint\",\"urlTemplate\":\"https:\/\/www.lactalisingredients.com\/fr\/?s={search_term_string}\"},\"query-input\":{\"@type\":\"PropertyValueSpecification\",\"valueRequired\":true,\"valueName\":\"search_term_string\"}}],\"inLanguage\":\"fr-FR\"},{\"@type\":\"Organization\",\"@id\":\"https:\/\/www.lactalisingredients.com\/fr\/#organization\",\"name\":\"Lactalis Ingredients\",\"url\":\"https:\/\/www.lactalisingredients.com\/fr\/\",\"logo\":{\"@type\":\"ImageObject\",\"inLanguage\":\"fr-FR\",\"@id\":\"https:\/\/www.lactalisingredients.com\/fr\/#\/schema\/logo\/image\/\",\"url\":\"https:\/\/www.lactalisingredients.com\/wp-content\/uploads\/2019\/05\/logo-lactalise-history.jpg\",\"contentUrl\":\"https:\/\/www.lactalisingredients.com\/wp-content\/uploads\/2019\/05\/logo-lactalise-history.jpg\",\"width\":242,\"height\":81,\"caption\":\"Lactalis Ingredients\"},\"image\":{\"@id\":\"https:\/\/www.lactalisingredients.com\/fr\/#\/schema\/logo\/image\/\"}}]}<\/script>\n<!-- \/ Yoast SEO plugin. -->","yoast_head_json":{"title":"D\u00e9couvrez notre gamme de beurre - Lactalis Ingredients","description":"Lactalis Ingr\u00e9dients a d\u00e9velopp\u00e9 un beurre 82% textur\u00e9 parfaitement adapt\u00e9 \u00e0 la fabrication de feuilletages croustillants, alv\u00e9ol\u00e9s et homog\u00e8nes.","robots":{"index":"index","follow":"follow","max-snippet":"max-snippet:-1","max-image-preview":"max-image-preview:large","max-video-preview":"max-video-preview:-1"},"canonical":"https:\/\/www.lactalisingredients.com\/fr\/produits-ingredients-laitiers\/matiere-grasse-laitiere\/beurres-82\/","og_locale":"fr_FR","og_type":"article","og_title":"D\u00e9couvrez notre gamme de beurre - Lactalis Ingredients","og_description":"Lactalis Ingr\u00e9dients a d\u00e9velopp\u00e9 un beurre 82% textur\u00e9 parfaitement adapt\u00e9 \u00e0 la fabrication de feuilletages croustillants, alv\u00e9ol\u00e9s et homog\u00e8nes.","og_url":"https:\/\/www.lactalisingredients.com\/fr\/produits-ingredients-laitiers\/matiere-grasse-laitiere\/beurres-82\/","og_site_name":"Lactalis Ingredients","article_modified_time":"2024-12-06T14:05:44+00:00","og_image":[{"width":1920,"height":520,"url":"https:\/\/www.lactalisingredients.com\/wp-content\/uploads\/2024\/12\/bandeau-page-beurre.jpg","type":"image\/jpeg"}],"twitter_misc":{"Est. reading time":"1 minute"},"schema":{"@context":"https:\/\/schema.org","@graph":[{"@type":"WebPage","@id":"https:\/\/www.lactalisingredients.com\/fr\/produits-ingredients-laitiers\/matiere-grasse-laitiere\/beurres-82\/","url":"https:\/\/www.lactalisingredients.com\/fr\/produits-ingredients-laitiers\/matiere-grasse-laitiere\/beurres-82\/","name":"D\u00e9couvrez notre gamme de beurre - Lactalis Ingredients","isPartOf":{"@id":"https:\/\/www.lactalisingredients.com\/fr\/#website"},"primaryImageOfPage":{"@id":"https:\/\/www.lactalisingredients.com\/fr\/produits-ingredients-laitiers\/matiere-grasse-laitiere\/beurres-82\/#primaryimage"},"image":{"@id":"https:\/\/www.lactalisingredients.com\/fr\/produits-ingredients-laitiers\/matiere-grasse-laitiere\/beurres-82\/#primaryimage"},"thumbnailUrl":"https:\/\/www.lactalisingredients.com\/wp-content\/uploads\/2024\/12\/bandeau-page-beurre.jpg","datePublished":"2015-07-22T14:17:58+00:00","dateModified":"2024-12-06T14:05:44+00:00","description":"Lactalis Ingr\u00e9dients a d\u00e9velopp\u00e9 un beurre 82% textur\u00e9 parfaitement adapt\u00e9 \u00e0 la fabrication de feuilletages croustillants, alv\u00e9ol\u00e9s et homog\u00e8nes.","breadcrumb":{"@id":"https:\/\/www.lactalisingredients.com\/fr\/produits-ingredients-laitiers\/matiere-grasse-laitiere\/beurres-82\/#breadcrumb"},"inLanguage":"fr-FR","potentialAction":[{"@type":"ReadAction","target":["https:\/\/www.lactalisingredients.com\/fr\/produits-ingredients-laitiers\/matiere-grasse-laitiere\/beurres-82\/"]}]},{"@type":"ImageObject","inLanguage":"fr-FR","@id":"https:\/\/www.lactalisingredients.com\/fr\/produits-ingredients-laitiers\/matiere-grasse-laitiere\/beurres-82\/#primaryimage","url":"https:\/\/www.lactalisingredients.com\/wp-content\/uploads\/2024\/12\/bandeau-page-beurre.jpg","contentUrl":"https:\/\/www.lactalisingredients.com\/wp-content\/uploads\/2024\/12\/bandeau-page-beurre.jpg","width":1920,"height":520},{"@type":"BreadcrumbList","@id":"https:\/\/www.lactalisingredients.com\/fr\/produits-ingredients-laitiers\/matiere-grasse-laitiere\/beurres-82\/#breadcrumb","itemListElement":[{"@type":"ListItem","position":1,"name":"Accueil","item":"https:\/\/www.lactalisingredients.com\/fr\/"},{"@type":"ListItem","position":2,"name":"Nos produits","item":"https:\/\/www.lactalisingredients.com\/fr\/produits-ingredients-laitiers\/"},{"@type":"ListItem","position":3,"name":"Mati\u00e8re grasse laiti\u00e8re","item":"https:\/\/www.lactalisingredients.com\/fr\/produits-ingredients-laitiers\/matiere-grasse-laitiere\/"},{"@type":"ListItem","position":4,"name":"Beurre"}]},{"@type":"WebSite","@id":"https:\/\/www.lactalisingredients.com\/fr\/#website","url":"https:\/\/www.lactalisingredients.com\/fr\/","name":"Lactalis Ingredients","description":"","publisher":{"@id":"https:\/\/www.lactalisingredients.com\/fr\/#organization"},"potentialAction":[{"@type":"SearchAction","target":{"@type":"EntryPoint","urlTemplate":"https:\/\/www.lactalisingredients.com\/fr\/?s={search_term_string}"},"query-input":{"@type":"PropertyValueSpecification","valueRequired":true,"valueName":"search_term_string"}}],"inLanguage":"fr-FR"},{"@type":"Organization","@id":"https:\/\/www.lactalisingredients.com\/fr\/#organization","name":"Lactalis Ingredients","url":"https:\/\/www.lactalisingredients.com\/fr\/","logo":{"@type":"ImageObject","inLanguage":"fr-FR","@id":"https:\/\/www.lactalisingredients.com\/fr\/#\/schema\/logo\/image\/","url":"https:\/\/www.lactalisingredients.com\/wp-content\/uploads\/2019\/05\/logo-lactalise-history.jpg","contentUrl":"https:\/\/www.lactalisingredients.com\/wp-content\/uploads\/2019\/05\/logo-lactalise-history.jpg","width":242,"height":81,"caption":"Lactalis Ingredients"},"image":{"@id":"https:\/\/www.lactalisingredients.com\/fr\/#\/schema\/logo\/image\/"}}]}},"_links":{"self":[{"href":"https:\/\/www.lactalisingredients.com\/fr\/wp-json\/wp\/v2\/pages\/7240","targetHints":{"allow":["GET"]}}],"collection":[{"href":"https:\/\/www.lactalisingredients.com\/fr\/wp-json\/wp\/v2\/pages"}],"about":[{"href":"https:\/\/www.lactalisingredients.com\/fr\/wp-json\/wp\/v2\/types\/page"}],"author":[{"embeddable":true,"href":"https:\/\/www.lactalisingredients.com\/fr\/wp-json\/wp\/v2\/users\/4"}],"replies":[{"embeddable":true,"href":"https:\/\/www.lactalisingredients.com\/fr\/wp-json\/wp\/v2\/comments?post=7240"}],"version-history":[{"count":7,"href":"https:\/\/www.lactalisingredients.com\/fr\/wp-json\/wp\/v2\/pages\/7240\/revisions"}],"predecessor-version":[{"id":18700,"href":"https:\/\/www.lactalisingredients.com\/fr\/wp-json\/wp\/v2\/pages\/7240\/revisions\/18700"}],"up":[{"embeddable":true,"href":"https:\/\/www.lactalisingredients.com\/fr\/wp-json\/wp\/v2\/pages\/7097"}],"wp:featuredmedia":[{"embeddable":true,"href":"https:\/\/www.lactalisingredients.com\/fr\/wp-json\/wp\/v2\/media\/18698"}],"wp:attachment":[{"href":"https:\/\/www.lactalisingredients.com\/fr\/wp-json\/wp\/v2\/media?parent=7240"}],"curies":[{"name":"wp","href":"https:\/\/api.w.org\/{rel}","templated":true}]}}