{"id":7265,"date":"2015-07-22T15:19:55","date_gmt":"2015-07-22T14:19:55","guid":{"rendered":"https:\/\/www.lactalisingredients.com\/produits-ingredients-laitiers\/fromages\/cheddar\/"},"modified":"2021-12-23T17:12:39","modified_gmt":"2021-12-23T16:12:39","slug":"cheddar","status":"publish","type":"page","link":"https:\/\/www.lactalisingredients.com\/fr\/produits-ingredients-laitiers\/fromages\/cheddar\/","title":{"rendered":"Cheddar"},"content":{"rendered":"<p>LACTALIS Ingredients b\u00e9n\u00e9ficie de l&#8217;exp\u00e9rience du Groupe LACTALIS, premier producteur mondial de fromages, et propose une large gamme de fromages pour l&#8217;industrie alimentaire. Nous offrons une gamme de cheddars aux caract\u00e9ristiques vari\u00e9es. Notre cheddar est reconnu pour sa texture homog\u00e8ne et r\u00e9guli\u00e8re, ce qui donne une aspect lisse au fromage.<\/p>\n<p>Le cheddar peut \u00e9galement apporter une grande diversit\u00e9 de saveurs en fonction de sa maturit\u00e9. Le cheddar est un fromage \u00e0 p\u00e2te dure tr\u00e8s populaire et reconnu pour son go\u00fbt \u00e9quilibr\u00e9. Son succ\u00e8s ne tient pas seulement \u00e0 son go\u00fbt, mais aussi \u00e0 sa polyvalence dans son utilisation industrielle. Tr\u00e8s facile \u00e0 utiliser dans l&#8217;industrie, il peut \u00eatre r\u00e2p\u00e9 ou fondu dans les plats cuisin\u00e9s. Il convient \u00e9galement au fromage fondu ou \u00e0 toute autre application n\u00e9cessitant un l\u00e9ger go\u00fbt de fromage.<\/p>\n","protected":false},"excerpt":{"rendered":"<p>LACTALIS Ingredients b\u00e9n\u00e9ficie de l&#8217;exp\u00e9rience du Groupe LACTALIS, premier producteur [&hellip;]<\/p>\n","protected":false},"author":4,"featured_media":12642,"parent":7101,"menu_order":3,"comment_status":"closed","ping_status":"closed","template":"page-ss-ss-product.php","meta":{"_acf_changed":false,"footnotes":""},"class_list":["post-7265","page","type-page","status-publish","has-post-thumbnail","hentry"],"acf":[],"yoast_head":"<!-- This site is optimized with the Yoast SEO plugin v25.2 - https:\/\/yoast.com\/wordpress\/plugins\/seo\/ -->\n<title>D\u00e9couvrez notre gamme de cheddar - Lactalis Ingredients<\/title>\n<meta name=\"description\" content=\"Lactalis Ingredients propose une gamme de cheddar de haute qualit\u00e9: cheddar caill\u00e9, cheddar mature; cheddar blanc, cheddar color\u00e9, cheddar doux.\" \/>\n<meta name=\"robots\" content=\"index, follow, max-snippet:-1, max-image-preview:large, max-video-preview:-1\" \/>\n<link rel=\"canonical\" href=\"https:\/\/www.lactalisingredients.com\/fr\/produits-ingredients-laitiers\/fromages\/cheddar\/\" \/>\n<meta property=\"og:locale\" content=\"fr_FR\" \/>\n<meta property=\"og:type\" content=\"article\" \/>\n<meta property=\"og:title\" content=\"D\u00e9couvrez notre gamme de cheddar - Lactalis Ingredients\" \/>\n<meta property=\"og:description\" content=\"Lactalis Ingredients propose une gamme de cheddar de haute qualit\u00e9: cheddar caill\u00e9, cheddar mature; cheddar blanc, cheddar color\u00e9, cheddar doux.\" \/>\n<meta property=\"og:url\" content=\"https:\/\/www.lactalisingredients.com\/fr\/produits-ingredients-laitiers\/fromages\/cheddar\/\" \/>\n<meta property=\"og:site_name\" content=\"Lactalis Ingredients\" \/>\n<meta property=\"article:modified_time\" content=\"2021-12-23T16:12:39+00:00\" \/>\n<meta property=\"og:image\" content=\"https:\/\/www.lactalisingredients.com\/wp-content\/uploads\/2021\/12\/bandeau-cheddar.png\" \/>\n\t<meta property=\"og:image:width\" content=\"1680\" \/>\n\t<meta property=\"og:image:height\" content=\"520\" \/>\n\t<meta property=\"og:image:type\" content=\"image\/png\" \/>\n<meta name=\"twitter:label1\" content=\"Est. reading time\" \/>\n\t<meta name=\"twitter:data1\" content=\"1 minute\" \/>\n<script type=\"application\/ld+json\" class=\"yoast-schema-graph\">{\"@context\":\"https:\/\/schema.org\",\"@graph\":[{\"@type\":\"WebPage\",\"@id\":\"https:\/\/www.lactalisingredients.com\/fr\/produits-ingredients-laitiers\/fromages\/cheddar\/\",\"url\":\"https:\/\/www.lactalisingredients.com\/fr\/produits-ingredients-laitiers\/fromages\/cheddar\/\",\"name\":\"D\u00e9couvrez notre gamme de cheddar - Lactalis Ingredients\",\"isPartOf\":{\"@id\":\"https:\/\/www.lactalisingredients.com\/fr\/#website\"},\"primaryImageOfPage\":{\"@id\":\"https:\/\/www.lactalisingredients.com\/fr\/produits-ingredients-laitiers\/fromages\/cheddar\/#primaryimage\"},\"image\":{\"@id\":\"https:\/\/www.lactalisingredients.com\/fr\/produits-ingredients-laitiers\/fromages\/cheddar\/#primaryimage\"},\"thumbnailUrl\":\"https:\/\/www.lactalisingredients.com\/wp-content\/uploads\/2021\/12\/bandeau-cheddar.png\",\"datePublished\":\"2015-07-22T14:19:55+00:00\",\"dateModified\":\"2021-12-23T16:12:39+00:00\",\"description\":\"Lactalis Ingredients propose une gamme de cheddar de haute qualit\u00e9: cheddar caill\u00e9, cheddar mature; cheddar blanc, cheddar color\u00e9, cheddar doux.\",\"breadcrumb\":{\"@id\":\"https:\/\/www.lactalisingredients.com\/fr\/produits-ingredients-laitiers\/fromages\/cheddar\/#breadcrumb\"},\"inLanguage\":\"fr-FR\",\"potentialAction\":[{\"@type\":\"ReadAction\",\"target\":[\"https:\/\/www.lactalisingredients.com\/fr\/produits-ingredients-laitiers\/fromages\/cheddar\/\"]}]},{\"@type\":\"ImageObject\",\"inLanguage\":\"fr-FR\",\"@id\":\"https:\/\/www.lactalisingredients.com\/fr\/produits-ingredients-laitiers\/fromages\/cheddar\/#primaryimage\",\"url\":\"https:\/\/www.lactalisingredients.com\/wp-content\/uploads\/2021\/12\/bandeau-cheddar.png\",\"contentUrl\":\"https:\/\/www.lactalisingredients.com\/wp-content\/uploads\/2021\/12\/bandeau-cheddar.png\",\"width\":1680,\"height\":520},{\"@type\":\"BreadcrumbList\",\"@id\":\"https:\/\/www.lactalisingredients.com\/fr\/produits-ingredients-laitiers\/fromages\/cheddar\/#breadcrumb\",\"itemListElement\":[{\"@type\":\"ListItem\",\"position\":1,\"name\":\"Accueil\",\"item\":\"https:\/\/www.lactalisingredients.com\/fr\/\"},{\"@type\":\"ListItem\",\"position\":2,\"name\":\"Nos produits\",\"item\":\"https:\/\/www.lactalisingredients.com\/fr\/produits-ingredients-laitiers\/\"},{\"@type\":\"ListItem\",\"position\":3,\"name\":\"Fromages\",\"item\":\"https:\/\/www.lactalisingredients.com\/fr\/produits-ingredients-laitiers\/fromages\/\"},{\"@type\":\"ListItem\",\"position\":4,\"name\":\"Cheddar\"}]},{\"@type\":\"WebSite\",\"@id\":\"https:\/\/www.lactalisingredients.com\/fr\/#website\",\"url\":\"https:\/\/www.lactalisingredients.com\/fr\/\",\"name\":\"Lactalis Ingredients\",\"description\":\"\",\"publisher\":{\"@id\":\"https:\/\/www.lactalisingredients.com\/fr\/#organization\"},\"potentialAction\":[{\"@type\":\"SearchAction\",\"target\":{\"@type\":\"EntryPoint\",\"urlTemplate\":\"https:\/\/www.lactalisingredients.com\/fr\/?s={search_term_string}\"},\"query-input\":{\"@type\":\"PropertyValueSpecification\",\"valueRequired\":true,\"valueName\":\"search_term_string\"}}],\"inLanguage\":\"fr-FR\"},{\"@type\":\"Organization\",\"@id\":\"https:\/\/www.lactalisingredients.com\/fr\/#organization\",\"name\":\"Lactalis Ingredients\",\"url\":\"https:\/\/www.lactalisingredients.com\/fr\/\",\"logo\":{\"@type\":\"ImageObject\",\"inLanguage\":\"fr-FR\",\"@id\":\"https:\/\/www.lactalisingredients.com\/fr\/#\/schema\/logo\/image\/\",\"url\":\"https:\/\/www.lactalisingredients.com\/wp-content\/uploads\/2019\/05\/logo-lactalise-history.jpg\",\"contentUrl\":\"https:\/\/www.lactalisingredients.com\/wp-content\/uploads\/2019\/05\/logo-lactalise-history.jpg\",\"width\":242,\"height\":81,\"caption\":\"Lactalis Ingredients\"},\"image\":{\"@id\":\"https:\/\/www.lactalisingredients.com\/fr\/#\/schema\/logo\/image\/\"}}]}<\/script>\n<!-- \/ Yoast SEO plugin. -->","yoast_head_json":{"title":"D\u00e9couvrez notre gamme de cheddar - Lactalis Ingredients","description":"Lactalis Ingredients propose une gamme de cheddar de haute qualit\u00e9: cheddar caill\u00e9, cheddar mature; cheddar blanc, cheddar color\u00e9, cheddar doux.","robots":{"index":"index","follow":"follow","max-snippet":"max-snippet:-1","max-image-preview":"max-image-preview:large","max-video-preview":"max-video-preview:-1"},"canonical":"https:\/\/www.lactalisingredients.com\/fr\/produits-ingredients-laitiers\/fromages\/cheddar\/","og_locale":"fr_FR","og_type":"article","og_title":"D\u00e9couvrez notre gamme de cheddar - Lactalis Ingredients","og_description":"Lactalis Ingredients propose une gamme de cheddar de haute qualit\u00e9: cheddar caill\u00e9, cheddar mature; cheddar blanc, cheddar color\u00e9, cheddar doux.","og_url":"https:\/\/www.lactalisingredients.com\/fr\/produits-ingredients-laitiers\/fromages\/cheddar\/","og_site_name":"Lactalis Ingredients","article_modified_time":"2021-12-23T16:12:39+00:00","og_image":[{"width":1680,"height":520,"url":"https:\/\/www.lactalisingredients.com\/wp-content\/uploads\/2021\/12\/bandeau-cheddar.png","type":"image\/png"}],"twitter_misc":{"Est. reading time":"1 minute"},"schema":{"@context":"https:\/\/schema.org","@graph":[{"@type":"WebPage","@id":"https:\/\/www.lactalisingredients.com\/fr\/produits-ingredients-laitiers\/fromages\/cheddar\/","url":"https:\/\/www.lactalisingredients.com\/fr\/produits-ingredients-laitiers\/fromages\/cheddar\/","name":"D\u00e9couvrez notre gamme de cheddar - Lactalis Ingredients","isPartOf":{"@id":"https:\/\/www.lactalisingredients.com\/fr\/#website"},"primaryImageOfPage":{"@id":"https:\/\/www.lactalisingredients.com\/fr\/produits-ingredients-laitiers\/fromages\/cheddar\/#primaryimage"},"image":{"@id":"https:\/\/www.lactalisingredients.com\/fr\/produits-ingredients-laitiers\/fromages\/cheddar\/#primaryimage"},"thumbnailUrl":"https:\/\/www.lactalisingredients.com\/wp-content\/uploads\/2021\/12\/bandeau-cheddar.png","datePublished":"2015-07-22T14:19:55+00:00","dateModified":"2021-12-23T16:12:39+00:00","description":"Lactalis Ingredients propose une gamme de cheddar de haute qualit\u00e9: cheddar caill\u00e9, cheddar mature; cheddar blanc, cheddar color\u00e9, cheddar doux.","breadcrumb":{"@id":"https:\/\/www.lactalisingredients.com\/fr\/produits-ingredients-laitiers\/fromages\/cheddar\/#breadcrumb"},"inLanguage":"fr-FR","potentialAction":[{"@type":"ReadAction","target":["https:\/\/www.lactalisingredients.com\/fr\/produits-ingredients-laitiers\/fromages\/cheddar\/"]}]},{"@type":"ImageObject","inLanguage":"fr-FR","@id":"https:\/\/www.lactalisingredients.com\/fr\/produits-ingredients-laitiers\/fromages\/cheddar\/#primaryimage","url":"https:\/\/www.lactalisingredients.com\/wp-content\/uploads\/2021\/12\/bandeau-cheddar.png","contentUrl":"https:\/\/www.lactalisingredients.com\/wp-content\/uploads\/2021\/12\/bandeau-cheddar.png","width":1680,"height":520},{"@type":"BreadcrumbList","@id":"https:\/\/www.lactalisingredients.com\/fr\/produits-ingredients-laitiers\/fromages\/cheddar\/#breadcrumb","itemListElement":[{"@type":"ListItem","position":1,"name":"Accueil","item":"https:\/\/www.lactalisingredients.com\/fr\/"},{"@type":"ListItem","position":2,"name":"Nos produits","item":"https:\/\/www.lactalisingredients.com\/fr\/produits-ingredients-laitiers\/"},{"@type":"ListItem","position":3,"name":"Fromages","item":"https:\/\/www.lactalisingredients.com\/fr\/produits-ingredients-laitiers\/fromages\/"},{"@type":"ListItem","position":4,"name":"Cheddar"}]},{"@type":"WebSite","@id":"https:\/\/www.lactalisingredients.com\/fr\/#website","url":"https:\/\/www.lactalisingredients.com\/fr\/","name":"Lactalis Ingredients","description":"","publisher":{"@id":"https:\/\/www.lactalisingredients.com\/fr\/#organization"},"potentialAction":[{"@type":"SearchAction","target":{"@type":"EntryPoint","urlTemplate":"https:\/\/www.lactalisingredients.com\/fr\/?s={search_term_string}"},"query-input":{"@type":"PropertyValueSpecification","valueRequired":true,"valueName":"search_term_string"}}],"inLanguage":"fr-FR"},{"@type":"Organization","@id":"https:\/\/www.lactalisingredients.com\/fr\/#organization","name":"Lactalis Ingredients","url":"https:\/\/www.lactalisingredients.com\/fr\/","logo":{"@type":"ImageObject","inLanguage":"fr-FR","@id":"https:\/\/www.lactalisingredients.com\/fr\/#\/schema\/logo\/image\/","url":"https:\/\/www.lactalisingredients.com\/wp-content\/uploads\/2019\/05\/logo-lactalise-history.jpg","contentUrl":"https:\/\/www.lactalisingredients.com\/wp-content\/uploads\/2019\/05\/logo-lactalise-history.jpg","width":242,"height":81,"caption":"Lactalis Ingredients"},"image":{"@id":"https:\/\/www.lactalisingredients.com\/fr\/#\/schema\/logo\/image\/"}}]}},"_links":{"self":[{"href":"https:\/\/www.lactalisingredients.com\/fr\/wp-json\/wp\/v2\/pages\/7265","targetHints":{"allow":["GET"]}}],"collection":[{"href":"https:\/\/www.lactalisingredients.com\/fr\/wp-json\/wp\/v2\/pages"}],"about":[{"href":"https:\/\/www.lactalisingredients.com\/fr\/wp-json\/wp\/v2\/types\/page"}],"author":[{"embeddable":true,"href":"https:\/\/www.lactalisingredients.com\/fr\/wp-json\/wp\/v2\/users\/4"}],"replies":[{"embeddable":true,"href":"https:\/\/www.lactalisingredients.com\/fr\/wp-json\/wp\/v2\/comments?post=7265"}],"version-history":[{"count":5,"href":"https:\/\/www.lactalisingredients.com\/fr\/wp-json\/wp\/v2\/pages\/7265\/revisions"}],"predecessor-version":[{"id":12435,"href":"https:\/\/www.lactalisingredients.com\/fr\/wp-json\/wp\/v2\/pages\/7265\/revisions\/12435"}],"up":[{"embeddable":true,"href":"https:\/\/www.lactalisingredients.com\/fr\/wp-json\/wp\/v2\/pages\/7101"}],"wp:featuredmedia":[{"embeddable":true,"href":"https:\/\/www.lactalisingredients.com\/fr\/wp-json\/wp\/v2\/media\/12642"}],"wp:attachment":[{"href":"https:\/\/www.lactalisingredients.com\/fr\/wp-json\/wp\/v2\/media?parent=7265"}],"curies":[{"name":"wp","href":"https:\/\/api.w.org\/{rel}","templated":true}]}}